{"id":814,"date":"2017-06-05T22:35:21","date_gmt":"2017-06-05T20:35:21","guid":{"rendered":"http:\/\/www.wolpertingersfc.de\/?page_id=814"},"modified":"2017-10-25T16:16:10","modified_gmt":"2017-10-25T14:16:10","slug":"kajak-links","status":"publish","type":"page","link":"http:\/\/www.wolpertingersfc.de\/?page_id=814","title":{"rendered":"Kajak &#8211; Links"},"content":{"rendered":"<table width=\"100%\">\n<tbody>\n<tr>\n<td><img data-recalc-dims=\"1\" loading=\"lazy\" decoding=\"async\" data-attachment-id=\"1201\" data-permalink=\"http:\/\/www.wolpertingersfc.de\/?attachment_id=1201\" data-orig-file=\"https:\/\/i0.wp.com\/www.wolpertingersfc.de\/wp-content\/uploads\/2017\/07\/Thur43-e1499346183642.jpg?fit=1200%2C213\" data-orig-size=\"1200,213\" data-comments-opened=\"1\" data-image-meta=\"{&quot;aperture&quot;:&quot;3.9&quot;,&quot;credit&quot;:&quot;&quot;,&quot;camera&quot;:&quot;COOLPIX AW110&quot;,&quot;caption&quot;:&quot;&quot;,&quot;created_timestamp&quot;:&quot;1498324324&quot;,&quot;copyright&quot;:&quot;&quot;,&quot;focal_length&quot;:&quot;5&quot;,&quot;iso&quot;:&quot;125&quot;,&quot;shutter_speed&quot;:&quot;0.00125&quot;,&quot;title&quot;:&quot;&quot;,&quot;orientation&quot;:&quot;1&quot;}\" data-image-title=\"Thur43\" data-image-description=\"\" data-image-caption=\"\" data-medium-file=\"https:\/\/i0.wp.com\/www.wolpertingersfc.de\/wp-content\/uploads\/2017\/07\/Thur43-e1499346183642.jpg?fit=300%2C53\" data-large-file=\"https:\/\/i0.wp.com\/www.wolpertingersfc.de\/wp-content\/uploads\/2017\/07\/Thur43-e1499346183642.jpg?fit=863%2C153\" class=\"alignnone wp-image-1201\" src=\"https:\/\/i0.wp.com\/www.wolpertingersfc.de\/wp-content\/uploads\/2017\/07\/Thur43-e1499346183642-480x85.jpg?resize=863%2C154\" alt=\"\" width=\"863\" height=\"154\" srcset=\"https:\/\/i0.wp.com\/www.wolpertingersfc.de\/wp-content\/uploads\/2017\/07\/Thur43-e1499346183642.jpg?resize=480%2C85 480w, https:\/\/i0.wp.com\/www.wolpertingersfc.de\/wp-content\/uploads\/2017\/07\/Thur43-e1499346183642.jpg?resize=300%2C53 300w, https:\/\/i0.wp.com\/www.wolpertingersfc.de\/wp-content\/uploads\/2017\/07\/Thur43-e1499346183642.jpg?resize=768%2C136 768w, https:\/\/i0.wp.com\/www.wolpertingersfc.de\/wp-content\/uploads\/2017\/07\/Thur43-e1499346183642.jpg?resize=1024%2C182 1024w, https:\/\/i0.wp.com\/www.wolpertingersfc.de\/wp-content\/uploads\/2017\/07\/Thur43-e1499346183642.jpg?resize=863%2C153 863w, https:\/\/i0.wp.com\/www.wolpertingersfc.de\/wp-content\/uploads\/2017\/07\/Thur43-e1499346183642.jpg?w=1200 1200w\" sizes=\"auto, (max-width: 863px) 100vw, 863px\" \/><\/td>\n<\/tr>\n<\/tbody>\n<\/table>\n<p><a href=\"http:\/\/www.wolpertingersfc.de\/?page_id=812\">Aktivit\u00e4ten<\/a>\u00a0\u00a0\u00a0 <a href=\"http:\/\/www.wolpertingersfc.de\/?page_id=818\">Galerie<\/a>\u00a0\u00a0\u00a0\u00a0 <a href=\"http:\/\/www.wolpertingersfc.de\/?page_id=814\">Links<\/a><\/p>\n<p><img data-recalc-dims=\"1\" loading=\"lazy\" decoding=\"async\" data-attachment-id=\"635\" data-permalink=\"http:\/\/www.wolpertingersfc.de\/?attachment_id=635\" data-orig-file=\"https:\/\/i0.wp.com\/www.wolpertingersfc.de\/wp-content\/uploads\/2017\/04\/Kajak_Wolpertinger-e1495797524951.jpg?fit=100%2C72\" data-orig-size=\"100,72\" data-comments-opened=\"1\" data-image-meta=\"{&quot;aperture&quot;:&quot;0&quot;,&quot;credit&quot;:&quot;&quot;,&quot;camera&quot;:&quot;&quot;,&quot;caption&quot;:&quot;&quot;,&quot;created_timestamp&quot;:&quot;0&quot;,&quot;copyright&quot;:&quot;&quot;,&quot;focal_length&quot;:&quot;0&quot;,&quot;iso&quot;:&quot;0&quot;,&quot;shutter_speed&quot;:&quot;0&quot;,&quot;title&quot;:&quot;&quot;,&quot;orientation&quot;:&quot;1&quot;}\" data-image-title=\"Kajak_Wolpertinger\" data-image-description=\"\" data-image-caption=\"\" data-medium-file=\"https:\/\/i0.wp.com\/www.wolpertingersfc.de\/wp-content\/uploads\/2017\/04\/Kajak_Wolpertinger-e1495797524951.jpg?fit=300%2C215\" data-large-file=\"https:\/\/i0.wp.com\/www.wolpertingersfc.de\/wp-content\/uploads\/2017\/04\/Kajak_Wolpertinger-e1495797524951.jpg?fit=100%2C72\" class=\"alignnone size-colinear-logo wp-image-635\" src=\"https:\/\/i0.wp.com\/www.wolpertingersfc.de\/wp-content\/uploads\/2017\/04\/Kajak_Wolpertinger.jpg?resize=151%2C108\" alt=\"\" width=\"151\" height=\"108\" \/><\/p>\n<p><strong>Wasserpegel:<\/strong><br \/>\n<a href=\"http:\/\/www.wetteronline.de\/pegel\/pegelkarte.htm\">Deutschland<\/a><br \/>\n<a href=\"http:\/\/www.hvz.baden-wuerttemberg.de\/\">Baden-W\u00fcrttemberg<\/a><br \/>\n<a href=\"http:\/\/www.hnd.bayern.de\/\">Bayern<\/a><br \/>\n<a href=\"http:\/\/www.vorarlberg.at\/onlinedaten_hydrographie\">Vorarlberg (\u00d6sterreich)<\/a><br \/>\n<a href=\"https:\/\/www.hydrodaten.admin.ch\/\">Schweiz<\/a><\/p>\n<hr width=\"100%\" \/>\n<p><a href=\"http:\/\/forum.kanu.de\"> DKV-Kanu Forum<\/a><br \/>\n<a href=\"http:\/\/www.open-canoe-journal.de\">Canadierseite.<\/a><br \/>\n<a href=\"http:\/\/www.kanutriathlon.info\">Kanutriathlon<\/a><br \/>\n<a href=\"http:\/\/www.paddelclub-ueberlingen.de\">Paddel-Club-\u00dcberlingen e.V.<\/a><br \/>\n<a href=\"http:\/\/www.kanu.de\">Kanuverband Deutschland<\/a><br \/>\n<a href=\"http:\/\/www.kanu-wuerttemberg.de\">Kanuverband W\u00fcrttemberg<\/a><br \/>\n<a href=\"http:\/\/www.lrvbw.de\">Landesruderverband Baden-W\u00fcrttemberg<br \/>\n<\/a><a href=\"http:\/\/www.ausdauersportler.de\">Kanubiken<br \/>\n<\/a><a href=\"http:\/\/www.kanuauktion.com\">kanuauktion.com<\/a> ist eine kanuspezifische Internetauktion. Plattform f\u00fcr den Kauf und Verkauf von Kanuartikeln.<br \/>\n<a href=\"http:\/\/www.go-boating.de\">go-boating.de<\/a> &#8211; Initiative der Wassersport-Industrie<\/p>\n","protected":false},"excerpt":{"rendered":"<p>Aktivit\u00e4ten\u00a0\u00a0\u00a0 Galerie\u00a0\u00a0\u00a0\u00a0 Links Wasserpegel: Deutschland Baden-W\u00fcrttemberg Bayern Vorarlberg (\u00d6sterreich) Schweiz DKV-Kanu Forum Canadierseite. Kanutriathlon Paddel-Club-\u00dcberlingen e.V. Kanuverband Deutschland Kanuverband W\u00fcrttemberg Landesruderverband Baden-W\u00fcrttemberg Kanubiken kanuauktion.com ist eine kanuspezifische Internetauktion. Plattform f\u00fcr den Kauf und Verkauf von Kanuartikeln. go-boating.de &#8211; Initiative der Wassersport-Industrie<\/p>\n","protected":false},"author":1,"featured_media":0,"parent":77,"menu_order":0,"comment_status":"closed","ping_status":"closed","template":"","meta":{"jetpack_post_was_ever_published":false,"_mc_calendar":[],"footnotes":""},"class_list":["post-814","page","type-page","status-publish","hentry"],"jetpack_sharing_enabled":true,"jetpack_shortlink":"https:\/\/wp.me\/P8FTYK-d8","jetpack-related-posts":[{"id":1110,"url":"http:\/\/www.wolpertingersfc.de\/?page_id=1110","url_meta":{"origin":814,"position":0},"title":"Zirkus &#8211; Links","author":"Wolpertingersfc","date":"3. Juli 2017","format":false,"excerpt":"Aktivit\u00e4ten\u00a0\u00a0\u00a0 Team\u00a0\u00a0\u00a0 Galerie \u00a0\u00a0 Links Landesarbeitsgemeinschaft Zirkusk\u00fcnste Baden-W\u00fcrttemberg e.V. (LAG)","rel":"","context":"\u00c4hnlicher Beitrag","block_context":{"text":"\u00c4hnlicher Beitrag","link":""},"img":{"alt_text":"","src":"https:\/\/i0.wp.com\/www.wolpertingersfc.de\/wp-content\/uploads\/2017\/04\/Zirkus15-e1499106642859-480x83.jpg?resize=350%2C200","width":350,"height":200,"srcset":"https:\/\/i0.wp.com\/www.wolpertingersfc.de\/wp-content\/uploads\/2017\/04\/Zirkus15-e1499106642859-480x83.jpg?resize=350%2C200 1x, https:\/\/i0.wp.com\/www.wolpertingersfc.de\/wp-content\/uploads\/2017\/04\/Zirkus15-e1499106642859-480x83.jpg?resize=525%2C300 1.5x, https:\/\/i0.wp.com\/www.wolpertingersfc.de\/wp-content\/uploads\/2017\/04\/Zirkus15-e1499106642859-480x83.jpg?resize=700%2C400 2x, https:\/\/i0.wp.com\/www.wolpertingersfc.de\/wp-content\/uploads\/2017\/04\/Zirkus15-e1499106642859-480x83.jpg?resize=1050%2C600 3x"},"classes":[]},{"id":818,"url":"http:\/\/www.wolpertingersfc.de\/?page_id=818","url_meta":{"origin":814,"position":1},"title":"Kajak &#8211; Galerie","author":"Wolpertingersfc","date":"5. Juni 2017","format":false,"excerpt":"\u00a0 Aktivit\u00e4ten\u00a0\u00a0\u00a0 Galerie\u00a0\u00a0\u00a0\u00a0 Links Bodensee 2012 Auf der Thur \/ CH 2017 \u00a0\u00a0Paddelwochenende Bodensee\/Rhein 2018","rel":"","context":"\u00c4hnlicher Beitrag","block_context":{"text":"\u00c4hnlicher Beitrag","link":""},"img":{"alt_text":"","src":"https:\/\/i0.wp.com\/www.wolpertingersfc.de\/wp-content\/uploads\/2017\/07\/Thur43-e1499346183642-480x85.jpg?resize=350%2C200","width":350,"height":200,"srcset":"https:\/\/i0.wp.com\/www.wolpertingersfc.de\/wp-content\/uploads\/2017\/07\/Thur43-e1499346183642-480x85.jpg?resize=350%2C200 1x, https:\/\/i0.wp.com\/www.wolpertingersfc.de\/wp-content\/uploads\/2017\/07\/Thur43-e1499346183642-480x85.jpg?resize=525%2C300 1.5x, https:\/\/i0.wp.com\/www.wolpertingersfc.de\/wp-content\/uploads\/2017\/07\/Thur43-e1499346183642-480x85.jpg?resize=700%2C400 2x, https:\/\/i0.wp.com\/www.wolpertingersfc.de\/wp-content\/uploads\/2017\/07\/Thur43-e1499346183642-480x85.jpg?resize=1050%2C600 3x"},"classes":[]},{"id":812,"url":"http:\/\/www.wolpertingersfc.de\/?page_id=812","url_meta":{"origin":814,"position":2},"title":"Kajak &#8211; Aktivit\u00e4ten","author":"Wolpertingersfc","date":"5. Juni 2017","format":false,"excerpt":"Aktivit\u00e4ten\u00a0\u00a0\u00a0 Galerie\u00a0\u00a0\u00a0\u00a0 Links Einmal j\u00e4hrlich findet eine Ausfahrt an den Bodensee statt. Flusswandern oder das Befahren des Sees finden dabei immer gro\u00dfen Anklang. Spontane Ausfahrten auf ruhigen Fl\u00fcssen oder im Wildwasser sind mit vereinseigenen Booten m\u00f6glich.","rel":"","context":"\u00c4hnlicher Beitrag","block_context":{"text":"\u00c4hnlicher Beitrag","link":""},"img":{"alt_text":"","src":"https:\/\/i0.wp.com\/www.wolpertingersfc.de\/wp-content\/uploads\/2017\/07\/Thur43-e1499346183642-480x85.jpg?resize=350%2C200","width":350,"height":200,"srcset":"https:\/\/i0.wp.com\/www.wolpertingersfc.de\/wp-content\/uploads\/2017\/07\/Thur43-e1499346183642-480x85.jpg?resize=350%2C200 1x, https:\/\/i0.wp.com\/www.wolpertingersfc.de\/wp-content\/uploads\/2017\/07\/Thur43-e1499346183642-480x85.jpg?resize=525%2C300 1.5x, https:\/\/i0.wp.com\/www.wolpertingersfc.de\/wp-content\/uploads\/2017\/07\/Thur43-e1499346183642-480x85.jpg?resize=700%2C400 2x, https:\/\/i0.wp.com\/www.wolpertingersfc.de\/wp-content\/uploads\/2017\/07\/Thur43-e1499346183642-480x85.jpg?resize=1050%2C600 3x"},"classes":[]},{"id":77,"url":"http:\/\/www.wolpertingersfc.de\/?page_id=77","url_meta":{"origin":814,"position":3},"title":"Kajak","author":"Wolpertingersfc","date":"22. April 2017","format":false,"excerpt":"Aktivit\u00e4ten\u00a0\u00a0\u00a0 Galerie \u00a0\u00a0 Links Ansprechpartner: Gerold Bross Abteilungsleiter Trainer C Kanu-Freizeitsport E-Mail: gerold.bross(at)wolpertingersfc.de \u00a0 Unsere Kajakabteilung bietet vielf\u00e4ltige Naturerlebnisse beim Flusswandern, bei Wildwasserausfahrten oder auf dem Bodensee.","rel":"","context":"\u00c4hnlicher Beitrag","block_context":{"text":"\u00c4hnlicher Beitrag","link":""},"img":{"alt_text":"","src":"https:\/\/i0.wp.com\/www.wolpertingersfc.de\/wp-content\/uploads\/2017\/07\/Thur43-e1499346183642-480x85.jpg?resize=350%2C200","width":350,"height":200,"srcset":"https:\/\/i0.wp.com\/www.wolpertingersfc.de\/wp-content\/uploads\/2017\/07\/Thur43-e1499346183642-480x85.jpg?resize=350%2C200 1x, https:\/\/i0.wp.com\/www.wolpertingersfc.de\/wp-content\/uploads\/2017\/07\/Thur43-e1499346183642-480x85.jpg?resize=525%2C300 1.5x, https:\/\/i0.wp.com\/www.wolpertingersfc.de\/wp-content\/uploads\/2017\/07\/Thur43-e1499346183642-480x85.jpg?resize=700%2C400 2x, https:\/\/i0.wp.com\/www.wolpertingersfc.de\/wp-content\/uploads\/2017\/07\/Thur43-e1499346183642-480x85.jpg?resize=1050%2C600 3x"},"classes":[]},{"id":180,"url":"http:\/\/www.wolpertingersfc.de\/?page_id=180","url_meta":{"origin":814,"position":4},"title":"Tauchen &#8211; Links","author":"Wolpertingersfc","date":"24. April 2017","format":false,"excerpt":"Aktivit\u00e4ten\u00a0\u00a0\u00a0\u00a0 Team \u00a0\u00a0\u00a0\u00a0 Galerie\u00a0\u00a0\u00a0\u00a0 Links Delphinschutz-Projekt Kroatien Signalspiegel f\u00fcr \u00c4gypten Neue Arten in Tauchgew\u00e4ssern UnterWasserWelt - UW-Zeitschrift Universal Dive Data Format (UDDF) Reef Check Europe www.riffe.de Aida-deutschland e.V. - Deutscher Fachverband f\u00fcr Apnoe-Sport tauchsport wiki - Wissensdatenbank \u00fcber den Tauchsport tauchsport.net - Tauchsport XL UW-Zeitschrift tauch-sport.net - das tauchsportportal. GT\u00dcM\u2026","rel":"","context":"\u00c4hnlicher Beitrag","block_context":{"text":"\u00c4hnlicher Beitrag","link":""},"img":{"alt_text":"","src":"https:\/\/i0.wp.com\/www.wolpertingersfc.de\/wp-content\/uploads\/2017\/08\/Aktivit%C3%A4t-DSC03574-e1501784895593.jpg?resize=350%2C200","width":350,"height":200},"classes":[]},{"id":1325,"url":"http:\/\/www.wolpertingersfc.de\/?page_id=1325","url_meta":{"origin":814,"position":5},"title":"Allgemeinsport &#8211; Galerie","author":"Wolpertingersfc","date":"9. Juli 2017","format":false,"excerpt":"\u00a0 Aktivit\u00e4ten\u00a0\u00a0\u00a0 Team\u00a0\u00a0\u00a0 Galerie\u00a0\u00a0\u00a0 Links","rel":"","context":"\u00c4hnlicher Beitrag","block_context":{"text":"\u00c4hnlicher Beitrag","link":""},"img":{"alt_text":"","src":"https:\/\/i0.wp.com\/www.wolpertingersfc.de\/wp-content\/uploads\/2017\/07\/DSC006000004.jpg?resize=350%2C200","width":350,"height":200,"srcset":"https:\/\/i0.wp.com\/www.wolpertingersfc.de\/wp-content\/uploads\/2017\/07\/DSC006000004.jpg?resize=350%2C200 1x, https:\/\/i0.wp.com\/www.wolpertingersfc.de\/wp-content\/uploads\/2017\/07\/DSC006000004.jpg?resize=525%2C300 1.5x, https:\/\/i0.wp.com\/www.wolpertingersfc.de\/wp-content\/uploads\/2017\/07\/DSC006000004.jpg?resize=700%2C400 2x"},"classes":[]}],"_links":{"self":[{"href":"http:\/\/www.wolpertingersfc.de\/index.php?rest_route=\/wp\/v2\/pages\/814","targetHints":{"allow":["GET"]}}],"collection":[{"href":"http:\/\/www.wolpertingersfc.de\/index.php?rest_route=\/wp\/v2\/pages"}],"about":[{"href":"http:\/\/www.wolpertingersfc.de\/index.php?rest_route=\/wp\/v2\/types\/page"}],"author":[{"embeddable":true,"href":"http:\/\/www.wolpertingersfc.de\/index.php?rest_route=\/wp\/v2\/users\/1"}],"replies":[{"embeddable":true,"href":"http:\/\/www.wolpertingersfc.de\/index.php?rest_route=%2Fwp%2Fv2%2Fcomments&post=814"}],"version-history":[{"count":14,"href":"http:\/\/www.wolpertingersfc.de\/index.php?rest_route=\/wp\/v2\/pages\/814\/revisions"}],"predecessor-version":[{"id":1699,"href":"http:\/\/www.wolpertingersfc.de\/index.php?rest_route=\/wp\/v2\/pages\/814\/revisions\/1699"}],"up":[{"embeddable":true,"href":"http:\/\/www.wolpertingersfc.de\/index.php?rest_route=\/wp\/v2\/pages\/77"}],"wp:attachment":[{"href":"http:\/\/www.wolpertingersfc.de\/index.php?rest_route=%2Fwp%2Fv2%2Fmedia&parent=814"}],"curies":[{"name":"wp","href":"https:\/\/api.w.org\/{rel}","templated":true}]}}