{"id":812,"date":"2017-06-05T22:34:28","date_gmt":"2017-06-05T20:34:28","guid":{"rendered":"http:\/\/www.wolpertingersfc.de\/?page_id=812"},"modified":"2017-10-29T12:59:24","modified_gmt":"2017-10-29T11:59:24","slug":"kajak-aktivitaeten","status":"publish","type":"page","link":"http:\/\/www.wolpertingersfc.de\/?page_id=812","title":{"rendered":"Kajak &#8211; Aktivit\u00e4ten"},"content":{"rendered":"<table width=\"100%\">\n<tbody>\n<tr>\n<td><img data-recalc-dims=\"1\" loading=\"lazy\" decoding=\"async\" data-attachment-id=\"1201\" data-permalink=\"http:\/\/www.wolpertingersfc.de\/?attachment_id=1201\" data-orig-file=\"https:\/\/i0.wp.com\/www.wolpertingersfc.de\/wp-content\/uploads\/2017\/07\/Thur43-e1499346183642.jpg?fit=1200%2C213\" data-orig-size=\"1200,213\" data-comments-opened=\"1\" data-image-meta=\"{&quot;aperture&quot;:&quot;3.9&quot;,&quot;credit&quot;:&quot;&quot;,&quot;camera&quot;:&quot;COOLPIX AW110&quot;,&quot;caption&quot;:&quot;&quot;,&quot;created_timestamp&quot;:&quot;1498324324&quot;,&quot;copyright&quot;:&quot;&quot;,&quot;focal_length&quot;:&quot;5&quot;,&quot;iso&quot;:&quot;125&quot;,&quot;shutter_speed&quot;:&quot;0.00125&quot;,&quot;title&quot;:&quot;&quot;,&quot;orientation&quot;:&quot;1&quot;}\" data-image-title=\"Thur43\" data-image-description=\"\" data-image-caption=\"\" data-medium-file=\"https:\/\/i0.wp.com\/www.wolpertingersfc.de\/wp-content\/uploads\/2017\/07\/Thur43-e1499346183642.jpg?fit=300%2C53\" data-large-file=\"https:\/\/i0.wp.com\/www.wolpertingersfc.de\/wp-content\/uploads\/2017\/07\/Thur43-e1499346183642.jpg?fit=863%2C153\" class=\"alignnone wp-image-1201\" src=\"https:\/\/i0.wp.com\/www.wolpertingersfc.de\/wp-content\/uploads\/2017\/07\/Thur43-e1499346183642-480x85.jpg?resize=863%2C154\" alt=\"\" width=\"863\" height=\"154\" srcset=\"https:\/\/i0.wp.com\/www.wolpertingersfc.de\/wp-content\/uploads\/2017\/07\/Thur43-e1499346183642.jpg?resize=480%2C85 480w, https:\/\/i0.wp.com\/www.wolpertingersfc.de\/wp-content\/uploads\/2017\/07\/Thur43-e1499346183642.jpg?resize=300%2C53 300w, https:\/\/i0.wp.com\/www.wolpertingersfc.de\/wp-content\/uploads\/2017\/07\/Thur43-e1499346183642.jpg?resize=768%2C136 768w, https:\/\/i0.wp.com\/www.wolpertingersfc.de\/wp-content\/uploads\/2017\/07\/Thur43-e1499346183642.jpg?resize=1024%2C182 1024w, https:\/\/i0.wp.com\/www.wolpertingersfc.de\/wp-content\/uploads\/2017\/07\/Thur43-e1499346183642.jpg?resize=863%2C153 863w, https:\/\/i0.wp.com\/www.wolpertingersfc.de\/wp-content\/uploads\/2017\/07\/Thur43-e1499346183642.jpg?w=1200 1200w\" sizes=\"auto, (max-width: 863px) 100vw, 863px\" \/><\/td>\n<\/tr>\n<\/tbody>\n<\/table>\n<p><a href=\"http:\/\/www.wolpertingersfc.de\/?page_id=812\">Aktivit\u00e4ten<\/a>\u00a0\u00a0\u00a0 <a href=\"http:\/\/www.wolpertingersfc.de\/?page_id=818\">Galerie<\/a>\u00a0\u00a0\u00a0\u00a0 <a href=\"http:\/\/www.wolpertingersfc.de\/?page_id=814\">Links<\/a><\/p>\n<p><img data-recalc-dims=\"1\" loading=\"lazy\" decoding=\"async\" data-attachment-id=\"635\" data-permalink=\"http:\/\/www.wolpertingersfc.de\/?attachment_id=635\" data-orig-file=\"https:\/\/i0.wp.com\/www.wolpertingersfc.de\/wp-content\/uploads\/2017\/04\/Kajak_Wolpertinger-e1495797524951.jpg?fit=100%2C72\" data-orig-size=\"100,72\" data-comments-opened=\"1\" data-image-meta=\"{&quot;aperture&quot;:&quot;0&quot;,&quot;credit&quot;:&quot;&quot;,&quot;camera&quot;:&quot;&quot;,&quot;caption&quot;:&quot;&quot;,&quot;created_timestamp&quot;:&quot;0&quot;,&quot;copyright&quot;:&quot;&quot;,&quot;focal_length&quot;:&quot;0&quot;,&quot;iso&quot;:&quot;0&quot;,&quot;shutter_speed&quot;:&quot;0&quot;,&quot;title&quot;:&quot;&quot;,&quot;orientation&quot;:&quot;1&quot;}\" data-image-title=\"Kajak_Wolpertinger\" data-image-description=\"\" data-image-caption=\"\" data-medium-file=\"https:\/\/i0.wp.com\/www.wolpertingersfc.de\/wp-content\/uploads\/2017\/04\/Kajak_Wolpertinger-e1495797524951.jpg?fit=300%2C215\" data-large-file=\"https:\/\/i0.wp.com\/www.wolpertingersfc.de\/wp-content\/uploads\/2017\/04\/Kajak_Wolpertinger-e1495797524951.jpg?fit=100%2C72\" class=\"alignnone size-colinear-logo wp-image-635\" src=\"https:\/\/i0.wp.com\/www.wolpertingersfc.de\/wp-content\/uploads\/2017\/04\/Kajak_Wolpertinger.jpg?resize=151%2C108\" alt=\"\" width=\"151\" height=\"108\" \/><\/p>\n<p>Einmal j\u00e4hrlich findet eine Ausfahrt an den Bodensee statt. Flusswandern oder das Befahren des Sees finden dabei immer gro\u00dfen Anklang.<\/p>\n<p>Spontane Ausfahrten auf ruhigen Fl\u00fcssen oder im Wildwasser sind mit vereinseigenen Booten m\u00f6glich.<\/p>\n","protected":false},"excerpt":{"rendered":"<p>Aktivit\u00e4ten\u00a0\u00a0\u00a0 Galerie\u00a0\u00a0\u00a0\u00a0 Links Einmal j\u00e4hrlich findet eine Ausfahrt an den Bodensee statt. Flusswandern oder das Befahren des Sees finden dabei immer gro\u00dfen Anklang. Spontane Ausfahrten auf ruhigen Fl\u00fcssen oder im Wildwasser sind mit vereinseigenen Booten m\u00f6glich.<\/p>\n","protected":false},"author":1,"featured_media":0,"parent":77,"menu_order":0,"comment_status":"closed","ping_status":"closed","template":"","meta":{"jetpack_post_was_ever_published":false,"_mc_calendar":[],"footnotes":""},"class_list":["post-812","page","type-page","status-publish","hentry"],"jetpack_sharing_enabled":true,"jetpack_shortlink":"https:\/\/wp.me\/P8FTYK-d6","jetpack-related-posts":[{"id":77,"url":"http:\/\/www.wolpertingersfc.de\/?page_id=77","url_meta":{"origin":812,"position":0},"title":"Kajak","author":"Wolpertingersfc","date":"22. April 2017","format":false,"excerpt":"Aktivit\u00e4ten\u00a0\u00a0\u00a0 Galerie \u00a0\u00a0 Links Ansprechpartner: Gerold Bross Abteilungsleiter Trainer C Kanu-Freizeitsport E-Mail: gerold.bross(at)wolpertingersfc.de \u00a0 Unsere Kajakabteilung bietet vielf\u00e4ltige Naturerlebnisse beim Flusswandern, bei Wildwasserausfahrten oder auf dem Bodensee.","rel":"","context":"\u00c4hnlicher Beitrag","block_context":{"text":"\u00c4hnlicher Beitrag","link":""},"img":{"alt_text":"","src":"https:\/\/i0.wp.com\/www.wolpertingersfc.de\/wp-content\/uploads\/2017\/07\/Thur43-e1499346183642-480x85.jpg?resize=350%2C200","width":350,"height":200,"srcset":"https:\/\/i0.wp.com\/www.wolpertingersfc.de\/wp-content\/uploads\/2017\/07\/Thur43-e1499346183642-480x85.jpg?resize=350%2C200 1x, https:\/\/i0.wp.com\/www.wolpertingersfc.de\/wp-content\/uploads\/2017\/07\/Thur43-e1499346183642-480x85.jpg?resize=525%2C300 1.5x, https:\/\/i0.wp.com\/www.wolpertingersfc.de\/wp-content\/uploads\/2017\/07\/Thur43-e1499346183642-480x85.jpg?resize=700%2C400 2x, https:\/\/i0.wp.com\/www.wolpertingersfc.de\/wp-content\/uploads\/2017\/07\/Thur43-e1499346183642-480x85.jpg?resize=1050%2C600 3x"},"classes":[]},{"id":1340,"url":"http:\/\/www.wolpertingersfc.de\/?page_id=1340","url_meta":{"origin":812,"position":1},"title":"Radsport &#8211; Aktivit\u00e4ten","author":"Wolpertingersfc","date":"9. Juli 2017","format":false,"excerpt":"Aktivit\u00e4ten\u00a0\u00a0\u00a0 Galerie","rel":"","context":"\u00c4hnlicher Beitrag","block_context":{"text":"\u00c4hnlicher Beitrag","link":""},"img":{"alt_text":"","src":"https:\/\/i0.wp.com\/www.wolpertingersfc.de\/wp-content\/uploads\/2017\/04\/IMAG0025-e1499609523994.jpg?resize=350%2C200","width":350,"height":200,"srcset":"https:\/\/i0.wp.com\/www.wolpertingersfc.de\/wp-content\/uploads\/2017\/04\/IMAG0025-e1499609523994.jpg?resize=350%2C200 1x, https:\/\/i0.wp.com\/www.wolpertingersfc.de\/wp-content\/uploads\/2017\/04\/IMAG0025-e1499609523994.jpg?resize=525%2C300 1.5x, https:\/\/i0.wp.com\/www.wolpertingersfc.de\/wp-content\/uploads\/2017\/04\/IMAG0025-e1499609523994.jpg?resize=700%2C400 2x, https:\/\/i0.wp.com\/www.wolpertingersfc.de\/wp-content\/uploads\/2017\/04\/IMAG0025-e1499609523994.jpg?resize=1050%2C600 3x"},"classes":[]},{"id":1100,"url":"http:\/\/www.wolpertingersfc.de\/?page_id=1100","url_meta":{"origin":812,"position":2},"title":"Zirkus &#8211; Aktivit\u00e4ten","author":"Wolpertingersfc","date":"3. Juli 2017","format":false,"excerpt":"Aktivit\u00e4ten\u00a0\u00a0\u00a0 Team\u00a0\u00a0\u00a0 Galerie\u00a0\u00a0\u00a0 Links \u00a0 Das Zirkus-Training findet freitags von 16.00 bis 17.30 Uhr in der Turnhalle der G\u00f6nninger Ro\u00dfbergschule statt.","rel":"","context":"\u00c4hnlicher Beitrag","block_context":{"text":"\u00c4hnlicher Beitrag","link":""},"img":{"alt_text":"","src":"https:\/\/i0.wp.com\/www.wolpertingersfc.de\/wp-content\/uploads\/2017\/04\/Zirkus15-e1499106642859-480x83.jpg?resize=350%2C200","width":350,"height":200,"srcset":"https:\/\/i0.wp.com\/www.wolpertingersfc.de\/wp-content\/uploads\/2017\/04\/Zirkus15-e1499106642859-480x83.jpg?resize=350%2C200 1x, https:\/\/i0.wp.com\/www.wolpertingersfc.de\/wp-content\/uploads\/2017\/04\/Zirkus15-e1499106642859-480x83.jpg?resize=525%2C300 1.5x, https:\/\/i0.wp.com\/www.wolpertingersfc.de\/wp-content\/uploads\/2017\/04\/Zirkus15-e1499106642859-480x83.jpg?resize=700%2C400 2x, https:\/\/i0.wp.com\/www.wolpertingersfc.de\/wp-content\/uploads\/2017\/04\/Zirkus15-e1499106642859-480x83.jpg?resize=1050%2C600 3x"},"classes":[]},{"id":3315,"url":"http:\/\/www.wolpertingersfc.de\/?page_id=3315","url_meta":{"origin":812,"position":3},"title":"Yoga &#8211; Aktivit\u00e4ten","author":"Wolpertingersfc","date":"10. Februar 2020","format":false,"excerpt":"Aktivit\u00e4ten Team Wir bieten zwei Kurse an, die w\u00f6chentlich stattfinden: einen Kurs f\u00fcr Anf\u00e4nger und einen f\u00fcr Fortgeschrittene. \u00a0 Wann und Wo? Dienstags: 17:00 - 18:15 Uhr Anf\u00e4ngerkurs 18:30 - 19:45 Uhr Fortgeschrittenenkurs Ort: Lokschuppen, M\u00fchlwiesenstra\u00dfe 41, 72770 Reutlingen-G\u00f6nningen \u00a0 \u00a0","rel":"","context":"\u00c4hnlicher Beitrag","block_context":{"text":"\u00c4hnlicher Beitrag","link":""},"img":{"alt_text":"","src":"https:\/\/i0.wp.com\/www.wolpertingersfc.de\/wp-content\/uploads\/2020\/02\/IMG_2607-1130x755-e1581852420125.jpg?resize=350%2C200","width":350,"height":200,"srcset":"https:\/\/i0.wp.com\/www.wolpertingersfc.de\/wp-content\/uploads\/2020\/02\/IMG_2607-1130x755-e1581852420125.jpg?resize=350%2C200 1x, https:\/\/i0.wp.com\/www.wolpertingersfc.de\/wp-content\/uploads\/2020\/02\/IMG_2607-1130x755-e1581852420125.jpg?resize=525%2C300 1.5x, https:\/\/i0.wp.com\/www.wolpertingersfc.de\/wp-content\/uploads\/2020\/02\/IMG_2607-1130x755-e1581852420125.jpg?resize=700%2C400 2x, https:\/\/i0.wp.com\/www.wolpertingersfc.de\/wp-content\/uploads\/2020\/02\/IMG_2607-1130x755-e1581852420125.jpg?resize=1050%2C600 3x"},"classes":[]},{"id":76,"url":"http:\/\/www.wolpertingersfc.de\/?page_id=76","url_meta":{"origin":812,"position":4},"title":"Allgemeinsport","author":"Wolpertingersfc","date":"22. April 2017","format":false,"excerpt":"\u00a0 Aktivit\u00e4ten \u00a0\u00a0 Team \u00a0\u00a0 Galerie \u00a0\u00a0 Links Ansprechpartner: Klaus-Dieter Modrow Abteilungsleiter E-Mail: klaus-dieter.modrow(at)wolpertingersfc.de Fitness, Beweglichkeit, Spa\u00df und Gesundheit tragen wesentlich zu unserer Lebensqualit\u00e4t bei. Wer fit und beweglich ist, hat mehr Spa\u00df an vielen Aktivit\u00e4ten wie Fahrradfahren, Klettern und anderen Sportarten. Deshalb treffen wir uns w\u00f6chentlich zum gemeinsamen Bewegen\u2026","rel":"","context":"\u00c4hnlicher Beitrag","block_context":{"text":"\u00c4hnlicher Beitrag","link":""},"img":{"alt_text":"","src":"https:\/\/i0.wp.com\/www.wolpertingersfc.de\/wp-content\/uploads\/2017\/04\/DSC00579-1188x261.jpg?resize=350%2C200","width":350,"height":200,"srcset":"https:\/\/i0.wp.com\/www.wolpertingersfc.de\/wp-content\/uploads\/2017\/04\/DSC00579-1188x261.jpg?resize=350%2C200 1x, https:\/\/i0.wp.com\/www.wolpertingersfc.de\/wp-content\/uploads\/2017\/04\/DSC00579-1188x261.jpg?resize=525%2C300 1.5x, https:\/\/i0.wp.com\/www.wolpertingersfc.de\/wp-content\/uploads\/2017\/04\/DSC00579-1188x261.jpg?resize=700%2C400 2x, https:\/\/i0.wp.com\/www.wolpertingersfc.de\/wp-content\/uploads\/2017\/04\/DSC00579-1188x261.jpg?resize=1050%2C600 3x"},"classes":[]},{"id":557,"url":"http:\/\/www.wolpertingersfc.de\/?page_id=557","url_meta":{"origin":812,"position":5},"title":"Aktivit\u00e4ten","author":"Wolpertingersfc","date":"20. Mai 2017","format":false,"excerpt":"Aktivit\u00e4ten \u00a0\u00a0 Vorstand und Team\u00a0\u00a0\u00a0 Mitglied werden\u00a0\u00a0\u00a0 Vereinsinventar \u00a0 In sieben Abteilungen werden vielf\u00e4ltige Sport- und Freizeitaktivit\u00e4ten angeboten. Neben den regelm\u00e4\u00dfigen w\u00f6chentlichen Trainings und Kursen gibt es je nach Abteilung mehrere Ausfahrten. Traditionell wandern die Wolpertinger am Dreik\u00f6nigstag. Die Wolpertinger beteiligen sich regelm\u00e4\u00dfig an den G\u00f6nninger Veranstaltungen wie Sommerfest und\u2026","rel":"","context":"\u00c4hnlicher Beitrag","block_context":{"text":"\u00c4hnlicher Beitrag","link":""},"img":{"alt_text":"","src":"","width":0,"height":0},"classes":[]}],"_links":{"self":[{"href":"http:\/\/www.wolpertingersfc.de\/index.php?rest_route=\/wp\/v2\/pages\/812","targetHints":{"allow":["GET"]}}],"collection":[{"href":"http:\/\/www.wolpertingersfc.de\/index.php?rest_route=\/wp\/v2\/pages"}],"about":[{"href":"http:\/\/www.wolpertingersfc.de\/index.php?rest_route=\/wp\/v2\/types\/page"}],"author":[{"embeddable":true,"href":"http:\/\/www.wolpertingersfc.de\/index.php?rest_route=\/wp\/v2\/users\/1"}],"replies":[{"embeddable":true,"href":"http:\/\/www.wolpertingersfc.de\/index.php?rest_route=%2Fwp%2Fv2%2Fcomments&post=812"}],"version-history":[{"count":11,"href":"http:\/\/www.wolpertingersfc.de\/index.php?rest_route=\/wp\/v2\/pages\/812\/revisions"}],"predecessor-version":[{"id":1806,"href":"http:\/\/www.wolpertingersfc.de\/index.php?rest_route=\/wp\/v2\/pages\/812\/revisions\/1806"}],"up":[{"embeddable":true,"href":"http:\/\/www.wolpertingersfc.de\/index.php?rest_route=\/wp\/v2\/pages\/77"}],"wp:attachment":[{"href":"http:\/\/www.wolpertingersfc.de\/index.php?rest_route=%2Fwp%2Fv2%2Fmedia&parent=812"}],"curies":[{"name":"wp","href":"https:\/\/api.w.org\/{rel}","templated":true}]}}