{"id":79,"date":"2017-04-22T17:51:49","date_gmt":"2017-04-22T15:51:49","guid":{"rendered":"http:\/\/www.wolpertingersfc.de\/?page_id=79"},"modified":"2025-03-15T19:56:16","modified_gmt":"2025-03-15T18:56:16","slug":"zirkus","status":"publish","type":"page","link":"http:\/\/www.wolpertingersfc.de\/?page_id=79","title":{"rendered":"Zirkus"},"content":{"rendered":"<table width=\"100%\">\n<tbody>\n<tr>\n<td><img data-recalc-dims=\"1\" loading=\"lazy\" decoding=\"async\" data-attachment-id=\"1098\" data-permalink=\"http:\/\/www.wolpertingersfc.de\/?attachment_id=1098\" data-orig-file=\"https:\/\/i0.wp.com\/www.wolpertingersfc.de\/wp-content\/uploads\/2017\/04\/Zirkus15-e1499106642859.jpg?fit=627%2C109\" data-orig-size=\"627,109\" data-comments-opened=\"1\" data-image-meta=\"{&quot;aperture&quot;:&quot;0&quot;,&quot;credit&quot;:&quot;&quot;,&quot;camera&quot;:&quot;&quot;,&quot;caption&quot;:&quot;&quot;,&quot;created_timestamp&quot;:&quot;0&quot;,&quot;copyright&quot;:&quot;&quot;,&quot;focal_length&quot;:&quot;0&quot;,&quot;iso&quot;:&quot;0&quot;,&quot;shutter_speed&quot;:&quot;0&quot;,&quot;title&quot;:&quot;&quot;,&quot;orientation&quot;:&quot;0&quot;}\" data-image-title=\"Zirkus15\" data-image-description=\"\" data-image-caption=\"\" data-medium-file=\"https:\/\/i0.wp.com\/www.wolpertingersfc.de\/wp-content\/uploads\/2017\/04\/Zirkus15-e1499106642859.jpg?fit=300%2C52\" data-large-file=\"https:\/\/i0.wp.com\/www.wolpertingersfc.de\/wp-content\/uploads\/2017\/04\/Zirkus15-e1499106642859.jpg?fit=627%2C109\" class=\"alignnone wp-image-1098\" src=\"https:\/\/i0.wp.com\/www.wolpertingersfc.de\/wp-content\/uploads\/2017\/04\/Zirkus15-e1499106642859-480x83.jpg?resize=863%2C150\" alt=\"\" width=\"863\" height=\"150\" srcset=\"https:\/\/i0.wp.com\/www.wolpertingersfc.de\/wp-content\/uploads\/2017\/04\/Zirkus15-e1499106642859.jpg?resize=480%2C83 480w, https:\/\/i0.wp.com\/www.wolpertingersfc.de\/wp-content\/uploads\/2017\/04\/Zirkus15-e1499106642859.jpg?resize=300%2C52 300w, https:\/\/i0.wp.com\/www.wolpertingersfc.de\/wp-content\/uploads\/2017\/04\/Zirkus15-e1499106642859.jpg?w=627 627w\" sizes=\"auto, (max-width: 863px) 100vw, 863px\" \/><\/td>\n<\/tr>\n<\/tbody>\n<\/table>\n<p><a href=\"http:\/\/wolpertingersfc.de\/?page_id=1100\">Aktivit\u00e4ten<\/a>\u00a0\u00a0\u00a0 <a href=\"http:\/\/wolpertingersfc.de\/?page_id=1106\">Team<\/a>\u00a0\u00a0\u00a0 <a href=\"http:\/\/wolpertingersfc.de\/?page_id=1108\">Galerie<\/a>\u00a0\u00a0\u00a0 <a href=\"http:\/\/wolpertingersfc.de\/?page_id=1110\">Links<\/a><\/p>\n<table>\n<colgroup>\n<col \/>\n<col width=\"50%\" \/>\n<col width=\"130px\" \/> <\/colgroup>\n<tbody>\n<tr align=\"left\" valign=\"top\">\n<td style=\"padding: 0% 20% 0px 0%; float: left; text-align: left;\"><img data-recalc-dims=\"1\" loading=\"lazy\" decoding=\"async\" data-attachment-id=\"442\" data-permalink=\"http:\/\/www.wolpertingersfc.de\/?attachment_id=442\" data-orig-file=\"https:\/\/i0.wp.com\/www.wolpertingersfc.de\/wp-content\/uploads\/2017\/05\/Zirkus-e1495264537923.gif?fit=100%2C155\" data-orig-size=\"100,155\" data-comments-opened=\"1\" data-image-meta=\"{&quot;aperture&quot;:&quot;0&quot;,&quot;credit&quot;:&quot;&quot;,&quot;camera&quot;:&quot;&quot;,&quot;caption&quot;:&quot;&quot;,&quot;created_timestamp&quot;:&quot;0&quot;,&quot;copyright&quot;:&quot;&quot;,&quot;focal_length&quot;:&quot;0&quot;,&quot;iso&quot;:&quot;0&quot;,&quot;shutter_speed&quot;:&quot;0&quot;,&quot;title&quot;:&quot;&quot;,&quot;orientation&quot;:&quot;0&quot;}\" data-image-title=\"Zirkus\" data-image-description=\"\" data-image-caption=\"\" data-medium-file=\"https:\/\/i0.wp.com\/www.wolpertingersfc.de\/wp-content\/uploads\/2017\/05\/Zirkus-e1495264537923.gif?fit=194%2C300\" data-large-file=\"https:\/\/i0.wp.com\/www.wolpertingersfc.de\/wp-content\/uploads\/2017\/05\/Zirkus-e1495264537923.gif?fit=100%2C155\" class=\"alignnone wp-image-442 size-full\" src=\"https:\/\/i0.wp.com\/www.wolpertingersfc.de\/wp-content\/uploads\/2017\/05\/Zirkus-e1495264537923.gif?resize=100%2C155\" alt=\"\" width=\"100\" height=\"155\" \/><\/td>\n<td><strong>Ansprechpartnerin:<\/strong><\/p>\n<p>Judith Diebermann<br \/>\nAbteilungsleiterin<br \/>\nE-Mail:<br \/>\n<a href=\"mailto:judith.Grauer@wolpertingersfc.de\">judith.diebermann(at)wolpertingersfc.de<\/a><\/td>\n<td valign=\"top\"><\/td>\n<\/tr>\n<\/tbody>\n<\/table>\n<table>\n<colgroup>\n<col width=\"100%\" \/> <\/colgroup>\n<tbody>\n<tr>\n<td style=\"text-align: left;\">Jonglage, Feuerzauber, Fakirkunst, Einradfahren, Akrobatik und vieles mehr.<br \/>\nDas Zirkusprojekt des Wolpertinger S.F.C. e.V.<br \/>\nMitmachen k\u00f6nnen Kinder ab der ersten Klasse.,, Alle Kinder haben die m\u00e4rchenhafte Kraft, sich in alles zu verwandeln, was immer sie sich w\u00fcnschen.&#8220; (Jean Cocteau)<\/td>\n<\/tr>\n<\/tbody>\n<\/table>\n","protected":false},"excerpt":{"rendered":"<p>Aktivit\u00e4ten\u00a0\u00a0\u00a0 Team\u00a0\u00a0\u00a0 Galerie\u00a0\u00a0\u00a0 Links Ansprechpartnerin: Judith Diebermann Abteilungsleiterin E-Mail: judith.diebermann(at)wolpertingersfc.de Jonglage, Feuerzauber, Fakirkunst, Einradfahren, Akrobatik und vieles mehr. Das Zirkusprojekt des Wolpertinger S.F.C. e.V. Mitmachen k\u00f6nnen Kinder ab der ersten Klasse.,, Alle Kinder haben die m\u00e4rchenhafte Kraft, sich in alles zu verwandeln, was immer sie sich w\u00fcnschen.&#8220; (Jean Cocteau)<\/p>\n","protected":false},"author":1,"featured_media":0,"parent":0,"menu_order":0,"comment_status":"closed","ping_status":"closed","template":"","meta":{"jetpack_post_was_ever_published":false,"_mc_calendar":[],"footnotes":""},"class_list":["post-79","page","type-page","status-publish","hentry"],"jetpack_sharing_enabled":true,"jetpack_shortlink":"https:\/\/wp.me\/P8FTYK-1h","jetpack-related-posts":[],"_links":{"self":[{"href":"http:\/\/www.wolpertingersfc.de\/index.php?rest_route=\/wp\/v2\/pages\/79","targetHints":{"allow":["GET"]}}],"collection":[{"href":"http:\/\/www.wolpertingersfc.de\/index.php?rest_route=\/wp\/v2\/pages"}],"about":[{"href":"http:\/\/www.wolpertingersfc.de\/index.php?rest_route=\/wp\/v2\/types\/page"}],"author":[{"embeddable":true,"href":"http:\/\/www.wolpertingersfc.de\/index.php?rest_route=\/wp\/v2\/users\/1"}],"replies":[{"embeddable":true,"href":"http:\/\/www.wolpertingersfc.de\/index.php?rest_route=%2Fwp%2Fv2%2Fcomments&post=79"}],"version-history":[{"count":31,"href":"http:\/\/www.wolpertingersfc.de\/index.php?rest_route=\/wp\/v2\/pages\/79\/revisions"}],"predecessor-version":[{"id":3738,"href":"http:\/\/www.wolpertingersfc.de\/index.php?rest_route=\/wp\/v2\/pages\/79\/revisions\/3738"}],"wp:attachment":[{"href":"http:\/\/www.wolpertingersfc.de\/index.php?rest_route=%2Fwp%2Fv2%2Fmedia&parent=79"}],"curies":[{"name":"wp","href":"https:\/\/api.w.org\/{rel}","templated":true}]}}