{"id":701,"date":"2017-05-29T14:03:58","date_gmt":"2017-05-29T12:03:58","guid":{"rendered":"http:\/\/www.wolpertingersfc.de\/?page_id=701"},"modified":"2017-10-25T16:32:42","modified_gmt":"2017-10-25T14:32:42","slug":"kontakt","status":"publish","type":"page","link":"http:\/\/www.wolpertingersfc.de\/?page_id=701","title":{"rendered":"Kontakt"},"content":{"rendered":"<p>&nbsp;<\/p>\n<table>\n<tbody>\n<tr>\n<td width=\"40%\">Allgemeiner Kontakt:<\/td>\n<td><a href=\"mailto:info@wolpertingersfc.de\">info(at)wolpertingersfc.de<\/a><\/td>\n<\/tr>\n<tr>\n<td width=\"40%\"><a href=\"http:\/\/www.wolpertingersfc.de\/?page_id=522\">Vorstand und Ausschuss:<\/a><\/td>\n<td><\/td>\n<\/tr>\n<tr>\n<td width=\"40%\">Mail an Webmaster:<\/td>\n<td><a href=\"mailto:info@wolpertingersfc.de\">info(at)wolpertingersfc.de<\/a><\/td>\n<\/tr>\n<\/tbody>\n<\/table>\n<p>Kontakte zu den Abteilungsleitern und Teams findet Ihr auf den Seiten der jeweiligen Abteilung.<\/p>\n","protected":false},"excerpt":{"rendered":"<p>&nbsp; Allgemeiner Kontakt: info(at)wolpertingersfc.de Vorstand und Ausschuss: Mail an Webmaster: info(at)wolpertingersfc.de Kontakte zu den Abteilungsleitern und Teams findet Ihr auf den Seiten der jeweiligen Abteilung.<\/p>\n","protected":false},"author":1,"featured_media":0,"parent":0,"menu_order":0,"comment_status":"closed","ping_status":"closed","template":"","meta":{"jetpack_post_was_ever_published":false,"_mc_calendar":[],"footnotes":""},"class_list":["post-701","page","type-page","status-publish","hentry"],"jetpack_sharing_enabled":true,"jetpack_shortlink":"https:\/\/wp.me\/P8FTYK-bj","jetpack-related-posts":[{"id":522,"url":"http:\/\/www.wolpertingersfc.de\/?page_id=522","url_meta":{"origin":701,"position":0},"title":"Vorstand und Team","author":"Wolpertingersfc","date":"20. Mai 2017","format":false,"excerpt":"Aktivit\u00e4ten \u00a0\u00a0 Vorstand und Team\u00a0\u00a0\u00a0 Mitglied werden\u00a0\u00a0\u00a0 Vereinsinventar Vorstand und Organisationsteam sorgen zusammen mit dem Team f\u00fcr die Organisation des Vereins und den reibungslosen Ablauf der vielf\u00e4ltigen Aktivit\u00e4ten. Vorstand: Klaus-Dieter Modrow 1. Vorstand Undinger Stra\u00dfe 20 72820 Sonnenb\u00fchl-Genkingen Tel. 0 71 28 \/ 28 80 E-Mail: klaus-dieter.modrow(at)wolpertingersfc.de Die Kontakte der\u2026","rel":"","context":"\u00c4hnlicher Beitrag","block_context":{"text":"\u00c4hnlicher Beitrag","link":""},"img":{"alt_text":"","src":"https:\/\/i0.wp.com\/www.wolpertingersfc.de\/wp-content\/uploads\/2018\/03\/20180304_125250-e1521581377826.jpg?resize=350%2C200","width":350,"height":200,"srcset":"https:\/\/i0.wp.com\/www.wolpertingersfc.de\/wp-content\/uploads\/2018\/03\/20180304_125250-e1521581377826.jpg?resize=350%2C200 1x, https:\/\/i0.wp.com\/www.wolpertingersfc.de\/wp-content\/uploads\/2018\/03\/20180304_125250-e1521581377826.jpg?resize=525%2C300 1.5x, https:\/\/i0.wp.com\/www.wolpertingersfc.de\/wp-content\/uploads\/2018\/03\/20180304_125250-e1521581377826.jpg?resize=700%2C400 2x, https:\/\/i0.wp.com\/www.wolpertingersfc.de\/wp-content\/uploads\/2018\/03\/20180304_125250-e1521581377826.jpg?resize=1050%2C600 3x"},"classes":[]},{"id":174,"url":"http:\/\/www.wolpertingersfc.de\/?page_id=174","url_meta":{"origin":701,"position":1},"title":"Tauchen &#8211; Team","author":"Wolpertingersfc","date":"24. April 2017","format":false,"excerpt":"Aktivit\u00e4ten \u00a0\u00a0\u00a0 Team\u00a0\u00a0\u00a0\u00a0 Galerie\u00a0\u00a0\u00a0\u00a0 Links \u00a0Unsere Ausbilder: Unser Team und viele weitere aktive Mithelfer sorgen daf\u00fcr, dass es in der Aus- und Weiterbildung sowie bei Action und Spa\u00df an nichts fehlt. Gerhard Gauger Tauchlehrer (TL**) E-Mail: gerhard.gauger(at)wolpertingersfc.de Roman Weitmann Tauchlehrer (TL**) E-Mail: roman.weitmann(at)wolpertingersfc.de Hartmut Hauser Trainer C E-Mail: hartmut.hauser(at)wolpertingersfc.de Michael\u2026","rel":"","context":"\u00c4hnlicher Beitrag","block_context":{"text":"\u00c4hnlicher Beitrag","link":""},"img":{"alt_text":"","src":"https:\/\/i0.wp.com\/www.wolpertingersfc.de\/wp-content\/uploads\/2017\/08\/Team-DSC02658-e1501785399983.jpg?resize=350%2C200","width":350,"height":200},"classes":[]},{"id":101,"url":"http:\/\/www.wolpertingersfc.de\/?page_id=101","url_meta":{"origin":701,"position":2},"title":"Klettern","author":"Wolpertingersfc","date":"22. April 2017","format":false,"excerpt":"Aktivit\u00e4ten \u00a0 Galerie\u00a0\u00a0\u00a0 Links \u00a0 Ansprechpartner: Siegfried Stehlig Abteilungsleiter E-Mail: siegfried.stehlig(at)wolpertingersfc.de Trendsport Klettern ist mehr als nur Bewegung: Technik, K\u00f6rpergef\u00fchl, Kraft, Koordination, Konzentration, \u00dcberwindung, Verantwortung \u00fcbernehmen, Teamgeist und...Spa\u00df. All das kann man bei uns lernen und erleben. Unter fachkundiger Anleitung wird in Kursen das notwendige Know-How erlernt, selbstst\u00e4ndig zu klettern\u2026","rel":"","context":"\u00c4hnlicher Beitrag","block_context":{"text":"\u00c4hnlicher Beitrag","link":""},"img":{"alt_text":"","src":"https:\/\/i0.wp.com\/www.wolpertingersfc.de\/wp-content\/uploads\/2017\/04\/Titelbild_Klettern-e1509301500233.jpg?resize=350%2C200","width":350,"height":200,"srcset":"https:\/\/i0.wp.com\/www.wolpertingersfc.de\/wp-content\/uploads\/2017\/04\/Titelbild_Klettern-e1509301500233.jpg?resize=350%2C200 1x, https:\/\/i0.wp.com\/www.wolpertingersfc.de\/wp-content\/uploads\/2017\/04\/Titelbild_Klettern-e1509301500233.jpg?resize=525%2C300 1.5x, https:\/\/i0.wp.com\/www.wolpertingersfc.de\/wp-content\/uploads\/2017\/04\/Titelbild_Klettern-e1509301500233.jpg?resize=700%2C400 2x, https:\/\/i0.wp.com\/www.wolpertingersfc.de\/wp-content\/uploads\/2017\/04\/Titelbild_Klettern-e1509301500233.jpg?resize=1050%2C600 3x"},"classes":[]},{"id":3304,"url":"http:\/\/www.wolpertingersfc.de\/?page_id=3304","url_meta":{"origin":701,"position":3},"title":"Yoga","author":"Wolpertingersfc","date":"10. Februar 2020","format":false,"excerpt":"Aktivit\u00e4ten Team Ansprechpartnerin: B\u00e4rbel Randecker Abteilungsleiterin E-Mail: Baerbel.Randecker(at)wolpertingersfc.de \u00a0 Yoga ist ein \u00dcbungsweg, um K\u00f6rper, Atem, Seele & Geist so zu beeinflussen, dass sie harmonisch aufeinander einwirken. Die \u00dcbungen schaffen einen Ausgleich zu den Belastungen des Alltags. Sie st\u00e4rken den K\u00f6rper, die Atemkraft und unsere F\u00e4higkeit, den Herausforderungen des Lebens\u2026","rel":"","context":"\u00c4hnlicher Beitrag","block_context":{"text":"\u00c4hnlicher Beitrag","link":""},"img":{"alt_text":"","src":"https:\/\/i0.wp.com\/www.wolpertingersfc.de\/wp-content\/uploads\/2020\/02\/IMG_2607-1130x755-e1581852420125.jpg?resize=350%2C200","width":350,"height":200,"srcset":"https:\/\/i0.wp.com\/www.wolpertingersfc.de\/wp-content\/uploads\/2020\/02\/IMG_2607-1130x755-e1581852420125.jpg?resize=350%2C200 1x, https:\/\/i0.wp.com\/www.wolpertingersfc.de\/wp-content\/uploads\/2020\/02\/IMG_2607-1130x755-e1581852420125.jpg?resize=525%2C300 1.5x, https:\/\/i0.wp.com\/www.wolpertingersfc.de\/wp-content\/uploads\/2020\/02\/IMG_2607-1130x755-e1581852420125.jpg?resize=700%2C400 2x, https:\/\/i0.wp.com\/www.wolpertingersfc.de\/wp-content\/uploads\/2020\/02\/IMG_2607-1130x755-e1581852420125.jpg?resize=1050%2C600 3x"},"classes":[]},{"id":214,"url":"http:\/\/www.wolpertingersfc.de\/?page_id=214","url_meta":{"origin":701,"position":4},"title":"Impressum","author":"Wolpertingersfc","date":"25. April 2017","format":false,"excerpt":"Angaben gem\u00e4\u00df \u00a7 5 TMG: Wolpertinger Sport- und Freizeitclub e. V. 72770 Reutlingen-G\u00f6nningen Vertreten durch: Klaus-Dieter Modrow, Siegfried Randecker (Vorstand) Kontakt: Telefon: 0 71 28 28 80 E-Mail: info@wolpertingersfc.de Registereintrag: Eintragung im Vereinsregister. Registergericht: Amtsgericht Reutlingen Registernummer: 622 Verantwortlich f\u00fcr den Inhalt nach \u00a7 55 Abs. 2 RStV: Martin Hornberger\u2026","rel":"","context":"\u00c4hnlicher Beitrag","block_context":{"text":"\u00c4hnlicher Beitrag","link":""},"img":{"alt_text":"","src":"","width":0,"height":0},"classes":[]},{"id":405,"url":"http:\/\/www.wolpertingersfc.de\/?page_id=405","url_meta":{"origin":701,"position":5},"title":"Termine","author":"Wolpertingersfc","date":"19. Mai 2017","format":false,"excerpt":"\u00a0 Regelm\u00e4\u00dfige Termine: Wolpertinger Nachrichten Erscheinen am : 15. M\u00e4rz, 15. Juni und 15. November Der Redaktionsschluss ist jeweils am 1. dieser Monate. Wandern Jeden Mittwoch gegen Ende des Monats findet eine Wanderung statt. Zeit: 14:00 bis ca. 19:00 Kontakt: Ute und Gerold Bross, E-Mail: Gerold.Bross@wolpertingersfc.de Fitnessgymnastik (Koordination \/ Kondition\u2026","rel":"","context":"\u00c4hnlicher Beitrag","block_context":{"text":"\u00c4hnlicher Beitrag","link":""},"img":{"alt_text":"","src":"","width":0,"height":0},"classes":[]}],"_links":{"self":[{"href":"http:\/\/www.wolpertingersfc.de\/index.php?rest_route=\/wp\/v2\/pages\/701","targetHints":{"allow":["GET"]}}],"collection":[{"href":"http:\/\/www.wolpertingersfc.de\/index.php?rest_route=\/wp\/v2\/pages"}],"about":[{"href":"http:\/\/www.wolpertingersfc.de\/index.php?rest_route=\/wp\/v2\/types\/page"}],"author":[{"embeddable":true,"href":"http:\/\/www.wolpertingersfc.de\/index.php?rest_route=\/wp\/v2\/users\/1"}],"replies":[{"embeddable":true,"href":"http:\/\/www.wolpertingersfc.de\/index.php?rest_route=%2Fwp%2Fv2%2Fcomments&post=701"}],"version-history":[{"count":10,"href":"http:\/\/www.wolpertingersfc.de\/index.php?rest_route=\/wp\/v2\/pages\/701\/revisions"}],"predecessor-version":[{"id":1707,"href":"http:\/\/www.wolpertingersfc.de\/index.php?rest_route=\/wp\/v2\/pages\/701\/revisions\/1707"}],"wp:attachment":[{"href":"http:\/\/www.wolpertingersfc.de\/index.php?rest_route=%2Fwp%2Fv2%2Fmedia&parent=701"}],"curies":[{"name":"wp","href":"https:\/\/api.w.org\/{rel}","templated":true}]}}