{"id":559,"date":"2017-05-20T23:23:38","date_gmt":"2017-05-20T21:23:38","guid":{"rendered":"http:\/\/www.wolpertingersfc.de\/?page_id=559"},"modified":"2017-07-09T17:26:43","modified_gmt":"2017-07-09T15:26:43","slug":"vereinsinventar","status":"publish","type":"page","link":"http:\/\/www.wolpertingersfc.de\/?page_id=559","title":{"rendered":"Vereinsinventar"},"content":{"rendered":"<p><a href=\"http:\/\/www.wolpertingersfc.de\/?page_id=557\">Aktivit\u00e4ten<\/a> \u00a0\u00a0 <a href=\"http:\/\/www.wolpertingersfc.de\/?page_id=522\">Vorstand und Team<\/a>\u00a0\u00a0\u00a0 <a href=\"http:\/\/www.wolpertingersfc.de\/?page_id=489\">Mitglied werden<\/a>\u00a0\u00a0\u00a0 <a href=\"http:\/\/www.wolpertingersfc.de\/?page_id=559\">Vereinsinventar<\/a><\/p>\n<ul>\n<li>Kajakboote und -ausr\u00fcstung<\/li>\n<li><a href=\"http:\/\/www.wolpertingersfc.de\/?page_id=167\">Tauchausr\u00fcstungen<\/a><\/li>\n<li>Raftingboot mit Schwimmwesten<\/li>\n<li>Mannschaftszelt mit K\u00fcchenausr\u00fcstung<\/li>\n<li>Hockeyschl\u00e4ger<\/li>\n<li>Badmintonausstattung<\/li>\n<li>Judomatten<\/li>\n<li>Einr\u00e4der<\/li>\n<li>Zirkus-Utensilien f\u00fcr Fakire, Jonglage, Akrobatik<\/li>\n<li>Vereinsraum<\/li>\n<\/ul>\n","protected":false},"excerpt":{"rendered":"<p>Aktivit\u00e4ten \u00a0\u00a0 Vorstand und Team\u00a0\u00a0\u00a0 Mitglied werden\u00a0\u00a0\u00a0 Vereinsinventar Kajakboote und -ausr\u00fcstung Tauchausr\u00fcstungen Raftingboot mit Schwimmwesten Mannschaftszelt mit K\u00fcchenausr\u00fcstung Hockeyschl\u00e4ger Badmintonausstattung Judomatten Einr\u00e4der Zirkus-Utensilien f\u00fcr Fakire, Jonglage, Akrobatik Vereinsraum<\/p>\n","protected":false},"author":1,"featured_media":0,"parent":51,"menu_order":0,"comment_status":"closed","ping_status":"closed","template":"","meta":{"jetpack_post_was_ever_published":false,"_mc_calendar":[],"footnotes":""},"class_list":["post-559","page","type-page","status-publish","hentry"],"jetpack_sharing_enabled":true,"jetpack_shortlink":"https:\/\/wp.me\/P8FTYK-91","jetpack-related-posts":[{"id":557,"url":"http:\/\/www.wolpertingersfc.de\/?page_id=557","url_meta":{"origin":559,"position":0},"title":"Aktivit\u00e4ten","author":"Wolpertingersfc","date":"20. Mai 2017","format":false,"excerpt":"Aktivit\u00e4ten \u00a0\u00a0 Vorstand und Team\u00a0\u00a0\u00a0 Mitglied werden\u00a0\u00a0\u00a0 Vereinsinventar \u00a0 In sieben Abteilungen werden vielf\u00e4ltige Sport- und Freizeitaktivit\u00e4ten angeboten. Neben den regelm\u00e4\u00dfigen w\u00f6chentlichen Trainings und Kursen gibt es je nach Abteilung mehrere Ausfahrten. Traditionell wandern die Wolpertinger am Dreik\u00f6nigstag. Die Wolpertinger beteiligen sich regelm\u00e4\u00dfig an den G\u00f6nninger Veranstaltungen wie Sommerfest und\u2026","rel":"","context":"\u00c4hnlicher Beitrag","block_context":{"text":"\u00c4hnlicher Beitrag","link":""},"img":{"alt_text":"","src":"","width":0,"height":0},"classes":[]},{"id":489,"url":"http:\/\/www.wolpertingersfc.de\/?page_id=489","url_meta":{"origin":559,"position":1},"title":"Mitglied werden","author":"Wolpertingersfc","date":"20. Mai 2017","format":false,"excerpt":"Aktivit\u00e4ten \u00a0\u00a0 Vorstand und Team\u00a0\u00a0\u00a0 Mitglied werden\u00a0\u00a0\u00a0 Vereinsinventar So werdet Ihr Mitglied beim Wolpertinger Sport- und Freizeitclub e.V.: Wolpertinger_Aufnahmeformular ausf\u00fcllen und senden an: Karin Haap Mitgliederverwaltung Tel. 0 74 73 \/ 63 33 E-Mail: karin.haap(at)wolpertingersfc.de In der Wolpertinger Vereinsordnung findet Ihr die Mitgliedsbeitr\u00e4ge. in der Vereinssatzung stehen die Grundlagen f\u00fcr\u2026","rel":"","context":"\u00c4hnlicher Beitrag","block_context":{"text":"\u00c4hnlicher Beitrag","link":""},"img":{"alt_text":"","src":"","width":0,"height":0},"classes":[]},{"id":522,"url":"http:\/\/www.wolpertingersfc.de\/?page_id=522","url_meta":{"origin":559,"position":2},"title":"Vorstand und Team","author":"Wolpertingersfc","date":"20. Mai 2017","format":false,"excerpt":"Aktivit\u00e4ten \u00a0\u00a0 Vorstand und Team\u00a0\u00a0\u00a0 Mitglied werden\u00a0\u00a0\u00a0 Vereinsinventar Vorstand und Organisationsteam sorgen zusammen mit dem Team f\u00fcr die Organisation des Vereins und den reibungslosen Ablauf der vielf\u00e4ltigen Aktivit\u00e4ten. Vorstand: Klaus-Dieter Modrow 1. Vorstand Undinger Stra\u00dfe 20 72820 Sonnenb\u00fchl-Genkingen Tel. 0 71 28 \/ 28 80 E-Mail: klaus-dieter.modrow(at)wolpertingersfc.de Die Kontakte der\u2026","rel":"","context":"\u00c4hnlicher Beitrag","block_context":{"text":"\u00c4hnlicher Beitrag","link":""},"img":{"alt_text":"","src":"https:\/\/i0.wp.com\/www.wolpertingersfc.de\/wp-content\/uploads\/2018\/03\/20180304_125250-e1521581377826.jpg?resize=350%2C200","width":350,"height":200,"srcset":"https:\/\/i0.wp.com\/www.wolpertingersfc.de\/wp-content\/uploads\/2018\/03\/20180304_125250-e1521581377826.jpg?resize=350%2C200 1x, https:\/\/i0.wp.com\/www.wolpertingersfc.de\/wp-content\/uploads\/2018\/03\/20180304_125250-e1521581377826.jpg?resize=525%2C300 1.5x, https:\/\/i0.wp.com\/www.wolpertingersfc.de\/wp-content\/uploads\/2018\/03\/20180304_125250-e1521581377826.jpg?resize=700%2C400 2x, https:\/\/i0.wp.com\/www.wolpertingersfc.de\/wp-content\/uploads\/2018\/03\/20180304_125250-e1521581377826.jpg?resize=1050%2C600 3x"},"classes":[]},{"id":51,"url":"http:\/\/www.wolpertingersfc.de\/?page_id=51","url_meta":{"origin":559,"position":3},"title":"\u00dcber uns","author":"Wolpertingersfc","date":"22. April 2017","format":false,"excerpt":"Aktivit\u00e4ten \u00a0\u00a0 Vorstand und Team\u00a0\u00a0\u00a0 Mitglied werden\u00a0\u00a0\u00a0 Vereinsinventar Wir sind ein Sport- und Freizeitclub in G\u00f6nningen f\u00fcr Leute, bei denen der Spa\u00df an der Bewegung und das gemeinsame Erleben im Vordergrund stehen. Der Sport- und Freizeitclub lebt vom Mitmachen und wir freuen uns \u00fcber alle, die sich gerne aktiv in\u2026","rel":"","context":"\u00c4hnlicher Beitrag","block_context":{"text":"\u00c4hnlicher Beitrag","link":""},"img":{"alt_text":"","src":"","width":0,"height":0},"classes":[]},{"id":167,"url":"http:\/\/www.wolpertingersfc.de\/?page_id=167","url_meta":{"origin":559,"position":4},"title":"Tauchen &#8211; Aktivit\u00e4ten","author":"Wolpertingersfc","date":"24. April 2017","format":false,"excerpt":"Aktivit\u00e4ten\u00a0\u00a0\u00a0\u00a0 Team\u00a0\u00a0\u00a0\u00a0 Galerie\u00a0\u00a0\u00a0\u00a0 Links Training W\u00e4hrend der Freibadsaison findet das w\u00f6chentliche Training samstags von 8.50 Uhr bis 10.30 Uhr im Freibad Markwasen statt. Das Sprungbecken hat ein Tiefe von knapp 5m und eine L\u00e4nge von 25m, ist also ideal zum Ger\u00e4tetauchen oder f\u00fcr Apnoe-\u00dcbungen geeignet. Von Mitte September bis Ende\u2026","rel":"","context":"\u00c4hnlicher Beitrag","block_context":{"text":"\u00c4hnlicher Beitrag","link":""},"img":{"alt_text":"","src":"https:\/\/i0.wp.com\/www.wolpertingersfc.de\/wp-content\/uploads\/2017\/08\/Aktivit%C3%A4t-20170719_080125-e1501785106321.jpg?resize=350%2C200","width":350,"height":200},"classes":[]},{"id":3304,"url":"http:\/\/www.wolpertingersfc.de\/?page_id=3304","url_meta":{"origin":559,"position":5},"title":"Yoga","author":"Wolpertingersfc","date":"10. Februar 2020","format":false,"excerpt":"Aktivit\u00e4ten Team Ansprechpartnerin: B\u00e4rbel Randecker Abteilungsleiterin E-Mail: Baerbel.Randecker(at)wolpertingersfc.de \u00a0 Yoga ist ein \u00dcbungsweg, um K\u00f6rper, Atem, Seele & Geist so zu beeinflussen, dass sie harmonisch aufeinander einwirken. Die \u00dcbungen schaffen einen Ausgleich zu den Belastungen des Alltags. Sie st\u00e4rken den K\u00f6rper, die Atemkraft und unsere F\u00e4higkeit, den Herausforderungen des Lebens\u2026","rel":"","context":"\u00c4hnlicher Beitrag","block_context":{"text":"\u00c4hnlicher Beitrag","link":""},"img":{"alt_text":"","src":"https:\/\/i0.wp.com\/www.wolpertingersfc.de\/wp-content\/uploads\/2020\/02\/IMG_2607-1130x755-e1581852420125.jpg?resize=350%2C200","width":350,"height":200,"srcset":"https:\/\/i0.wp.com\/www.wolpertingersfc.de\/wp-content\/uploads\/2020\/02\/IMG_2607-1130x755-e1581852420125.jpg?resize=350%2C200 1x, https:\/\/i0.wp.com\/www.wolpertingersfc.de\/wp-content\/uploads\/2020\/02\/IMG_2607-1130x755-e1581852420125.jpg?resize=525%2C300 1.5x, https:\/\/i0.wp.com\/www.wolpertingersfc.de\/wp-content\/uploads\/2020\/02\/IMG_2607-1130x755-e1581852420125.jpg?resize=700%2C400 2x, https:\/\/i0.wp.com\/www.wolpertingersfc.de\/wp-content\/uploads\/2020\/02\/IMG_2607-1130x755-e1581852420125.jpg?resize=1050%2C600 3x"},"classes":[]}],"_links":{"self":[{"href":"http:\/\/www.wolpertingersfc.de\/index.php?rest_route=\/wp\/v2\/pages\/559","targetHints":{"allow":["GET"]}}],"collection":[{"href":"http:\/\/www.wolpertingersfc.de\/index.php?rest_route=\/wp\/v2\/pages"}],"about":[{"href":"http:\/\/www.wolpertingersfc.de\/index.php?rest_route=\/wp\/v2\/types\/page"}],"author":[{"embeddable":true,"href":"http:\/\/www.wolpertingersfc.de\/index.php?rest_route=\/wp\/v2\/users\/1"}],"replies":[{"embeddable":true,"href":"http:\/\/www.wolpertingersfc.de\/index.php?rest_route=%2Fwp%2Fv2%2Fcomments&post=559"}],"version-history":[{"count":4,"href":"http:\/\/www.wolpertingersfc.de\/index.php?rest_route=\/wp\/v2\/pages\/559\/revisions"}],"predecessor-version":[{"id":1392,"href":"http:\/\/www.wolpertingersfc.de\/index.php?rest_route=\/wp\/v2\/pages\/559\/revisions\/1392"}],"up":[{"embeddable":true,"href":"http:\/\/www.wolpertingersfc.de\/index.php?rest_route=\/wp\/v2\/pages\/51"}],"wp:attachment":[{"href":"http:\/\/www.wolpertingersfc.de\/index.php?rest_route=%2Fwp%2Fv2%2Fmedia&parent=559"}],"curies":[{"name":"wp","href":"https:\/\/api.w.org\/{rel}","templated":true}]}}