{"id":55,"date":"2017-04-22T17:25:07","date_gmt":"2017-04-22T15:25:07","guid":{"rendered":"http:\/\/www.wolpertingersfc.de\/?page_id=55"},"modified":"2025-03-25T18:01:55","modified_gmt":"2025-03-25T17:01:55","slug":"download","status":"publish","type":"page","link":"http:\/\/www.wolpertingersfc.de\/?page_id=55","title":{"rendered":"Download"},"content":{"rendered":"<h4><span style=\"color: #000000;\"><strong><a href=\"http:\/\/www.wolpertingersfc.de\/?page_id=495\" target=\"_blank\" rel=\"noopener noreferrer\">Wolpertinger Nachrichten<\/a><\/strong><\/span><\/h4>\n<h4><strong>Allgemeines<\/strong><\/h4>\n<p style=\"padding-left: 30px;\"><a href=\"http:\/\/www.wolpertingersfc.de\/wp-content\/uploads\/2017\/05\/Wolpertinger_Satzung.pdf\" target=\"_blank\" rel=\"noopener noreferrer\">Vereinssatzung<\/a><\/p>\n<p style=\"padding-left: 30px;\"><a href=\"http:\/\/www.wolpertingersfc.de\/wp-content\/uploads\/2025\/03\/Wolpertinger-Vereinsordnung-2023-01-01.pdf\" target=\"_blank\" rel=\"noopener\">Wolpertinger Vereinsordnung<\/a><\/p>\n<p style=\"padding-left: 30px;\"><a href=\"http:\/\/www.wolpertingersfc.de\/wp-content\/uploads\/2025\/03\/Wolpertinger_Aufnahmeformular_2025-03-25.pdf\">Wolpertinger_Aufnahmeformular<\/a><\/p>\n<h4>Events<\/h4>\n<p><strong>\u00a0\u00a0\u00a0\u00a0 Gemarkungswanderung 2017<br \/>\n<\/strong>\u00a0\u00a0\u00a0\u00a0\u00a0\u00a0\u00a0\u00a0\u00a0 <a href=\"http:\/\/www.wolpertingersfc.de\/wp-content\/uploads\/2017\/04\/Gemarkungswanderung.zip\">GPS-Tracks<\/a><\/p>\n","protected":false},"excerpt":{"rendered":"<p>Wolpertinger Nachrichten Allgemeines Vereinssatzung Wolpertinger Vereinsordnung Wolpertinger_Aufnahmeformular Events \u00a0\u00a0\u00a0\u00a0 Gemarkungswanderung 2017 \u00a0\u00a0\u00a0\u00a0\u00a0\u00a0\u00a0\u00a0\u00a0 GPS-Tracks<\/p>\n","protected":false},"author":1,"featured_media":0,"parent":0,"menu_order":0,"comment_status":"closed","ping_status":"closed","template":"","meta":{"jetpack_post_was_ever_published":false,"_mc_calendar":[],"footnotes":""},"class_list":["post-55","page","type-page","status-publish","hentry"],"jetpack_sharing_enabled":true,"jetpack_shortlink":"https:\/\/wp.me\/P8FTYK-T","jetpack-related-posts":[{"id":495,"url":"http:\/\/www.wolpertingersfc.de\/?page_id=495","url_meta":{"origin":55,"position":0},"title":"Wolpertinger Nachrichten","author":"Wolpertingersfc","date":"20. Mai 2017","format":false,"excerpt":"Wolpertinger Nachrichten 03 2026 Wolpertinger Nachrichten 12 2025 Wolpertinger Nachrichten 11 2025 Wolpertinger Nachrichten 07 2025 Wolpertinger Nachrichten 04 2025_Festwochenende Wolpertinger Nachrichten 03 2025 Wolpertinger Nachrichten 11 2024 Wolpertinger Nachrichten 06 2024 Wolpertinger Nachrichten 03 2024 Wolpertinger Nachrichten 11 2023 Wolpertinger Nachrichten 06 2023 Wolpertinger Nachrichten 03 2023 Wolpertinger Nachrichten\u2026","rel":"","context":"\u00c4hnlicher Beitrag","block_context":{"text":"\u00c4hnlicher Beitrag","link":""},"img":{"alt_text":"","src":"","width":0,"height":0},"classes":[]},{"id":54,"url":"http:\/\/www.wolpertingersfc.de\/?page_id=54","url_meta":{"origin":55,"position":1},"title":"Story","author":"Wolpertingersfc","date":"22. April 2017","format":false,"excerpt":"Die Wolpertinger-Story: Im Herbst 1983 unternahmen einige Kajakfahrer aus G\u00f6nningen und Umgebung mehrere Ausfahrten. Diese Gruppe beschloss bald darauf, einen Verein zu gr\u00fcnden, und zwar keinen reinen Kajakverein, sondern einen vielseitigen Sport- und Freizeitverein.Der passende Name wurde dann w\u00e4hrend einer Wochenendausfahrt ins Allg\u00e4u gefunden. Dort sah man in einer Gastwirtschaft\u2026","rel":"","context":"\u00c4hnlicher Beitrag","block_context":{"text":"\u00c4hnlicher Beitrag","link":""},"img":{"alt_text":"","src":"https:\/\/i0.wp.com\/www.wolpertingersfc.de\/wp-content\/uploads\/2017\/04\/Schallweg_Wolpertinger-e1508947619347-188x300.png?resize=350%2C200","width":350,"height":200},"classes":[]},{"id":51,"url":"http:\/\/www.wolpertingersfc.de\/?page_id=51","url_meta":{"origin":55,"position":2},"title":"\u00dcber uns","author":"Wolpertingersfc","date":"22. April 2017","format":false,"excerpt":"Aktivit\u00e4ten \u00a0\u00a0 Vorstand und Team\u00a0\u00a0\u00a0 Mitglied werden\u00a0\u00a0\u00a0 Vereinsinventar Wir sind ein Sport- und Freizeitclub in G\u00f6nningen f\u00fcr Leute, bei denen der Spa\u00df an der Bewegung und das gemeinsame Erleben im Vordergrund stehen. Der Sport- und Freizeitclub lebt vom Mitmachen und wir freuen uns \u00fcber alle, die sich gerne aktiv in\u2026","rel":"","context":"\u00c4hnlicher Beitrag","block_context":{"text":"\u00c4hnlicher Beitrag","link":""},"img":{"alt_text":"","src":"","width":0,"height":0},"classes":[]},{"id":489,"url":"http:\/\/www.wolpertingersfc.de\/?page_id=489","url_meta":{"origin":55,"position":3},"title":"Mitglied werden","author":"Wolpertingersfc","date":"20. Mai 2017","format":false,"excerpt":"Aktivit\u00e4ten \u00a0\u00a0 Vorstand und Team\u00a0\u00a0\u00a0 Mitglied werden\u00a0\u00a0\u00a0 Vereinsinventar So werdet Ihr Mitglied beim Wolpertinger Sport- und Freizeitclub e.V.: Wolpertinger_Aufnahmeformular ausf\u00fcllen und senden an: Karin Haap Mitgliederverwaltung Tel. 0 74 73 \/ 63 33 E-Mail: karin.haap(at)wolpertingersfc.de In der Wolpertinger Vereinsordnung findet Ihr die Mitgliedsbeitr\u00e4ge. in der Vereinssatzung stehen die Grundlagen f\u00fcr\u2026","rel":"","context":"\u00c4hnlicher Beitrag","block_context":{"text":"\u00c4hnlicher Beitrag","link":""},"img":{"alt_text":"","src":"","width":0,"height":0},"classes":[]},{"id":557,"url":"http:\/\/www.wolpertingersfc.de\/?page_id=557","url_meta":{"origin":55,"position":4},"title":"Aktivit\u00e4ten","author":"Wolpertingersfc","date":"20. Mai 2017","format":false,"excerpt":"Aktivit\u00e4ten \u00a0\u00a0 Vorstand und Team\u00a0\u00a0\u00a0 Mitglied werden\u00a0\u00a0\u00a0 Vereinsinventar \u00a0 In sieben Abteilungen werden vielf\u00e4ltige Sport- und Freizeitaktivit\u00e4ten angeboten. Neben den regelm\u00e4\u00dfigen w\u00f6chentlichen Trainings und Kursen gibt es je nach Abteilung mehrere Ausfahrten. Traditionell wandern die Wolpertinger am Dreik\u00f6nigstag. Die Wolpertinger beteiligen sich regelm\u00e4\u00dfig an den G\u00f6nninger Veranstaltungen wie Sommerfest und\u2026","rel":"","context":"\u00c4hnlicher Beitrag","block_context":{"text":"\u00c4hnlicher Beitrag","link":""},"img":{"alt_text":"","src":"","width":0,"height":0},"classes":[]},{"id":607,"url":"http:\/\/www.wolpertingersfc.de\/?page_id=607","url_meta":{"origin":55,"position":5},"title":"Fan-Artikel","author":"Wolpertingersfc","date":"21. Mai 2017","format":false,"excerpt":"Die Fan-Artikel sind \u00fcber die jeweiligen Abteilungsleiter erh\u00e4ltlich. Wolpertinger-Tasse EUR 2,50 Wolpertinger T-Shirts in bew\u00e4hrter Fruit-of-the-Loom Qualit\u00e4t mit Siebdruck vorne und hinten f\u00fcr jede Abteilung in allen g\u00e4ngigen Gr\u00f6ssen \u00a0 \u00a0 alle Abteilungen marineblau Gr\u00f6\u00dfen: S \/ M \/ L \/ XL \/ XXL EUR xx,xx \u00a0 \u00a0 alle Abteilungen\u2026","rel":"","context":"\u00c4hnlicher Beitrag","block_context":{"text":"\u00c4hnlicher Beitrag","link":""},"img":{"alt_text":"","src":"https:\/\/i0.wp.com\/www.wolpertingersfc.de\/wp-content\/uploads\/2017\/05\/Tasse-300x225.jpg?resize=350%2C200","width":350,"height":200},"classes":[]}],"_links":{"self":[{"href":"http:\/\/www.wolpertingersfc.de\/index.php?rest_route=\/wp\/v2\/pages\/55","targetHints":{"allow":["GET"]}}],"collection":[{"href":"http:\/\/www.wolpertingersfc.de\/index.php?rest_route=\/wp\/v2\/pages"}],"about":[{"href":"http:\/\/www.wolpertingersfc.de\/index.php?rest_route=\/wp\/v2\/types\/page"}],"author":[{"embeddable":true,"href":"http:\/\/www.wolpertingersfc.de\/index.php?rest_route=\/wp\/v2\/users\/1"}],"replies":[{"embeddable":true,"href":"http:\/\/www.wolpertingersfc.de\/index.php?rest_route=%2Fwp%2Fv2%2Fcomments&post=55"}],"version-history":[{"count":38,"href":"http:\/\/www.wolpertingersfc.de\/index.php?rest_route=\/wp\/v2\/pages\/55\/revisions"}],"predecessor-version":[{"id":3754,"href":"http:\/\/www.wolpertingersfc.de\/index.php?rest_route=\/wp\/v2\/pages\/55\/revisions\/3754"}],"wp:attachment":[{"href":"http:\/\/www.wolpertingersfc.de\/index.php?rest_route=%2Fwp%2Fv2%2Fmedia&parent=55"}],"curies":[{"name":"wp","href":"https:\/\/api.w.org\/{rel}","templated":true}]}}