{"id":51,"date":"2017-04-22T17:25:07","date_gmt":"2017-04-22T15:25:07","guid":{"rendered":"http:\/\/www.wolpertingersfc.de\/?page_id=51"},"modified":"2017-10-24T19:17:30","modified_gmt":"2017-10-24T17:17:30","slug":"ueber-uns","status":"publish","type":"page","link":"http:\/\/www.wolpertingersfc.de\/?page_id=51","title":{"rendered":"\u00dcber uns"},"content":{"rendered":"<p><a href=\"http:\/\/www.wolpertingersfc.de\/?page_id=557\">Aktivit\u00e4ten<\/a> \u00a0\u00a0 <a href=\"http:\/\/www.wolpertingersfc.de\/?page_id=522\">Vorstand und Team<\/a>\u00a0\u00a0\u00a0 <a href=\"http:\/\/www.wolpertingersfc.de\/?page_id=489\">Mitglied werden<\/a>\u00a0\u00a0\u00a0 <a href=\"http:\/\/www.wolpertingersfc.de\/?page_id=559\">Vereinsinventar<\/a><\/p>\n<p>Wir sind ein Sport- und Freizeitclub in <a href=\"http:\/\/www.goenningen.info\/\" target=\"_blank\" rel=\"noopener noreferrer\">G\u00f6nningen<\/a> f\u00fcr Leute, bei denen der Spa\u00df an der Bewegung und das gemeinsame Erleben im Vordergrund stehen.<\/p>\n<p>Der Sport- und Freizeitclub lebt vom Mitmachen und wir freuen uns \u00fcber alle, die sich gerne aktiv in die Gemeinschaft des Vereins einbringen m\u00f6chten.<\/p>\n<p>Die Wolpertinger sind Mitglied im <a href=\"http:\/\/www.djh.de\" target=\"_blank\" rel=\"noopener noreferrer\"> Deutschen Jugendherbergsverband<\/a><br \/>\nDiese Mitgliedschaft steht \u00fcber die vereinseigenen Ausweise auch den Wolpertinger-Mitgliedern zur Verf\u00fcgung.<\/p>\n<p>Vereinsheim:\u00a0\u00a0 Wolpertinger Turm im Lokschuppen<\/p>\n<p><a href=\"http:\/\/www.lokschuppen-goenningen.de\" target=\"_blank\" rel=\"noopener noreferrer\">F\u00f6rderverein Lokschuppen e.V.<\/a><\/p>\n<hr width=\"100%\" \/>\n<p>&nbsp;<\/p>\n","protected":false},"excerpt":{"rendered":"<p>Aktivit\u00e4ten \u00a0\u00a0 Vorstand und Team\u00a0\u00a0\u00a0 Mitglied werden\u00a0\u00a0\u00a0 Vereinsinventar Wir sind ein Sport- und Freizeitclub in G\u00f6nningen f\u00fcr Leute, bei denen der Spa\u00df an der Bewegung und das gemeinsame Erleben im Vordergrund stehen. Der Sport- und Freizeitclub lebt vom Mitmachen und wir freuen uns \u00fcber alle, die sich gerne aktiv in die Gemeinschaft des Vereins einbringen &hellip; <a href=\"http:\/\/www.wolpertingersfc.de\/?page_id=51\" class=\"more-link\"><span class=\"screen-reader-text\">\u00dcber uns<\/span> weiterlesen<\/a><\/p>\n","protected":false},"author":1,"featured_media":0,"parent":0,"menu_order":0,"comment_status":"closed","ping_status":"closed","template":"","meta":{"jetpack_post_was_ever_published":false,"_mc_calendar":[],"footnotes":""},"class_list":["post-51","page","type-page","status-publish","hentry"],"jetpack_sharing_enabled":true,"jetpack_shortlink":"https:\/\/wp.me\/P8FTYK-P","jetpack-related-posts":[{"id":54,"url":"http:\/\/www.wolpertingersfc.de\/?page_id=54","url_meta":{"origin":51,"position":0},"title":"Story","author":"Wolpertingersfc","date":"22. April 2017","format":false,"excerpt":"Die Wolpertinger-Story: Im Herbst 1983 unternahmen einige Kajakfahrer aus G\u00f6nningen und Umgebung mehrere Ausfahrten. Diese Gruppe beschloss bald darauf, einen Verein zu gr\u00fcnden, und zwar keinen reinen Kajakverein, sondern einen vielseitigen Sport- und Freizeitverein.Der passende Name wurde dann w\u00e4hrend einer Wochenendausfahrt ins Allg\u00e4u gefunden. Dort sah man in einer Gastwirtschaft\u2026","rel":"","context":"\u00c4hnlicher Beitrag","block_context":{"text":"\u00c4hnlicher Beitrag","link":""},"img":{"alt_text":"","src":"https:\/\/i0.wp.com\/www.wolpertingersfc.de\/wp-content\/uploads\/2017\/04\/Schallweg_Wolpertinger-e1508947619347-188x300.png?resize=350%2C200","width":350,"height":200},"classes":[]},{"id":489,"url":"http:\/\/www.wolpertingersfc.de\/?page_id=489","url_meta":{"origin":51,"position":1},"title":"Mitglied werden","author":"Wolpertingersfc","date":"20. Mai 2017","format":false,"excerpt":"Aktivit\u00e4ten \u00a0\u00a0 Vorstand und Team\u00a0\u00a0\u00a0 Mitglied werden\u00a0\u00a0\u00a0 Vereinsinventar So werdet Ihr Mitglied beim Wolpertinger Sport- und Freizeitclub e.V.: Wolpertinger_Aufnahmeformular ausf\u00fcllen und senden an: Karin Haap Mitgliederverwaltung Tel. 0 74 73 \/ 63 33 E-Mail: karin.haap(at)wolpertingersfc.de In der Wolpertinger Vereinsordnung findet Ihr die Mitgliedsbeitr\u00e4ge. in der Vereinssatzung stehen die Grundlagen f\u00fcr\u2026","rel":"","context":"\u00c4hnlicher Beitrag","block_context":{"text":"\u00c4hnlicher Beitrag","link":""},"img":{"alt_text":"","src":"","width":0,"height":0},"classes":[]},{"id":1131,"url":"http:\/\/www.wolpertingersfc.de\/?page_id=1131","url_meta":{"origin":51,"position":2},"title":"Klettern &#8211; Aktivit\u00e4ten","author":"Wolpertingersfc","date":"4. Juli 2017","format":false,"excerpt":"Aktivit\u00e4ten\u00a0\u00a0\u00a0 Galerie\u00a0\u00a0\u00a0 Links Kletternde Wolpertinger findet man in G\u00f6nningen an dem ehemaligen Trafoturm, im Garten des G\u00f6nninger Rosmarinkindergartens (Zugang von der Stra\u00dfe \u201eAuf der Ay\u201c). Dienstags ab 17.00 Uhr findet in den Sommermonaten, d.h. von Ostern bis Oktober (au\u00dfer in den Schulferien) das Klettertraining statt. Der Anf\u00e4ngerkurs beginnt um 17.00\u2026","rel":"","context":"\u00c4hnlicher Beitrag","block_context":{"text":"\u00c4hnlicher Beitrag","link":""},"img":{"alt_text":"","src":"https:\/\/i0.wp.com\/www.wolpertingersfc.de\/wp-content\/uploads\/2017\/07\/Kletterturm_Westansicht_mit_Routen-750x1000.jpg?resize=350%2C200","width":350,"height":200,"srcset":"https:\/\/i0.wp.com\/www.wolpertingersfc.de\/wp-content\/uploads\/2017\/07\/Kletterturm_Westansicht_mit_Routen-750x1000.jpg?resize=350%2C200 1x, https:\/\/i0.wp.com\/www.wolpertingersfc.de\/wp-content\/uploads\/2017\/07\/Kletterturm_Westansicht_mit_Routen-750x1000.jpg?resize=525%2C300 1.5x, https:\/\/i0.wp.com\/www.wolpertingersfc.de\/wp-content\/uploads\/2017\/07\/Kletterturm_Westansicht_mit_Routen-750x1000.jpg?resize=700%2C400 2x"},"classes":[]},{"id":557,"url":"http:\/\/www.wolpertingersfc.de\/?page_id=557","url_meta":{"origin":51,"position":3},"title":"Aktivit\u00e4ten","author":"Wolpertingersfc","date":"20. Mai 2017","format":false,"excerpt":"Aktivit\u00e4ten \u00a0\u00a0 Vorstand und Team\u00a0\u00a0\u00a0 Mitglied werden\u00a0\u00a0\u00a0 Vereinsinventar \u00a0 In sieben Abteilungen werden vielf\u00e4ltige Sport- und Freizeitaktivit\u00e4ten angeboten. Neben den regelm\u00e4\u00dfigen w\u00f6chentlichen Trainings und Kursen gibt es je nach Abteilung mehrere Ausfahrten. Traditionell wandern die Wolpertinger am Dreik\u00f6nigstag. Die Wolpertinger beteiligen sich regelm\u00e4\u00dfig an den G\u00f6nninger Veranstaltungen wie Sommerfest und\u2026","rel":"","context":"\u00c4hnlicher Beitrag","block_context":{"text":"\u00c4hnlicher Beitrag","link":""},"img":{"alt_text":"","src":"","width":0,"height":0},"classes":[]},{"id":214,"url":"http:\/\/www.wolpertingersfc.de\/?page_id=214","url_meta":{"origin":51,"position":4},"title":"Impressum","author":"Wolpertingersfc","date":"25. April 2017","format":false,"excerpt":"Angaben gem\u00e4\u00df \u00a7 5 TMG: Wolpertinger Sport- und Freizeitclub e. V. 72770 Reutlingen-G\u00f6nningen Vertreten durch: Klaus-Dieter Modrow, Siegfried Randecker (Vorstand) Kontakt: Telefon: 0 71 28 28 80 E-Mail: info@wolpertingersfc.de Registereintrag: Eintragung im Vereinsregister. Registergericht: Amtsgericht Reutlingen Registernummer: 622 Verantwortlich f\u00fcr den Inhalt nach \u00a7 55 Abs. 2 RStV: Martin Hornberger\u2026","rel":"","context":"\u00c4hnlicher Beitrag","block_context":{"text":"\u00c4hnlicher Beitrag","link":""},"img":{"alt_text":"","src":"","width":0,"height":0},"classes":[]},{"id":522,"url":"http:\/\/www.wolpertingersfc.de\/?page_id=522","url_meta":{"origin":51,"position":5},"title":"Vorstand und Team","author":"Wolpertingersfc","date":"20. Mai 2017","format":false,"excerpt":"Aktivit\u00e4ten \u00a0\u00a0 Vorstand und Team\u00a0\u00a0\u00a0 Mitglied werden\u00a0\u00a0\u00a0 Vereinsinventar Vorstand und Organisationsteam sorgen zusammen mit dem Team f\u00fcr die Organisation des Vereins und den reibungslosen Ablauf der vielf\u00e4ltigen Aktivit\u00e4ten. Vorstand: Klaus-Dieter Modrow 1. Vorstand Undinger Stra\u00dfe 20 72820 Sonnenb\u00fchl-Genkingen Tel. 0 71 28 \/ 28 80 E-Mail: klaus-dieter.modrow(at)wolpertingersfc.de Die Kontakte der\u2026","rel":"","context":"\u00c4hnlicher Beitrag","block_context":{"text":"\u00c4hnlicher Beitrag","link":""},"img":{"alt_text":"","src":"https:\/\/i0.wp.com\/www.wolpertingersfc.de\/wp-content\/uploads\/2018\/03\/20180304_125250-e1521581377826.jpg?resize=350%2C200","width":350,"height":200,"srcset":"https:\/\/i0.wp.com\/www.wolpertingersfc.de\/wp-content\/uploads\/2018\/03\/20180304_125250-e1521581377826.jpg?resize=350%2C200 1x, https:\/\/i0.wp.com\/www.wolpertingersfc.de\/wp-content\/uploads\/2018\/03\/20180304_125250-e1521581377826.jpg?resize=525%2C300 1.5x, https:\/\/i0.wp.com\/www.wolpertingersfc.de\/wp-content\/uploads\/2018\/03\/20180304_125250-e1521581377826.jpg?resize=700%2C400 2x, https:\/\/i0.wp.com\/www.wolpertingersfc.de\/wp-content\/uploads\/2018\/03\/20180304_125250-e1521581377826.jpg?resize=1050%2C600 3x"},"classes":[]}],"_links":{"self":[{"href":"http:\/\/www.wolpertingersfc.de\/index.php?rest_route=\/wp\/v2\/pages\/51","targetHints":{"allow":["GET"]}}],"collection":[{"href":"http:\/\/www.wolpertingersfc.de\/index.php?rest_route=\/wp\/v2\/pages"}],"about":[{"href":"http:\/\/www.wolpertingersfc.de\/index.php?rest_route=\/wp\/v2\/types\/page"}],"author":[{"embeddable":true,"href":"http:\/\/www.wolpertingersfc.de\/index.php?rest_route=\/wp\/v2\/users\/1"}],"replies":[{"embeddable":true,"href":"http:\/\/www.wolpertingersfc.de\/index.php?rest_route=%2Fwp%2Fv2%2Fcomments&post=51"}],"version-history":[{"count":24,"href":"http:\/\/www.wolpertingersfc.de\/index.php?rest_route=\/wp\/v2\/pages\/51\/revisions"}],"predecessor-version":[{"id":1635,"href":"http:\/\/www.wolpertingersfc.de\/index.php?rest_route=\/wp\/v2\/pages\/51\/revisions\/1635"}],"wp:attachment":[{"href":"http:\/\/www.wolpertingersfc.de\/index.php?rest_route=%2Fwp%2Fv2%2Fmedia&parent=51"}],"curies":[{"name":"wp","href":"https:\/\/api.w.org\/{rel}","templated":true}]}}