{"id":495,"date":"2017-05-20T21:20:18","date_gmt":"2017-05-20T19:20:18","guid":{"rendered":"http:\/\/www.wolpertingersfc.de\/?page_id=495"},"modified":"2026-03-11T17:32:24","modified_gmt":"2026-03-11T16:32:24","slug":"wolpertinger-nachrichten","status":"publish","type":"page","link":"http:\/\/www.wolpertingersfc.de\/?page_id=495","title":{"rendered":"Wolpertinger Nachrichten"},"content":{"rendered":"<p><a href=\"http:\/\/www.wolpertingersfc.de\/wp-content\/uploads\/2026\/03\/Wolpertinger-Nachrichten-2026_03.pdf\" target=\"_blank\" rel=\"noopener\">Wolpertinger Nachrichten 03 2026<\/a><\/p>\n<p><a href=\"http:\/\/www.wolpertingersfc.de\/wp-content\/uploads\/2025\/12\/Wolpertinger-Nachrichten-2025_12.pdf\" target=\"_blank\" rel=\"noopener\">Wolpertinger Nachrichten 12 2025<\/a><\/p>\n<p><a href=\"http:\/\/www.wolpertingersfc.de\/wp-content\/uploads\/2025\/11\/Wolpertinger-Nachrichten-2025_11.pdf\" target=\"_blank\" rel=\"noopener\">Wolpertinger Nachrichten 11 2025<\/a><\/p>\n<p><a href=\"http:\/\/www.wolpertingersfc.de\/wp-content\/uploads\/2025\/07\/Wolpertinger-Nachrichten-2025_07.pdf\" target=\"_blank\" rel=\"noopener\">Wolpertinger Nachrichten 07 2025<\/a><\/p>\n<p><a href=\"http:\/\/www.wolpertingersfc.de\/wp-content\/uploads\/2025\/05\/Wolpertinger-Nachrichten-2025_04_Festwochenende-1.pdf\" target=\"_blank\" rel=\"noopener\">Wolpertinger Nachrichten 04 2025_Festwochenende<\/a><\/p>\n<p><a href=\"http:\/\/www.wolpertingersfc.de\/wp-content\/uploads\/2025\/03\/Wolpertinger-Nachrichten-2025_03.pdf\" target=\"_blank\" rel=\"noopener\">Wolpertinger Nachrichten 03 2025<\/a><\/p>\n<p><a href=\"http:\/\/www.wolpertingersfc.de\/wp-content\/uploads\/2024\/11\/Wolpertinger-Nachrichten-2024_11.pdf\" target=\"_blank\" rel=\"noopener\">Wolpertinger Nachrichten 11 2024<\/a><\/p>\n<p><a href=\"http:\/\/www.wolpertingersfc.de\/wp-content\/uploads\/2024\/06\/Wolpertinger-Nachrichten-2024_06.pdf\" target=\"_blank\" rel=\"noopener\">Wolpertinger Nachrichten 06 2024<\/a><\/p>\n<p><a href=\"http:\/\/www.wolpertingersfc.de\/wp-content\/uploads\/2024\/03\/Wolpertinger-Nachrichten-2024_03.pdf\" target=\"_blank\" rel=\"noopener\">Wolpertinger Nachrichten 03 2024<\/a><\/p>\n<p><a href=\"http:\/\/www.wolpertingersfc.de\/wp-content\/uploads\/2023\/11\/Wolpertinger-Nachrichten-2023_11.pdf\" target=\"_blank\" rel=\"noopener\">Wolpertinger Nachrichten 11 2023<\/a><\/p>\n<p><a href=\"http:\/\/www.wolpertingersfc.de\/wp-content\/uploads\/2023\/06\/Wolpertinger-Nachrichten-2023_06.pdf\" target=\"_blank\" rel=\"noopener\">Wolpertinger Nachrichten 06 2023<\/a><\/p>\n<p><a href=\"http:\/\/www.wolpertingersfc.de\/wp-content\/uploads\/2023\/03\/Wolpertinger-Nachrichten-2023_03.pdf\" target=\"_blank\" rel=\"noopener\">Wolpertinger Nachrichten 03 2023<\/a><\/p>\n<p><a href=\"http:\/\/www.wolpertingersfc.de\/wp-content\/uploads\/2022\/12\/Wolpertinger-Nachrichten-2022_12e.pdf\" target=\"_blank\" rel=\"noopener\">Wolpertinger Nachrichten 12 2022<\/a><\/p>\n<p><a href=\"http:\/\/www.wolpertingersfc.de\/wp-content\/uploads\/2022\/11\/Wolpertinger-Nachrichten-2022_11.pdf\" target=\"_blank\" rel=\"noopener\">Wolpertinger Nachrichten 11 2022<\/a><\/p>\n<p><a href=\"http:\/\/www.wolpertingersfc.de\/wp-content\/uploads\/2022\/05\/Wolpertinger-Nachrichten-2022_06.pdf\" target=\"_blank\" rel=\"noopener\">Wolpertinger Nachrichten 06 2022<\/a><\/p>\n<p><a href=\"http:\/\/www.wolpertingersfc.de\/wp-content\/uploads\/2022\/04\/Wolpertinger-Nachrichten-2022_03.pdf\" target=\"_blank\" rel=\"noopener\">Wolpertinger Nachrichten 03 2022<\/a><\/p>\n<p><a href=\"http:\/\/www.wolpertingersfc.de\/wp-content\/uploads\/2021\/11\/Wolpertinger-Nachrichten-2021_11.pdf\" target=\"_blank\" rel=\"noopener\">Wolpertinger Nachrichten 11\u00a0\u00a0 2021<\/a><\/p>\n<p><a href=\"http:\/\/www.wolpertingersfc.de\/wp-content\/uploads\/2021\/10\/Wolpertinger-Nachrichten-2021_10.pdf\" target=\"_blank\" rel=\"noopener\">Wolpertinger Nachrichten 10 2021<\/a><\/p>\n<p><a href=\"http:\/\/www.wolpertingersfc.de\/wp-content\/uploads\/2021\/06\/Wolpertinger-Nachrichten-2021_06.pdf\" target=\"_blank\" rel=\"noopener\">Wolpertinger Nachrichten 06\u00a0\u00a0 2021<\/a><\/p>\n<p><a href=\"http:\/\/www.wolpertingersfc.de\/wp-content\/uploads\/2020\/12\/Wolpertinger-Nachrichten-2020_12.pdf\" target=\"_blank\" rel=\"noopener noreferrer\">Wolpertinger Nachrichten\u00a0 12\u00a0 2020<\/a><\/p>\n<p><a href=\"http:\/\/www.wolpertingersfc.de\/wp-content\/uploads\/2020\/11\/Wolpertinger-Nachrichten-2020_11.pdf\" target=\"_blank\" rel=\"noopener noreferrer\">Wolpertinger Nachrichten\u00a0 11 \u00a0 2020<\/a><\/p>\n<p><a href=\"http:\/\/www.wolpertingersfc.de\/wp-content\/uploads\/2020\/06\/Wolpertinger-Nachrichten-2020_06.pdf\" target=\"_blank\" rel=\"noopener noreferrer\">Wolpertinger Nachrichten\u00a0 06\u00a0 2020<\/a><\/p>\n<p><a href=\"http:\/\/www.wolpertingersfc.de\/wp-content\/uploads\/2020\/03\/Wolpertinger-Nachrichten-2020_03.pdf\" target=\"_blank\" rel=\"noopener noreferrer\">Wolpertinger Nachrichten\u00a0 03\u00a0 2020<\/a><\/p>\n<p><a href=\"http:\/\/www.wolpertingersfc.de\/wp-content\/uploads\/2019\/11\/Wolpertinger-Nachrichten-2019_11.pdf\" target=\"_blank\" rel=\"noopener noreferrer\">Wolpertinger Nachrichten\u00a0\u00a0 11\u00a0\u00a0 2019<\/a><\/p>\n<p><a href=\"http:\/\/www.wolpertingersfc.de\/wp-content\/uploads\/2019\/08\/Wolpertinger-Nachrichten-2019_8.pdf\" target=\"_blank\" rel=\"noopener noreferrer\">Wolpertinger Nachrichten\u00a0\u00a0\u00a0 8\u00a0\u00a0 2019<\/a><\/p>\n<p><a href=\"http:\/\/www.wolpertingersfc.de\/wp-content\/uploads\/2019\/06\/Wolpertinger-Nachrichten-2019_6.pdf\" target=\"_blank\" rel=\"noopener noreferrer\">Wolpertinger Nachrichten\u00a0 \u00a0 6 \u00a0 2019<\/a><\/p>\n<p><a href=\"http:\/\/www.wolpertingersfc.de\/wp-content\/uploads\/2019\/03\/Wolpertinger-Nachrichten-2019_3.pdf\" target=\"_blank\" rel=\"noopener noreferrer\">Wolpertinger Nachrichten \u00a0\u00a0 3\u00a0\u00a0 2019<\/a><\/p>\n<p><a href=\"http:\/\/www.wolpertingersfc.de\/wp-content\/uploads\/2018\/11\/Wolpertinger-Nachrichten-2018_11.pdf\" target=\"_blank\" rel=\"noopener noreferrer\">Wolpertinger Nachrichten\u00a0\u00a0 11\u00a0\u00a0 2018<\/a><\/p>\n<p><a href=\"http:\/\/www.wolpertingersfc.de\/wp-content\/uploads\/2018\/06\/Wolpertinger-Nachrichten-2018_6.pdf\" target=\"_blank\" rel=\"noopener noreferrer\">Wolpertinger Nachrichten\u00a0\u00a0\u00a0 6\u00a0\u00a0 2018<\/a><\/p>\n<p><a href=\"http:\/\/www.wolpertingersfc.de\/wp-content\/uploads\/2018\/03\/Wolpertinger-Nachrichten-2018_3.pdf\" target=\"_blank\" rel=\"noopener noreferrer\">Wolpertinger Nachrichten\u00a0\u00a0\u00a0 3\u00a0\u00a0 2018<\/a><\/p>\n<p><a href=\"http:\/\/www.wolpertingersfc.de\/wp-content\/uploads\/2017\/05\/Wolpertinger-Nachrichten-2017_11.pdf\" target=\"_blank\" rel=\"noopener noreferrer\">Wolpertinger_Nachrichten_11_2017<\/a><\/p>\n<p><a href=\"http:\/\/www.wolpertingersfc.de\/wp-content\/uploads\/2017\/05\/Wolpertinger-Nachrichten-2017_3.pdf\" target=\"_blank\" rel=\"noopener noreferrer\">Wolpertinger_Nachrichten_3_2017<\/a><\/p>\n<p><a href=\"http:\/\/www.wolpertingersfc.de\/wp-content\/uploads\/2017\/05\/Wolpertinger_Nachrichten_1_2016.pdf\" target=\"_blank\" rel=\"noopener noreferrer\">Wolpertinger_Nachrichten_3_2016<\/a><\/p>\n<p><a href=\"http:\/\/www.wolpertingersfc.de\/wp-content\/uploads\/2017\/05\/Wolpertinger_Nachrichten_2_2015.pdf\">Wolpertinger_Nachrichten_11_2015<\/a><\/p>\n<p><a href=\"http:\/\/www.wolpertingersfc.de\/wp-content\/uploads\/2017\/05\/Wolpertinger_Nachrichten_1_2015.pdf\">Wolpertinger_Nachrichten_4_2015<\/a><\/p>\n<p><a href=\"http:\/\/www.wolpertingersfc.de\/wp-content\/uploads\/2017\/05\/Wolpertinger_Nachrichten_1_2014.pdf\">Wolpertinger_Nachrichten_11_2014<\/a><\/p>\n<p><a href=\"http:\/\/www.wolpertingersfc.de\/wp-content\/uploads\/2017\/05\/Wolpertinger_Nachrichten_2_2013.pdf\">Wolpertinger_Nachrichten_11_2013<\/a><\/p>\n<p><a href=\"http:\/\/www.wolpertingersfc.de\/wp-content\/uploads\/2017\/05\/Wolpertinger_Nachrichten_1_2013.pdf\">Wolpertinger_Nachrichten_4_2013<\/a><\/p>\n<p><a href=\"http:\/\/www.wolpertingersfc.de\/wp-content\/uploads\/2017\/05\/Wolpertinger_Nachrichten_2_2012.pdf\">Wolpertinger_Nachrichten_7_2012<\/a><\/p>\n<p><a href=\"http:\/\/www.wolpertingersfc.de\/wp-content\/uploads\/2017\/05\/Wolpertinger_Nachrichten_1_2012.pdf\">Wolpertinger_Nachrichten_4_2012<\/a><\/p>\n<p><a href=\"http:\/\/www.wolpertingersfc.de\/wp-content\/uploads\/2017\/05\/Wolpertinger_Nachrichten_2_2011.pdf\">Wolpertinger_Nachrichten_11_2011<\/a><\/p>\n<p><a href=\"http:\/\/www.wolpertingersfc.de\/wp-content\/uploads\/2017\/05\/Wolpertinger_Nachrichten_1_2011.pdf\">Wolpertinger_Nachrichten_3_2011<\/a><\/p>\n<p><a href=\"http:\/\/www.wolpertingersfc.de\/wp-content\/uploads\/2017\/05\/Wolpertinger_Nachrichten_3_2010.pdf\">Wolpertinger_Nachrichten_11_2010<\/a><\/p>\n<p><a href=\"http:\/\/www.wolpertingersfc.de\/wp-content\/uploads\/2017\/05\/Wolpertinger_Nachrichten_1_2010.pdf\">Wolpertinger_Nachrichten_3_2010<\/a><\/p>\n<p><a href=\"http:\/\/www.wolpertingersfc.de\/wp-content\/uploads\/2017\/05\/Wolpertinger_Nachrichten_3_2009.pdf\">Wolpertinger_Nachrichten_11_2009<\/a><\/p>\n<p><a href=\"http:\/\/www.wolpertingersfc.de\/wp-content\/uploads\/2017\/05\/Wolpertinger_Nachrichten_2_2009.pdf\">Wolpertinger_Nachrichten_6_2009<\/a><\/p>\n<p><a href=\"http:\/\/www.wolpertingersfc.de\/wp-content\/uploads\/2017\/05\/Wolpertinger_Nachrichten_1_2009.pdf\">Wolpertinger_Nachrichten_4_2009<\/a><\/p>\n<p><a href=\"http:\/\/www.wolpertingersfc.de\/wp-content\/uploads\/2017\/05\/Wolpertinger_Nachrichten_4_2008.pdf\">Wolpertinger_Nachrichten_11_2008<\/a><\/p>\n","protected":false},"excerpt":{"rendered":"<p>Wolpertinger Nachrichten 03 2026 Wolpertinger Nachrichten 12 2025 Wolpertinger Nachrichten 11 2025 Wolpertinger Nachrichten 07 2025 Wolpertinger Nachrichten 04 2025_Festwochenende Wolpertinger Nachrichten 03 2025 Wolpertinger Nachrichten 11 2024 Wolpertinger Nachrichten 06 2024 Wolpertinger Nachrichten 03 2024 Wolpertinger Nachrichten 11 2023 Wolpertinger Nachrichten 06 2023 Wolpertinger Nachrichten 03 2023 Wolpertinger Nachrichten 12 2022 Wolpertinger Nachrichten 11 &hellip; <a href=\"http:\/\/www.wolpertingersfc.de\/?page_id=495\" class=\"more-link\"><span class=\"screen-reader-text\">Wolpertinger Nachrichten<\/span> weiterlesen<\/a><\/p>\n","protected":false},"author":1,"featured_media":0,"parent":55,"menu_order":0,"comment_status":"closed","ping_status":"closed","template":"","meta":{"jetpack_post_was_ever_published":false,"_mc_calendar":[],"footnotes":""},"class_list":["post-495","page","type-page","status-publish","hentry"],"jetpack_sharing_enabled":true,"jetpack_shortlink":"https:\/\/wp.me\/P8FTYK-7Z","jetpack-related-posts":[{"id":55,"url":"http:\/\/www.wolpertingersfc.de\/?page_id=55","url_meta":{"origin":495,"position":0},"title":"Download","author":"Wolpertingersfc","date":"22. April 2017","format":false,"excerpt":"Wolpertinger Nachrichten Allgemeines Vereinssatzung Wolpertinger Vereinsordnung Wolpertinger_Aufnahmeformular Events \u00a0\u00a0\u00a0\u00a0 Gemarkungswanderung 2017 \u00a0\u00a0\u00a0\u00a0\u00a0\u00a0\u00a0\u00a0\u00a0 GPS-Tracks","rel":"","context":"\u00c4hnlicher Beitrag","block_context":{"text":"\u00c4hnlicher Beitrag","link":""},"img":{"alt_text":"","src":"","width":0,"height":0},"classes":[]},{"id":54,"url":"http:\/\/www.wolpertingersfc.de\/?page_id=54","url_meta":{"origin":495,"position":1},"title":"Story","author":"Wolpertingersfc","date":"22. April 2017","format":false,"excerpt":"Die Wolpertinger-Story: Im Herbst 1983 unternahmen einige Kajakfahrer aus G\u00f6nningen und Umgebung mehrere Ausfahrten. Diese Gruppe beschloss bald darauf, einen Verein zu gr\u00fcnden, und zwar keinen reinen Kajakverein, sondern einen vielseitigen Sport- und Freizeitverein.Der passende Name wurde dann w\u00e4hrend einer Wochenendausfahrt ins Allg\u00e4u gefunden. Dort sah man in einer Gastwirtschaft\u2026","rel":"","context":"\u00c4hnlicher Beitrag","block_context":{"text":"\u00c4hnlicher Beitrag","link":""},"img":{"alt_text":"","src":"https:\/\/i0.wp.com\/www.wolpertingersfc.de\/wp-content\/uploads\/2017\/04\/Schallweg_Wolpertinger-e1508947619347-188x300.png?resize=350%2C200","width":350,"height":200},"classes":[]},{"id":522,"url":"http:\/\/www.wolpertingersfc.de\/?page_id=522","url_meta":{"origin":495,"position":2},"title":"Vorstand und Team","author":"Wolpertingersfc","date":"20. Mai 2017","format":false,"excerpt":"Aktivit\u00e4ten \u00a0\u00a0 Vorstand und Team\u00a0\u00a0\u00a0 Mitglied werden\u00a0\u00a0\u00a0 Vereinsinventar Vorstand und Organisationsteam sorgen zusammen mit dem Team f\u00fcr die Organisation des Vereins und den reibungslosen Ablauf der vielf\u00e4ltigen Aktivit\u00e4ten. Vorstand: Klaus-Dieter Modrow 1. Vorstand Undinger Stra\u00dfe 20 72820 Sonnenb\u00fchl-Genkingen Tel. 0 71 28 \/ 28 80 E-Mail: klaus-dieter.modrow(at)wolpertingersfc.de Die Kontakte der\u2026","rel":"","context":"\u00c4hnlicher Beitrag","block_context":{"text":"\u00c4hnlicher Beitrag","link":""},"img":{"alt_text":"","src":"https:\/\/i0.wp.com\/www.wolpertingersfc.de\/wp-content\/uploads\/2018\/03\/20180304_125250-e1521581377826.jpg?resize=350%2C200","width":350,"height":200,"srcset":"https:\/\/i0.wp.com\/www.wolpertingersfc.de\/wp-content\/uploads\/2018\/03\/20180304_125250-e1521581377826.jpg?resize=350%2C200 1x, https:\/\/i0.wp.com\/www.wolpertingersfc.de\/wp-content\/uploads\/2018\/03\/20180304_125250-e1521581377826.jpg?resize=525%2C300 1.5x, https:\/\/i0.wp.com\/www.wolpertingersfc.de\/wp-content\/uploads\/2018\/03\/20180304_125250-e1521581377826.jpg?resize=700%2C400 2x, https:\/\/i0.wp.com\/www.wolpertingersfc.de\/wp-content\/uploads\/2018\/03\/20180304_125250-e1521581377826.jpg?resize=1050%2C600 3x"},"classes":[]},{"id":405,"url":"http:\/\/www.wolpertingersfc.de\/?page_id=405","url_meta":{"origin":495,"position":3},"title":"Termine","author":"Wolpertingersfc","date":"19. Mai 2017","format":false,"excerpt":"\u00a0 Regelm\u00e4\u00dfige Termine: Wolpertinger Nachrichten Erscheinen am : 15. M\u00e4rz, 15. Juni und 15. November Der Redaktionsschluss ist jeweils am 1. dieser Monate. Wandern Jeden Mittwoch gegen Ende des Monats findet eine Wanderung statt. Zeit: 14:00 bis ca. 19:00 Kontakt: Ute und Gerold Bross, E-Mail: Gerold.Bross@wolpertingersfc.de Fitnessgymnastik (Koordination \/ Kondition\u2026","rel":"","context":"\u00c4hnlicher Beitrag","block_context":{"text":"\u00c4hnlicher Beitrag","link":""},"img":{"alt_text":"","src":"","width":0,"height":0},"classes":[]},{"id":51,"url":"http:\/\/www.wolpertingersfc.de\/?page_id=51","url_meta":{"origin":495,"position":4},"title":"\u00dcber uns","author":"Wolpertingersfc","date":"22. April 2017","format":false,"excerpt":"Aktivit\u00e4ten \u00a0\u00a0 Vorstand und Team\u00a0\u00a0\u00a0 Mitglied werden\u00a0\u00a0\u00a0 Vereinsinventar Wir sind ein Sport- und Freizeitclub in G\u00f6nningen f\u00fcr Leute, bei denen der Spa\u00df an der Bewegung und das gemeinsame Erleben im Vordergrund stehen. Der Sport- und Freizeitclub lebt vom Mitmachen und wir freuen uns \u00fcber alle, die sich gerne aktiv in\u2026","rel":"","context":"\u00c4hnlicher Beitrag","block_context":{"text":"\u00c4hnlicher Beitrag","link":""},"img":{"alt_text":"","src":"","width":0,"height":0},"classes":[]},{"id":489,"url":"http:\/\/www.wolpertingersfc.de\/?page_id=489","url_meta":{"origin":495,"position":5},"title":"Mitglied werden","author":"Wolpertingersfc","date":"20. Mai 2017","format":false,"excerpt":"Aktivit\u00e4ten \u00a0\u00a0 Vorstand und Team\u00a0\u00a0\u00a0 Mitglied werden\u00a0\u00a0\u00a0 Vereinsinventar So werdet Ihr Mitglied beim Wolpertinger Sport- und Freizeitclub e.V.: Wolpertinger_Aufnahmeformular ausf\u00fcllen und senden an: Karin Haap Mitgliederverwaltung Tel. 0 74 73 \/ 63 33 E-Mail: karin.haap(at)wolpertingersfc.de In der Wolpertinger Vereinsordnung findet Ihr die Mitgliedsbeitr\u00e4ge. in der Vereinssatzung stehen die Grundlagen f\u00fcr\u2026","rel":"","context":"\u00c4hnlicher Beitrag","block_context":{"text":"\u00c4hnlicher Beitrag","link":""},"img":{"alt_text":"","src":"","width":0,"height":0},"classes":[]}],"_links":{"self":[{"href":"http:\/\/www.wolpertingersfc.de\/index.php?rest_route=\/wp\/v2\/pages\/495","targetHints":{"allow":["GET"]}}],"collection":[{"href":"http:\/\/www.wolpertingersfc.de\/index.php?rest_route=\/wp\/v2\/pages"}],"about":[{"href":"http:\/\/www.wolpertingersfc.de\/index.php?rest_route=\/wp\/v2\/types\/page"}],"author":[{"embeddable":true,"href":"http:\/\/www.wolpertingersfc.de\/index.php?rest_route=\/wp\/v2\/users\/1"}],"replies":[{"embeddable":true,"href":"http:\/\/www.wolpertingersfc.de\/index.php?rest_route=%2Fwp%2Fv2%2Fcomments&post=495"}],"version-history":[{"count":56,"href":"http:\/\/www.wolpertingersfc.de\/index.php?rest_route=\/wp\/v2\/pages\/495\/revisions"}],"predecessor-version":[{"id":3815,"href":"http:\/\/www.wolpertingersfc.de\/index.php?rest_route=\/wp\/v2\/pages\/495\/revisions\/3815"}],"up":[{"embeddable":true,"href":"http:\/\/www.wolpertingersfc.de\/index.php?rest_route=\/wp\/v2\/pages\/55"}],"wp:attachment":[{"href":"http:\/\/www.wolpertingersfc.de\/index.php?rest_route=%2Fwp%2Fv2%2Fmedia&parent=495"}],"curies":[{"name":"wp","href":"https:\/\/api.w.org\/{rel}","templated":true}]}}