{"id":489,"date":"2017-05-20T21:16:11","date_gmt":"2017-05-20T19:16:11","guid":{"rendered":"http:\/\/www.wolpertingersfc.de\/?page_id=489"},"modified":"2025-03-25T17:59:31","modified_gmt":"2025-03-25T16:59:31","slug":"mitglied-werden","status":"publish","type":"page","link":"http:\/\/www.wolpertingersfc.de\/?page_id=489","title":{"rendered":"Mitglied werden"},"content":{"rendered":"<p><a href=\"http:\/\/www.wolpertingersfc.de\/?page_id=557\">Aktivit\u00e4ten<\/a> \u00a0\u00a0 <a href=\"http:\/\/www.wolpertingersfc.de\/?page_id=522\">Vorstand und Team<\/a>\u00a0\u00a0\u00a0 <a href=\"http:\/\/www.wolpertingersfc.de\/?page_id=489\">Mitglied werden<\/a>\u00a0\u00a0\u00a0 <a href=\"http:\/\/www.wolpertingersfc.de\/?page_id=559\">Vereinsinventar<\/a><\/p>\n<p>So werdet Ihr Mitglied beim Wolpertinger Sport- und Freizeitclub e.V.:<\/p>\n<p><a href=\"http:\/\/www.wolpertingersfc.de\/wp-content\/uploads\/2025\/03\/Wolpertinger_Aufnahmeformular_2025-03-25.pdf\" target=\"_blank\" rel=\"noopener\">Wolpertinger_Aufnahmeformular<\/a> ausf\u00fcllen und senden an:<\/p>\n<p>Karin Haap<br \/>\nMitgliederverwaltung<br \/>\nTel. 0 74 73 \/ 63 33<br \/>\nE-Mail:<br \/>\nkarin.haap(at)wolpertingersfc.de<\/p>\n<p>In der <a href=\"http:\/\/www.wolpertingersfc.de\/wp-content\/uploads\/2025\/03\/Wolpertinger-Vereinsordnung-2023-01-01.pdf\" target=\"_blank\" rel=\"noopener\">Wolpertinger Vereinsordnung<\/a> findet Ihr die Mitgliedsbeitr\u00e4ge.<\/p>\n<p>in der <a href=\"http:\/\/www.wolpertingersfc.de\/wp-content\/uploads\/2017\/05\/Wolpertinger_Satzung.pdf\" target=\"_blank\" rel=\"noopener noreferrer\">Vereinssatzung<\/a> stehen die Grundlagen f\u00fcr die Mitgliedschaft.<\/p>\n<p>&nbsp;<\/p>\n<p>&nbsp;<\/p>\n<p>&nbsp;<\/p>\n<p>&nbsp;<\/p>\n","protected":false},"excerpt":{"rendered":"<p>Aktivit\u00e4ten \u00a0\u00a0 Vorstand und Team\u00a0\u00a0\u00a0 Mitglied werden\u00a0\u00a0\u00a0 Vereinsinventar So werdet Ihr Mitglied beim Wolpertinger Sport- und Freizeitclub e.V.: Wolpertinger_Aufnahmeformular ausf\u00fcllen und senden an: Karin Haap Mitgliederverwaltung Tel. 0 74 73 \/ 63 33 E-Mail: karin.haap(at)wolpertingersfc.de In der Wolpertinger Vereinsordnung findet Ihr die Mitgliedsbeitr\u00e4ge. in der Vereinssatzung stehen die Grundlagen f\u00fcr die Mitgliedschaft. &nbsp; &nbsp; &nbsp; &hellip; <a href=\"http:\/\/www.wolpertingersfc.de\/?page_id=489\" class=\"more-link\"><span class=\"screen-reader-text\">Mitglied werden<\/span> weiterlesen<\/a><\/p>\n","protected":false},"author":1,"featured_media":0,"parent":51,"menu_order":0,"comment_status":"closed","ping_status":"closed","template":"","meta":{"jetpack_post_was_ever_published":false,"_mc_calendar":[],"footnotes":""},"class_list":["post-489","page","type-page","status-publish","hentry"],"jetpack_sharing_enabled":true,"jetpack_shortlink":"https:\/\/wp.me\/P8FTYK-7T","jetpack-related-posts":[{"id":51,"url":"http:\/\/www.wolpertingersfc.de\/?page_id=51","url_meta":{"origin":489,"position":0},"title":"\u00dcber uns","author":"Wolpertingersfc","date":"22. April 2017","format":false,"excerpt":"Aktivit\u00e4ten \u00a0\u00a0 Vorstand und Team\u00a0\u00a0\u00a0 Mitglied werden\u00a0\u00a0\u00a0 Vereinsinventar Wir sind ein Sport- und Freizeitclub in G\u00f6nningen f\u00fcr Leute, bei denen der Spa\u00df an der Bewegung und das gemeinsame Erleben im Vordergrund stehen. Der Sport- und Freizeitclub lebt vom Mitmachen und wir freuen uns \u00fcber alle, die sich gerne aktiv in\u2026","rel":"","context":"\u00c4hnlicher Beitrag","block_context":{"text":"\u00c4hnlicher Beitrag","link":""},"img":{"alt_text":"","src":"","width":0,"height":0},"classes":[]},{"id":557,"url":"http:\/\/www.wolpertingersfc.de\/?page_id=557","url_meta":{"origin":489,"position":1},"title":"Aktivit\u00e4ten","author":"Wolpertingersfc","date":"20. Mai 2017","format":false,"excerpt":"Aktivit\u00e4ten \u00a0\u00a0 Vorstand und Team\u00a0\u00a0\u00a0 Mitglied werden\u00a0\u00a0\u00a0 Vereinsinventar \u00a0 In sieben Abteilungen werden vielf\u00e4ltige Sport- und Freizeitaktivit\u00e4ten angeboten. Neben den regelm\u00e4\u00dfigen w\u00f6chentlichen Trainings und Kursen gibt es je nach Abteilung mehrere Ausfahrten. Traditionell wandern die Wolpertinger am Dreik\u00f6nigstag. Die Wolpertinger beteiligen sich regelm\u00e4\u00dfig an den G\u00f6nninger Veranstaltungen wie Sommerfest und\u2026","rel":"","context":"\u00c4hnlicher Beitrag","block_context":{"text":"\u00c4hnlicher Beitrag","link":""},"img":{"alt_text":"","src":"","width":0,"height":0},"classes":[]},{"id":54,"url":"http:\/\/www.wolpertingersfc.de\/?page_id=54","url_meta":{"origin":489,"position":2},"title":"Story","author":"Wolpertingersfc","date":"22. April 2017","format":false,"excerpt":"Die Wolpertinger-Story: Im Herbst 1983 unternahmen einige Kajakfahrer aus G\u00f6nningen und Umgebung mehrere Ausfahrten. Diese Gruppe beschloss bald darauf, einen Verein zu gr\u00fcnden, und zwar keinen reinen Kajakverein, sondern einen vielseitigen Sport- und Freizeitverein.Der passende Name wurde dann w\u00e4hrend einer Wochenendausfahrt ins Allg\u00e4u gefunden. Dort sah man in einer Gastwirtschaft\u2026","rel":"","context":"\u00c4hnlicher Beitrag","block_context":{"text":"\u00c4hnlicher Beitrag","link":""},"img":{"alt_text":"","src":"https:\/\/i0.wp.com\/www.wolpertingersfc.de\/wp-content\/uploads\/2017\/04\/Schallweg_Wolpertinger-e1508947619347-188x300.png?resize=350%2C200","width":350,"height":200},"classes":[]},{"id":522,"url":"http:\/\/www.wolpertingersfc.de\/?page_id=522","url_meta":{"origin":489,"position":3},"title":"Vorstand und Team","author":"Wolpertingersfc","date":"20. Mai 2017","format":false,"excerpt":"Aktivit\u00e4ten \u00a0\u00a0 Vorstand und Team\u00a0\u00a0\u00a0 Mitglied werden\u00a0\u00a0\u00a0 Vereinsinventar Vorstand und Organisationsteam sorgen zusammen mit dem Team f\u00fcr die Organisation des Vereins und den reibungslosen Ablauf der vielf\u00e4ltigen Aktivit\u00e4ten. Vorstand: Klaus-Dieter Modrow 1. Vorstand Undinger Stra\u00dfe 20 72820 Sonnenb\u00fchl-Genkingen Tel. 0 71 28 \/ 28 80 E-Mail: klaus-dieter.modrow(at)wolpertingersfc.de Die Kontakte der\u2026","rel":"","context":"\u00c4hnlicher Beitrag","block_context":{"text":"\u00c4hnlicher Beitrag","link":""},"img":{"alt_text":"","src":"https:\/\/i0.wp.com\/www.wolpertingersfc.de\/wp-content\/uploads\/2018\/03\/20180304_125250-e1521581377826.jpg?resize=350%2C200","width":350,"height":200,"srcset":"https:\/\/i0.wp.com\/www.wolpertingersfc.de\/wp-content\/uploads\/2018\/03\/20180304_125250-e1521581377826.jpg?resize=350%2C200 1x, https:\/\/i0.wp.com\/www.wolpertingersfc.de\/wp-content\/uploads\/2018\/03\/20180304_125250-e1521581377826.jpg?resize=525%2C300 1.5x, https:\/\/i0.wp.com\/www.wolpertingersfc.de\/wp-content\/uploads\/2018\/03\/20180304_125250-e1521581377826.jpg?resize=700%2C400 2x, https:\/\/i0.wp.com\/www.wolpertingersfc.de\/wp-content\/uploads\/2018\/03\/20180304_125250-e1521581377826.jpg?resize=1050%2C600 3x"},"classes":[]},{"id":1131,"url":"http:\/\/www.wolpertingersfc.de\/?page_id=1131","url_meta":{"origin":489,"position":4},"title":"Klettern &#8211; Aktivit\u00e4ten","author":"Wolpertingersfc","date":"4. Juli 2017","format":false,"excerpt":"Aktivit\u00e4ten\u00a0\u00a0\u00a0 Galerie\u00a0\u00a0\u00a0 Links Kletternde Wolpertinger findet man in G\u00f6nningen an dem ehemaligen Trafoturm, im Garten des G\u00f6nninger Rosmarinkindergartens (Zugang von der Stra\u00dfe \u201eAuf der Ay\u201c). Dienstags ab 17.00 Uhr findet in den Sommermonaten, d.h. von Ostern bis Oktober (au\u00dfer in den Schulferien) das Klettertraining statt. Der Anf\u00e4ngerkurs beginnt um 17.00\u2026","rel":"","context":"\u00c4hnlicher Beitrag","block_context":{"text":"\u00c4hnlicher Beitrag","link":""},"img":{"alt_text":"","src":"https:\/\/i0.wp.com\/www.wolpertingersfc.de\/wp-content\/uploads\/2017\/07\/Kletterturm_Westansicht_mit_Routen-750x1000.jpg?resize=350%2C200","width":350,"height":200,"srcset":"https:\/\/i0.wp.com\/www.wolpertingersfc.de\/wp-content\/uploads\/2017\/07\/Kletterturm_Westansicht_mit_Routen-750x1000.jpg?resize=350%2C200 1x, https:\/\/i0.wp.com\/www.wolpertingersfc.de\/wp-content\/uploads\/2017\/07\/Kletterturm_Westansicht_mit_Routen-750x1000.jpg?resize=525%2C300 1.5x, https:\/\/i0.wp.com\/www.wolpertingersfc.de\/wp-content\/uploads\/2017\/07\/Kletterturm_Westansicht_mit_Routen-750x1000.jpg?resize=700%2C400 2x"},"classes":[]},{"id":607,"url":"http:\/\/www.wolpertingersfc.de\/?page_id=607","url_meta":{"origin":489,"position":5},"title":"Fan-Artikel","author":"Wolpertingersfc","date":"21. Mai 2017","format":false,"excerpt":"Die Fan-Artikel sind \u00fcber die jeweiligen Abteilungsleiter erh\u00e4ltlich. Wolpertinger-Tasse EUR 2,50 Wolpertinger T-Shirts in bew\u00e4hrter Fruit-of-the-Loom Qualit\u00e4t mit Siebdruck vorne und hinten f\u00fcr jede Abteilung in allen g\u00e4ngigen Gr\u00f6ssen \u00a0 \u00a0 alle Abteilungen marineblau Gr\u00f6\u00dfen: S \/ M \/ L \/ XL \/ XXL EUR xx,xx \u00a0 \u00a0 alle Abteilungen\u2026","rel":"","context":"\u00c4hnlicher Beitrag","block_context":{"text":"\u00c4hnlicher Beitrag","link":""},"img":{"alt_text":"","src":"https:\/\/i0.wp.com\/www.wolpertingersfc.de\/wp-content\/uploads\/2017\/05\/Tasse-300x225.jpg?resize=350%2C200","width":350,"height":200},"classes":[]}],"_links":{"self":[{"href":"http:\/\/www.wolpertingersfc.de\/index.php?rest_route=\/wp\/v2\/pages\/489","targetHints":{"allow":["GET"]}}],"collection":[{"href":"http:\/\/www.wolpertingersfc.de\/index.php?rest_route=\/wp\/v2\/pages"}],"about":[{"href":"http:\/\/www.wolpertingersfc.de\/index.php?rest_route=\/wp\/v2\/types\/page"}],"author":[{"embeddable":true,"href":"http:\/\/www.wolpertingersfc.de\/index.php?rest_route=\/wp\/v2\/users\/1"}],"replies":[{"embeddable":true,"href":"http:\/\/www.wolpertingersfc.de\/index.php?rest_route=%2Fwp%2Fv2%2Fcomments&post=489"}],"version-history":[{"count":37,"href":"http:\/\/www.wolpertingersfc.de\/index.php?rest_route=\/wp\/v2\/pages\/489\/revisions"}],"predecessor-version":[{"id":544,"href":"http:\/\/www.wolpertingersfc.de\/index.php?rest_route=\/wp\/v2\/pages\/489\/revisions\/544"}],"up":[{"embeddable":true,"href":"http:\/\/www.wolpertingersfc.de\/index.php?rest_route=\/wp\/v2\/pages\/51"}],"wp:attachment":[{"href":"http:\/\/www.wolpertingersfc.de\/index.php?rest_route=%2Fwp%2Fv2%2Fmedia&parent=489"}],"curies":[{"name":"wp","href":"https:\/\/api.w.org\/{rel}","templated":true}]}}