{"id":214,"date":"2017-04-25T15:53:08","date_gmt":"2017-04-25T13:53:08","guid":{"rendered":"http:\/\/www.wolpertingersfc.de\/?page_id=214"},"modified":"2019-07-15T11:06:55","modified_gmt":"2019-07-15T09:06:55","slug":"impressum","status":"publish","type":"page","link":"http:\/\/www.wolpertingersfc.de\/?page_id=214","title":{"rendered":"Impressum"},"content":{"rendered":"<p><strong>Angaben gem\u00e4\u00df \u00a7 5 TMG:<br \/>\n<\/strong><br \/>\nWolpertinger Sport- und Freizeitclub e. V.<br \/>\n72770 Reutlingen-G\u00f6nningen<\/p>\n<p>Vertreten durch:<br \/>\nKlaus-Dieter Modrow, Siegfried Randecker (Vorstand)<\/p>\n<p>Kontakt:<br \/>\nTelefon: <span class=\"nr\">0 71 28 28 80<\/span><br \/>\nE-Mail: info@wolpertingersfc.de<\/p>\n<p>Registereintrag:<br \/>\nEintragung im Vereinsregister.<br \/>\nRegistergericht: Amtsgericht Reutlingen<br \/>\nRegisternummer: 622<\/p>\n<p>Verantwortlich f\u00fcr den Inhalt nach \u00a7 55 Abs. 2 RStV:<br \/>\nMartin Hornberger<br \/>\nAm Galgenb\u00fchl 18<br \/>\n72770 Reutlingen<\/p>\n<p><strong>Haftungsausschluss (Disclaimer):<\/strong><\/p>\n<p>Haftung f\u00fcr Inhalte:<br \/>\nAls Diensteanbieter sind wir gem\u00e4\u00df \u00a7 7 Abs.1 TMG f\u00fcr eigene Inhalte auf diesen Seiten nach den allgemeinen<br \/>\nGesetzen verantwortlich. Nach \u00a7\u00a7 8 bis 10 TMG sind wir als Diensteanbieter jedoch nicht verpflichtet,<br \/>\n\u00fcbermittelte oder gespeicherte fremde Informationen zu \u00fcberwachen oder nach Umst\u00e4nden zu forschen, die auf<br \/>\neine rechtswidrige T\u00e4tigkeit hinweisen.<br \/>\nVerpflichtungen zur Entfernung oder Sperrung der Nutzung von Informationen nach den allgemeinen Gesetzen<br \/>\nbleiben hiervon unber\u00fchrt. Eine diesbez\u00fcgliche Haftung ist jedoch erst ab dem Zeitpunkt der Kenntnis einer<br \/>\nkonkreten Rechtsverletzung m\u00f6glich. Bei Bekanntwerden von entsprechenden Rechtsverletzungen werden wir<br \/>\ndiese Inhalte umgehend entfernen.<\/p>\n<p>Haftung f\u00fcr Links:<br \/>\nUnser Angebot enth\u00e4lt Links zu externen Webseiten Dritter, auf deren Inhalte wir keinen Einfluss haben.<br \/>\nDeshalb k\u00f6nnen wir f\u00fcr diese fremden Inhalte auch keine Gew\u00e4hr \u00fcbernehmen. F\u00fcr die Inhalte der verlinkten<br \/>\nSeiten ist stets der jeweilige Anbieter oder Betreiber der Seiten verantwortlich. Die verlinkten Seiten wurden zum<br \/>\nZeitpunkt der Verlinkung auf m\u00f6gliche Rechtsverst\u00f6\u00dfe \u00fcberpr\u00fcft. Rechtswidrige Inhalte waren zum Zeitpunkt der<br \/>\nVerlinkung nicht erkennbar.<br \/>\nEine permanente inhaltliche Kontrolle der verlinkten Seiten ist jedoch ohne konkrete Anhaltspunkte einer<br \/>\nRechtsverletzung nicht zumutbar. Bei Bekanntwerden von Rechtsverletzungen werden wir derartige Links<br \/>\numgehend entfernen.<\/p>\n<p>Urheberrecht:<br \/>\nDie durch die Seitenbetreiber erstellten Inhalte und Werke auf diesen Seiten unterliegen dem deutschen<br \/>\nUrheberrecht. Die Vervielf\u00e4ltigung, Bearbeitung, Verbreitung und jede Art der Verwertung au\u00dferhalb der<br \/>\nGrenzen des Urheberrechtes bed\u00fcrfen der schriftlichen Zustimmung des jeweiligen Autors bzw. Erstellers.<br \/>\nDownloads und Kopien dieser Seite sind nur f\u00fcr den privaten, nicht kommerziellen Gebrauch gestattet.<br \/>\nSoweit die Inhalte auf dieser Seite nicht vom Betreiber erstellt wurden, werden die Urheberrechte Dritter<br \/>\nbeachtet. Insbesondere werden Inhalte Dritter als solche gekennzeichnet. Sollten Sie trotzdem auf eine<br \/>\nUrheberrechtsverletzung aufmerksam werden, bitten wir um einen entsprechenden Hinweis. Bei Bekanntwerden<br \/>\nvon Rechtsverletzungen werden wir derartige Inhalte umgehend entfernen.<\/p>\n<p>Quelle: eRecht24<\/p>\n","protected":false},"excerpt":{"rendered":"<p>Angaben gem\u00e4\u00df \u00a7 5 TMG: Wolpertinger Sport- und Freizeitclub e. V. 72770 Reutlingen-G\u00f6nningen Vertreten durch: Klaus-Dieter Modrow, Siegfried Randecker (Vorstand) Kontakt: Telefon: 0 71 28 28 80 E-Mail: info@wolpertingersfc.de Registereintrag: Eintragung im Vereinsregister. Registergericht: Amtsgericht Reutlingen Registernummer: 622 Verantwortlich f\u00fcr den Inhalt nach \u00a7 55 Abs. 2 RStV: Martin Hornberger Am Galgenb\u00fchl 18 72770 Reutlingen &hellip; <a href=\"http:\/\/www.wolpertingersfc.de\/?page_id=214\" class=\"more-link\"><span class=\"screen-reader-text\">Impressum<\/span> weiterlesen<\/a><\/p>\n","protected":false},"author":1,"featured_media":0,"parent":0,"menu_order":0,"comment_status":"closed","ping_status":"closed","template":"","meta":{"jetpack_post_was_ever_published":false,"_mc_calendar":[],"footnotes":""},"class_list":["post-214","page","type-page","status-publish","hentry"],"jetpack_sharing_enabled":true,"jetpack_shortlink":"https:\/\/wp.me\/P8FTYK-3s","jetpack-related-posts":[{"id":3315,"url":"http:\/\/www.wolpertingersfc.de\/?page_id=3315","url_meta":{"origin":214,"position":0},"title":"Yoga &#8211; Aktivit\u00e4ten","author":"Wolpertingersfc","date":"10. Februar 2020","format":false,"excerpt":"Aktivit\u00e4ten Team Wir bieten zwei Kurse an, die w\u00f6chentlich stattfinden: einen Kurs f\u00fcr Anf\u00e4nger und einen f\u00fcr Fortgeschrittene. \u00a0 Wann und Wo? Dienstags: 17:00 - 18:15 Uhr Anf\u00e4ngerkurs 18:30 - 19:45 Uhr Fortgeschrittenenkurs Ort: Lokschuppen, M\u00fchlwiesenstra\u00dfe 41, 72770 Reutlingen-G\u00f6nningen \u00a0 \u00a0","rel":"","context":"\u00c4hnlicher Beitrag","block_context":{"text":"\u00c4hnlicher Beitrag","link":""},"img":{"alt_text":"","src":"https:\/\/i0.wp.com\/www.wolpertingersfc.de\/wp-content\/uploads\/2020\/02\/IMG_2607-1130x755-e1581852420125.jpg?resize=350%2C200","width":350,"height":200,"srcset":"https:\/\/i0.wp.com\/www.wolpertingersfc.de\/wp-content\/uploads\/2020\/02\/IMG_2607-1130x755-e1581852420125.jpg?resize=350%2C200 1x, https:\/\/i0.wp.com\/www.wolpertingersfc.de\/wp-content\/uploads\/2020\/02\/IMG_2607-1130x755-e1581852420125.jpg?resize=525%2C300 1.5x, https:\/\/i0.wp.com\/www.wolpertingersfc.de\/wp-content\/uploads\/2020\/02\/IMG_2607-1130x755-e1581852420125.jpg?resize=700%2C400 2x, https:\/\/i0.wp.com\/www.wolpertingersfc.de\/wp-content\/uploads\/2020\/02\/IMG_2607-1130x755-e1581852420125.jpg?resize=1050%2C600 3x"},"classes":[]},{"id":522,"url":"http:\/\/www.wolpertingersfc.de\/?page_id=522","url_meta":{"origin":214,"position":1},"title":"Vorstand und Team","author":"Wolpertingersfc","date":"20. Mai 2017","format":false,"excerpt":"Aktivit\u00e4ten \u00a0\u00a0 Vorstand und Team\u00a0\u00a0\u00a0 Mitglied werden\u00a0\u00a0\u00a0 Vereinsinventar Vorstand und Organisationsteam sorgen zusammen mit dem Team f\u00fcr die Organisation des Vereins und den reibungslosen Ablauf der vielf\u00e4ltigen Aktivit\u00e4ten. Vorstand: Klaus-Dieter Modrow 1. Vorstand Undinger Stra\u00dfe 20 72820 Sonnenb\u00fchl-Genkingen Tel. 0 71 28 \/ 28 80 E-Mail: klaus-dieter.modrow(at)wolpertingersfc.de Die Kontakte der\u2026","rel":"","context":"\u00c4hnlicher Beitrag","block_context":{"text":"\u00c4hnlicher Beitrag","link":""},"img":{"alt_text":"","src":"https:\/\/i0.wp.com\/www.wolpertingersfc.de\/wp-content\/uploads\/2018\/03\/20180304_125250-e1521581377826.jpg?resize=350%2C200","width":350,"height":200,"srcset":"https:\/\/i0.wp.com\/www.wolpertingersfc.de\/wp-content\/uploads\/2018\/03\/20180304_125250-e1521581377826.jpg?resize=350%2C200 1x, https:\/\/i0.wp.com\/www.wolpertingersfc.de\/wp-content\/uploads\/2018\/03\/20180304_125250-e1521581377826.jpg?resize=525%2C300 1.5x, https:\/\/i0.wp.com\/www.wolpertingersfc.de\/wp-content\/uploads\/2018\/03\/20180304_125250-e1521581377826.jpg?resize=700%2C400 2x, https:\/\/i0.wp.com\/www.wolpertingersfc.de\/wp-content\/uploads\/2018\/03\/20180304_125250-e1521581377826.jpg?resize=1050%2C600 3x"},"classes":[]},{"id":50,"url":"http:\/\/www.wolpertingersfc.de\/?page_id=50","url_meta":{"origin":214,"position":2},"title":"Tauchen","author":"Wolpertingersfc","date":"22. April 2017","format":false,"excerpt":"Aktivit\u00e4ten\u00a0\u00a0\u00a0 Team\u00a0\u00a0\u00a0 Galerie \u00a0\u00a0 Links Ansprechpartner: Hartmut Hauser Abteilungsleiter E-Mail: hartmut.hauser(at)wolpertingersfc.de Unsere Tauchabteilung besteht aus ca. 50 Tauchern, vorwiegend aus dem Raum Reutlingen \/ M\u00f6ssingen \/ T\u00fcbingen und wir haben ganzj\u00e4hrig eine Trainingsm\u00f6glichkeit in einem Bad. Wir sind in unserem Bundesverband Verband Deutscher Sporttaucher (VDST) organisiert (www.vdst.de). Innerhalb des Bundesverbandes\u2026","rel":"","context":"\u00c4hnlicher Beitrag","block_context":{"text":"\u00c4hnlicher Beitrag","link":""},"img":{"alt_text":"","src":"https:\/\/i0.wp.com\/www.wolpertingersfc.de\/wp-content\/uploads\/2017\/04\/Hai-e1501664164574.jpg?resize=350%2C200","width":350,"height":200,"srcset":"https:\/\/i0.wp.com\/www.wolpertingersfc.de\/wp-content\/uploads\/2017\/04\/Hai-e1501664164574.jpg?resize=350%2C200 1x, https:\/\/i0.wp.com\/www.wolpertingersfc.de\/wp-content\/uploads\/2017\/04\/Hai-e1501664164574.jpg?resize=525%2C300 1.5x, https:\/\/i0.wp.com\/www.wolpertingersfc.de\/wp-content\/uploads\/2017\/04\/Hai-e1501664164574.jpg?resize=700%2C400 2x, https:\/\/i0.wp.com\/www.wolpertingersfc.de\/wp-content\/uploads\/2017\/04\/Hai-e1501664164574.jpg?resize=1050%2C600 3x"},"classes":[]},{"id":180,"url":"http:\/\/www.wolpertingersfc.de\/?page_id=180","url_meta":{"origin":214,"position":3},"title":"Tauchen &#8211; Links","author":"Wolpertingersfc","date":"24. April 2017","format":false,"excerpt":"Aktivit\u00e4ten\u00a0\u00a0\u00a0\u00a0 Team \u00a0\u00a0\u00a0\u00a0 Galerie\u00a0\u00a0\u00a0\u00a0 Links Delphinschutz-Projekt Kroatien Signalspiegel f\u00fcr \u00c4gypten Neue Arten in Tauchgew\u00e4ssern UnterWasserWelt - UW-Zeitschrift Universal Dive Data Format (UDDF) Reef Check Europe www.riffe.de Aida-deutschland e.V. - Deutscher Fachverband f\u00fcr Apnoe-Sport tauchsport wiki - Wissensdatenbank \u00fcber den Tauchsport tauchsport.net - Tauchsport XL UW-Zeitschrift tauch-sport.net - das tauchsportportal. GT\u00dcM\u2026","rel":"","context":"\u00c4hnlicher Beitrag","block_context":{"text":"\u00c4hnlicher Beitrag","link":""},"img":{"alt_text":"","src":"https:\/\/i0.wp.com\/www.wolpertingersfc.de\/wp-content\/uploads\/2017\/08\/Aktivit%C3%A4t-DSC03574-e1501784895593.jpg?resize=350%2C200","width":350,"height":200},"classes":[]},{"id":167,"url":"http:\/\/www.wolpertingersfc.de\/?page_id=167","url_meta":{"origin":214,"position":4},"title":"Tauchen &#8211; Aktivit\u00e4ten","author":"Wolpertingersfc","date":"24. April 2017","format":false,"excerpt":"Aktivit\u00e4ten\u00a0\u00a0\u00a0\u00a0 Team\u00a0\u00a0\u00a0\u00a0 Galerie\u00a0\u00a0\u00a0\u00a0 Links Training W\u00e4hrend der Freibadsaison findet das w\u00f6chentliche Training samstags von 8.50 Uhr bis 10.30 Uhr im Freibad Markwasen statt. Das Sprungbecken hat ein Tiefe von knapp 5m und eine L\u00e4nge von 25m, ist also ideal zum Ger\u00e4tetauchen oder f\u00fcr Apnoe-\u00dcbungen geeignet. Von Mitte September bis Ende\u2026","rel":"","context":"\u00c4hnlicher Beitrag","block_context":{"text":"\u00c4hnlicher Beitrag","link":""},"img":{"alt_text":"","src":"https:\/\/i0.wp.com\/www.wolpertingersfc.de\/wp-content\/uploads\/2017\/08\/Aktivit%C3%A4t-20170719_080125-e1501785106321.jpg?resize=350%2C200","width":350,"height":200},"classes":[]},{"id":2808,"url":"http:\/\/www.wolpertingersfc.de\/?page_id=2808","url_meta":{"origin":214,"position":5},"title":"Datenschutzerkl\u00e4rung","author":"Wolpertingersfc","date":"27. M\u00e4rz 2019","format":false,"excerpt":"Datenschutzerkl\u00e4rung: Datenschutz: Die Betreiber dieser Seiten nehmen den Schutz Ihrer pers\u00f6nlichen Daten sehr ernst. Wir behandeln Ihre personenbezogenen Daten vertraulich und entsprechend der gesetzlichen Datenschutzvorschriften sowie dieser Datenschutzerkl\u00e4rung. Die Nutzung unserer Webseite ist in der Regel ohne Angabe personenbezogener Daten m\u00f6glich. Soweit auf unseren Seiten personenbezogene Daten (beispielsweise Name, Anschrift\u2026","rel":"","context":"\u00c4hnlicher Beitrag","block_context":{"text":"\u00c4hnlicher Beitrag","link":""},"img":{"alt_text":"","src":"","width":0,"height":0},"classes":[]}],"_links":{"self":[{"href":"http:\/\/www.wolpertingersfc.de\/index.php?rest_route=\/wp\/v2\/pages\/214","targetHints":{"allow":["GET"]}}],"collection":[{"href":"http:\/\/www.wolpertingersfc.de\/index.php?rest_route=\/wp\/v2\/pages"}],"about":[{"href":"http:\/\/www.wolpertingersfc.de\/index.php?rest_route=\/wp\/v2\/types\/page"}],"author":[{"embeddable":true,"href":"http:\/\/www.wolpertingersfc.de\/index.php?rest_route=\/wp\/v2\/users\/1"}],"replies":[{"embeddable":true,"href":"http:\/\/www.wolpertingersfc.de\/index.php?rest_route=%2Fwp%2Fv2%2Fcomments&post=214"}],"version-history":[{"count":9,"href":"http:\/\/www.wolpertingersfc.de\/index.php?rest_route=\/wp\/v2\/pages\/214\/revisions"}],"predecessor-version":[{"id":2984,"href":"http:\/\/www.wolpertingersfc.de\/index.php?rest_route=\/wp\/v2\/pages\/214\/revisions\/2984"}],"wp:attachment":[{"href":"http:\/\/www.wolpertingersfc.de\/index.php?rest_route=%2Fwp%2Fv2%2Fmedia&parent=214"}],"curies":[{"name":"wp","href":"https:\/\/api.w.org\/{rel}","templated":true}]}}