{"id":174,"date":"2017-04-24T22:49:00","date_gmt":"2017-04-24T20:49:00","guid":{"rendered":"http:\/\/www.wolpertingersfc.de\/?page_id=174"},"modified":"2019-09-22T18:59:08","modified_gmt":"2019-09-22T16:59:08","slug":"tauchen-team","status":"publish","type":"page","link":"http:\/\/www.wolpertingersfc.de\/?page_id=174","title":{"rendered":"Tauchen &#8211; Team"},"content":{"rendered":"<p><div class='content-column one_third'><div style=\"padding:0px 0px 0px 0px;\"><img data-recalc-dims=\"1\" loading=\"lazy\" decoding=\"async\" data-attachment-id=\"1452\" data-permalink=\"http:\/\/www.wolpertingersfc.de\/?attachment_id=1452\" data-orig-file=\"https:\/\/i0.wp.com\/www.wolpertingersfc.de\/wp-content\/uploads\/2017\/08\/Team-DSC02658-e1501785399983.jpg?fit=257%2C136\" data-orig-size=\"257,136\" data-comments-opened=\"1\" data-image-meta=\"{&quot;aperture&quot;:&quot;8&quot;,&quot;credit&quot;:&quot;&quot;,&quot;camera&quot;:&quot;ILCE-6300&quot;,&quot;caption&quot;:&quot;&quot;,&quot;created_timestamp&quot;:&quot;1457740094&quot;,&quot;copyright&quot;:&quot;&quot;,&quot;focal_length&quot;:&quot;18&quot;,&quot;iso&quot;:&quot;125&quot;,&quot;shutter_speed&quot;:&quot;0.00625&quot;,&quot;title&quot;:&quot;&quot;,&quot;orientation&quot;:&quot;1&quot;}\" data-image-title=\"Team DSC02658\" data-image-description=\"\" data-image-caption=\"\" data-medium-file=\"https:\/\/i0.wp.com\/www.wolpertingersfc.de\/wp-content\/uploads\/2017\/08\/Team-DSC02658-e1501785399983.jpg?fit=300%2C200\" data-large-file=\"https:\/\/i0.wp.com\/www.wolpertingersfc.de\/wp-content\/uploads\/2017\/08\/Team-DSC02658-e1501785399983.jpg?fit=863%2C576\" class=\"alignnone wp-image-1452 size-full\" src=\"https:\/\/i0.wp.com\/www.wolpertingersfc.de\/wp-content\/uploads\/2017\/08\/Team-DSC02658-e1501785399983.jpg?resize=257%2C136\" alt=\"\" width=\"257\" height=\"136\" srcset=\"https:\/\/i0.wp.com\/www.wolpertingersfc.de\/wp-content\/uploads\/2017\/08\/Team-DSC02658-e1501785399983.jpg?w=257 257w, https:\/\/i0.wp.com\/www.wolpertingersfc.de\/wp-content\/uploads\/2017\/08\/Team-DSC02658-e1501785399983.jpg?resize=204%2C108 204w\" sizes=\"auto, (max-width: 257px) 100vw, 257px\" \/><\/div><\/div><div class='content-column one_third'><div style=\"padding:0px 0px 0px 0px;\"><img data-recalc-dims=\"1\" loading=\"lazy\" decoding=\"async\" data-attachment-id=\"1453\" data-permalink=\"http:\/\/www.wolpertingersfc.de\/?attachment_id=1453\" data-orig-file=\"https:\/\/i0.wp.com\/www.wolpertingersfc.de\/wp-content\/uploads\/2017\/08\/Team-IMG_0878-e1501785792199.jpg?fit=257%2C136\" data-orig-size=\"257,136\" data-comments-opened=\"1\" data-image-meta=\"{&quot;aperture&quot;:&quot;2.2&quot;,&quot;credit&quot;:&quot;&quot;,&quot;camera&quot;:&quot;iPhone 5s&quot;,&quot;caption&quot;:&quot;&quot;,&quot;created_timestamp&quot;:&quot;1435940050&quot;,&quot;copyright&quot;:&quot;&quot;,&quot;focal_length&quot;:&quot;4.15&quot;,&quot;iso&quot;:&quot;32&quot;,&quot;shutter_speed&quot;:&quot;0.00090171325518485&quot;,&quot;title&quot;:&quot;&quot;,&quot;orientation&quot;:&quot;1&quot;}\" data-image-title=\"Team IMG_0878\" data-image-description=\"\" data-image-caption=\"\" data-medium-file=\"https:\/\/i0.wp.com\/www.wolpertingersfc.de\/wp-content\/uploads\/2017\/08\/Team-IMG_0878-e1501785792199.jpg?fit=300%2C225\" data-large-file=\"https:\/\/i0.wp.com\/www.wolpertingersfc.de\/wp-content\/uploads\/2017\/08\/Team-IMG_0878-e1501785792199.jpg?fit=863%2C647\" class=\"alignnone wp-image-1453 size-full\" src=\"https:\/\/i0.wp.com\/www.wolpertingersfc.de\/wp-content\/uploads\/2017\/08\/Team-IMG_0878-e1501785792199.jpg?resize=257%2C136\" alt=\"\" width=\"257\" height=\"136\" srcset=\"https:\/\/i0.wp.com\/www.wolpertingersfc.de\/wp-content\/uploads\/2017\/08\/Team-IMG_0878-e1501785792199.jpg?w=257 257w, https:\/\/i0.wp.com\/www.wolpertingersfc.de\/wp-content\/uploads\/2017\/08\/Team-IMG_0878-e1501785792199.jpg?resize=204%2C108 204w\" sizes=\"auto, (max-width: 257px) 100vw, 257px\" \/><\/div><\/div><div class='content-column one_third last_column'><div style=\"padding:0px 0px 0px 0px;\"><img data-recalc-dims=\"1\" loading=\"lazy\" decoding=\"async\" data-attachment-id=\"1451\" data-permalink=\"http:\/\/www.wolpertingersfc.de\/?attachment_id=1451\" data-orig-file=\"https:\/\/i0.wp.com\/www.wolpertingersfc.de\/wp-content\/uploads\/2017\/08\/Team-DSC01915-e1501785712576.jpg?fit=257%2C136\" data-orig-size=\"257,136\" data-comments-opened=\"1\" data-image-meta=\"{&quot;aperture&quot;:&quot;8&quot;,&quot;credit&quot;:&quot;&quot;,&quot;camera&quot;:&quot;ILCE-6300&quot;,&quot;caption&quot;:&quot;&quot;,&quot;created_timestamp&quot;:&quot;1457391420&quot;,&quot;copyright&quot;:&quot;&quot;,&quot;focal_length&quot;:&quot;13&quot;,&quot;iso&quot;:&quot;200&quot;,&quot;shutter_speed&quot;:&quot;0.033333333333333&quot;,&quot;title&quot;:&quot;&quot;,&quot;orientation&quot;:&quot;1&quot;}\" data-image-title=\"Team DSC01915\" data-image-description=\"\" data-image-caption=\"\" data-medium-file=\"https:\/\/i0.wp.com\/www.wolpertingersfc.de\/wp-content\/uploads\/2017\/08\/Team-DSC01915-e1501785712576.jpg?fit=257%2C136\" data-large-file=\"https:\/\/i0.wp.com\/www.wolpertingersfc.de\/wp-content\/uploads\/2017\/08\/Team-DSC01915-e1501785712576.jpg?fit=257%2C136\" class=\"alignnone size-full wp-image-1451\" src=\"https:\/\/i0.wp.com\/www.wolpertingersfc.de\/wp-content\/uploads\/2017\/08\/Team-DSC01915-e1501785712576.jpg?resize=257%2C136\" alt=\"\" width=\"257\" height=\"136\" \/><br \/><\/div><\/div><div class='clear_column'><\/div><br \/>\n<a href=\"http:\/\/www.wolpertingersfc.de\/?page_id=167\">Aktivit\u00e4ten<\/a> \u00a0\u00a0\u00a0 <a href=\"http:\/\/www.wolpertingersfc.de\/?page_id=174\">Team<\/a>\u00a0\u00a0\u00a0\u00a0 <a href=\"http:\/\/www.wolpertingersfc.de\/?page_id=193\">Galerie<\/a>\u00a0\u00a0\u00a0\u00a0 <a href=\"http:\/\/www.wolpertingersfc.de\/?page_id=180\">Links<\/a><\/p>\n<table>\n<tbody>\n<tr align=\"left\" valign=\"top\">\n<td width=\"50%\"><strong><img data-recalc-dims=\"1\" loading=\"lazy\" decoding=\"async\" data-attachment-id=\"776\" data-permalink=\"http:\/\/www.wolpertingersfc.de\/?attachment_id=776\" data-orig-file=\"https:\/\/i0.wp.com\/www.wolpertingersfc.de\/wp-content\/uploads\/2017\/04\/Tauchender_Wolpertinger-150x118.jpg?fit=150%2C118\" data-orig-size=\"150,118\" data-comments-opened=\"1\" data-image-meta=\"{&quot;aperture&quot;:&quot;0&quot;,&quot;credit&quot;:&quot;&quot;,&quot;camera&quot;:&quot;&quot;,&quot;caption&quot;:&quot;&quot;,&quot;created_timestamp&quot;:&quot;1495272649&quot;,&quot;copyright&quot;:&quot;&quot;,&quot;focal_length&quot;:&quot;0&quot;,&quot;iso&quot;:&quot;0&quot;,&quot;shutter_speed&quot;:&quot;0&quot;,&quot;title&quot;:&quot;&quot;,&quot;orientation&quot;:&quot;1&quot;}\" data-image-title=\"Tauchender_Wolpertinger (150&amp;#215;118)\" data-image-description=\"\" data-image-caption=\"\" data-medium-file=\"https:\/\/i0.wp.com\/www.wolpertingersfc.de\/wp-content\/uploads\/2017\/04\/Tauchender_Wolpertinger-150x118.jpg?fit=150%2C118\" data-large-file=\"https:\/\/i0.wp.com\/www.wolpertingersfc.de\/wp-content\/uploads\/2017\/04\/Tauchender_Wolpertinger-150x118.jpg?fit=150%2C118\" class=\"alignnone size-full wp-image-776\" src=\"https:\/\/i0.wp.com\/www.wolpertingersfc.de\/wp-content\/uploads\/2017\/04\/Tauchender_Wolpertinger.jpg?resize=150%2C118\" alt=\"\" width=\"150\" height=\"118\" srcset=\"https:\/\/i0.wp.com\/www.wolpertingersfc.de\/wp-content\/uploads\/2017\/04\/Tauchender_Wolpertinger-150x118.jpg?resize=150%2C118 150w, https:\/\/i0.wp.com\/www.wolpertingersfc.de\/wp-content\/uploads\/2017\/04\/Tauchender_Wolpertinger-150x118.jpg?resize=137%2C108 137w\" sizes=\"auto, (max-width: 150px) 100vw, 150px\" \/><\/strong><\/td>\n<td valign=\"bottom\" width=\"15%\">\u00a0<strong>Unsere Ausbilder:<\/strong><\/td>\n<td width=\"20%\"><\/td>\n<\/tr>\n<tr align=\"left\" valign=\"top\">\n<td style=\"padding: 0% 2% 0 0;\" width=\"50%\">Unser Team und viele weitere aktive Mithelfer sorgen daf\u00fcr, dass es in der Aus- und Weiterbildung sowie bei Action und Spa\u00df an nichts fehlt.<\/td>\n<td>Gerhard Gauger<br \/>\nTauchlehrer (TL**)<br \/>\nE-Mail:<br \/>\n<a href=\"mailto:gerhard.gauger@wolpertingersfc.de\">gerhard.gauger(at)wolpertingersfc.de<\/a><\/td>\n<td valign=\"top\"><img data-recalc-dims=\"1\" loading=\"lazy\" decoding=\"async\" data-attachment-id=\"1397\" data-permalink=\"http:\/\/www.wolpertingersfc.de\/?attachment_id=1397\" data-orig-file=\"https:\/\/i0.wp.com\/www.wolpertingersfc.de\/wp-content\/uploads\/2017\/07\/Gerhard-S%C3%BCdafrika-2017-3-e1500282688651.jpg?fit=214%2C297\" data-orig-size=\"214,297\" data-comments-opened=\"1\" data-image-meta=\"{&quot;aperture&quot;:&quot;0&quot;,&quot;credit&quot;:&quot;&quot;,&quot;camera&quot;:&quot;&quot;,&quot;caption&quot;:&quot;&quot;,&quot;created_timestamp&quot;:&quot;1489261843&quot;,&quot;copyright&quot;:&quot;&quot;,&quot;focal_length&quot;:&quot;0&quot;,&quot;iso&quot;:&quot;0&quot;,&quot;shutter_speed&quot;:&quot;0&quot;,&quot;title&quot;:&quot;&quot;,&quot;orientation&quot;:&quot;1&quot;}\" data-image-title=\"Gerhard S\u00fcdafrika 2017 3\" data-image-description=\"\" data-image-caption=\"\" data-medium-file=\"https:\/\/i0.wp.com\/www.wolpertingersfc.de\/wp-content\/uploads\/2017\/07\/Gerhard-S%C3%BCdafrika-2017-3-e1500282688651.jpg?fit=225%2C300\" data-large-file=\"https:\/\/i0.wp.com\/www.wolpertingersfc.de\/wp-content\/uploads\/2017\/07\/Gerhard-S%C3%BCdafrika-2017-3-e1500282688651.jpg?fit=214%2C297\" class=\"wp-image-1397 alignright\" src=\"https:\/\/i0.wp.com\/www.wolpertingersfc.de\/wp-content\/uploads\/2017\/07\/Gerhard-S%C3%BCdafrika-2017-3-e1500282688651.jpg?resize=100%2C139\" alt=\"\" width=\"100\" height=\"139\" srcset=\"https:\/\/i0.wp.com\/www.wolpertingersfc.de\/wp-content\/uploads\/2017\/07\/Gerhard-S%C3%BCdafrika-2017-3-e1500282688651.jpg?w=214 214w, https:\/\/i0.wp.com\/www.wolpertingersfc.de\/wp-content\/uploads\/2017\/07\/Gerhard-S%C3%BCdafrika-2017-3-e1500282688651.jpg?resize=78%2C108 78w\" sizes=\"auto, (max-width: 100px) 100vw, 100px\" \/><\/td>\n<\/tr>\n<tr align=\"left\" valign=\"top\">\n<td><\/td>\n<td>Roman Weitmann<br \/>\nTauchlehrer (TL**)<br \/>\nE-Mail:<br \/>\n<a href=\"mailto:roman.weitmann@wolpertingersfc.de\"> roman.weitmann(at)wolpertingersfc.de<\/a><\/td>\n<td valign=\"top\"><img data-recalc-dims=\"1\" loading=\"lazy\" decoding=\"async\" data-attachment-id=\"341\" data-permalink=\"http:\/\/www.wolpertingersfc.de\/?attachment_id=341\" data-orig-file=\"https:\/\/i0.wp.com\/www.wolpertingersfc.de\/wp-content\/uploads\/2017\/04\/Roman.jpg?fit=98%2C140\" data-orig-size=\"98,140\" data-comments-opened=\"1\" data-image-meta=\"{&quot;aperture&quot;:&quot;5.6&quot;,&quot;credit&quot;:&quot;&quot;,&quot;camera&quot;:&quot;DMC-FX35&quot;,&quot;caption&quot;:&quot;&quot;,&quot;created_timestamp&quot;:&quot;1340986239&quot;,&quot;copyright&quot;:&quot;&quot;,&quot;focal_length&quot;:&quot;17.6&quot;,&quot;iso&quot;:&quot;160&quot;,&quot;shutter_speed&quot;:&quot;0.008&quot;,&quot;title&quot;:&quot;&quot;,&quot;orientation&quot;:&quot;1&quot;}\" data-image-title=\"Roman\" data-image-description=\"\" data-image-caption=\"\" data-medium-file=\"https:\/\/i0.wp.com\/www.wolpertingersfc.de\/wp-content\/uploads\/2017\/04\/Roman.jpg?fit=98%2C140\" data-large-file=\"https:\/\/i0.wp.com\/www.wolpertingersfc.de\/wp-content\/uploads\/2017\/04\/Roman.jpg?fit=98%2C140\" class=\"alignright wp-image-341\" src=\"https:\/\/i0.wp.com\/www.wolpertingersfc.de\/wp-content\/uploads\/2017\/04\/Roman.jpg?resize=100%2C143\" alt=\"\" width=\"100\" height=\"143\" srcset=\"https:\/\/i0.wp.com\/www.wolpertingersfc.de\/wp-content\/uploads\/2017\/04\/Roman.jpg?w=98 98w, https:\/\/i0.wp.com\/www.wolpertingersfc.de\/wp-content\/uploads\/2017\/04\/Roman.jpg?resize=76%2C108 76w\" sizes=\"auto, (max-width: 100px) 100vw, 100px\" \/><\/td>\n<\/tr>\n<tr align=\"left\" valign=\"top\">\n<td><\/td>\n<td>Hartmut Hauser<br \/>\nTrainer C<br \/>\nE-Mail:<br \/>\n<a href=\"mailto:hartmut.hauser@wolpertingersfc.de\">hartmut.hauser(at)wolpertingersfc.de<\/a><\/td>\n<td valign=\"top\"><img data-recalc-dims=\"1\" loading=\"lazy\" decoding=\"async\" data-attachment-id=\"1398\" data-permalink=\"http:\/\/www.wolpertingersfc.de\/?attachment_id=1398\" data-orig-file=\"https:\/\/i0.wp.com\/www.wolpertingersfc.de\/wp-content\/uploads\/2017\/07\/Hartmut.jpg?fit=263%2C364\" data-orig-size=\"263,364\" data-comments-opened=\"1\" data-image-meta=\"{&quot;aperture&quot;:&quot;0&quot;,&quot;credit&quot;:&quot;&quot;,&quot;camera&quot;:&quot;&quot;,&quot;caption&quot;:&quot;&quot;,&quot;created_timestamp&quot;:&quot;0&quot;,&quot;copyright&quot;:&quot;&quot;,&quot;focal_length&quot;:&quot;0&quot;,&quot;iso&quot;:&quot;0&quot;,&quot;shutter_speed&quot;:&quot;0&quot;,&quot;title&quot;:&quot;&quot;,&quot;orientation&quot;:&quot;0&quot;}\" data-image-title=\"Hartmut\" data-image-description=\"\" data-image-caption=\"\" data-medium-file=\"https:\/\/i0.wp.com\/www.wolpertingersfc.de\/wp-content\/uploads\/2017\/07\/Hartmut.jpg?fit=217%2C300\" data-large-file=\"https:\/\/i0.wp.com\/www.wolpertingersfc.de\/wp-content\/uploads\/2017\/07\/Hartmut.jpg?fit=263%2C364\" class=\"wp-image-1398 alignright\" src=\"https:\/\/i0.wp.com\/www.wolpertingersfc.de\/wp-content\/uploads\/2017\/07\/Hartmut.jpg?resize=100%2C138\" alt=\"\" width=\"100\" height=\"138\" srcset=\"https:\/\/i0.wp.com\/www.wolpertingersfc.de\/wp-content\/uploads\/2017\/07\/Hartmut.jpg?w=263 263w, https:\/\/i0.wp.com\/www.wolpertingersfc.de\/wp-content\/uploads\/2017\/07\/Hartmut.jpg?resize=217%2C300 217w, https:\/\/i0.wp.com\/www.wolpertingersfc.de\/wp-content\/uploads\/2017\/07\/Hartmut.jpg?resize=78%2C108 78w\" sizes=\"auto, (max-width: 100px) 100vw, 100px\" \/><\/td>\n<\/tr>\n<tr align=\"left\" valign=\"top\">\n<td><\/td>\n<td>Michael Struchholz<br \/>\nTauchlehrer (TL*)<br \/>\nE-Mail:<br \/>\n<a href=\"mailto:michael.struchholz@wolpertingersfc.de\">michael.struchholz(at)wolpertingersfc.de<\/a><\/td>\n<td valign=\"top\"><img data-recalc-dims=\"1\" loading=\"lazy\" decoding=\"async\" data-attachment-id=\"1399\" data-permalink=\"http:\/\/www.wolpertingersfc.de\/?attachment_id=1399\" data-orig-file=\"https:\/\/i0.wp.com\/www.wolpertingersfc.de\/wp-content\/uploads\/2017\/07\/Michael-e1500281908967.jpg?fit=100%2C138\" data-orig-size=\"100,138\" data-comments-opened=\"1\" data-image-meta=\"{&quot;aperture&quot;:&quot;0&quot;,&quot;credit&quot;:&quot;&quot;,&quot;camera&quot;:&quot;&quot;,&quot;caption&quot;:&quot;&quot;,&quot;created_timestamp&quot;:&quot;0&quot;,&quot;copyright&quot;:&quot;&quot;,&quot;focal_length&quot;:&quot;0&quot;,&quot;iso&quot;:&quot;0&quot;,&quot;shutter_speed&quot;:&quot;0&quot;,&quot;title&quot;:&quot;&quot;,&quot;orientation&quot;:&quot;0&quot;}\" data-image-title=\"Michael\" data-image-description=\"\" data-image-caption=\"\" data-medium-file=\"https:\/\/i0.wp.com\/www.wolpertingersfc.de\/wp-content\/uploads\/2017\/07\/Michael-e1500281908967.jpg?fit=217%2C300\" data-large-file=\"https:\/\/i0.wp.com\/www.wolpertingersfc.de\/wp-content\/uploads\/2017\/07\/Michael-e1500281908967.jpg?fit=742%2C1024\" class=\"alignright wp-image-1399\" src=\"https:\/\/i0.wp.com\/www.wolpertingersfc.de\/wp-content\/uploads\/2017\/07\/Michael-e1500281908967.jpg?resize=100%2C138\" alt=\"\" width=\"100\" height=\"138\" \/><\/td>\n<\/tr>\n<tr align=\"left\" valign=\"top\">\n<td><\/td>\n<td>Christian Ei\u00dfler<br \/>\nTrainer C<br \/>\nE-Mail:<br \/>\n<a href=\"mailto:christian.eissler@wolpertingersfc.de\"> christian.eissler(at)wolpertingersfc.de<\/a><\/td>\n<td valign=\"top\"><img data-recalc-dims=\"1\" loading=\"lazy\" decoding=\"async\" data-attachment-id=\"1579\" data-permalink=\"http:\/\/www.wolpertingersfc.de\/?attachment_id=1579\" data-orig-file=\"https:\/\/i0.wp.com\/www.wolpertingersfc.de\/wp-content\/uploads\/2017\/09\/Christian_Eissler-e1505214411860.png?fit=100%2C138\" data-orig-size=\"100,138\" data-comments-opened=\"1\" data-image-meta=\"{&quot;aperture&quot;:&quot;0&quot;,&quot;credit&quot;:&quot;&quot;,&quot;camera&quot;:&quot;&quot;,&quot;caption&quot;:&quot;&quot;,&quot;created_timestamp&quot;:&quot;0&quot;,&quot;copyright&quot;:&quot;&quot;,&quot;focal_length&quot;:&quot;0&quot;,&quot;iso&quot;:&quot;0&quot;,&quot;shutter_speed&quot;:&quot;0&quot;,&quot;title&quot;:&quot;&quot;,&quot;orientation&quot;:&quot;0&quot;}\" data-image-title=\"Christian_Eissler\" data-image-description=\"\" data-image-caption=\"\" data-medium-file=\"https:\/\/i0.wp.com\/www.wolpertingersfc.de\/wp-content\/uploads\/2017\/09\/Christian_Eissler-e1505214411860.png?fit=100%2C138\" data-large-file=\"https:\/\/i0.wp.com\/www.wolpertingersfc.de\/wp-content\/uploads\/2017\/09\/Christian_Eissler-e1505214411860.png?fit=100%2C138\" class=\"alignright wp-image-1579\" src=\"https:\/\/i0.wp.com\/www.wolpertingersfc.de\/wp-content\/uploads\/2017\/09\/Christian_Eissler-e1505214411860.png?resize=100%2C138\" alt=\"\" width=\"100\" height=\"138\" \/><\/td>\n<\/tr>\n<\/tbody>\n<\/table>\n","protected":false},"excerpt":{"rendered":"<p>Aktivit\u00e4ten \u00a0\u00a0\u00a0 Team\u00a0\u00a0\u00a0\u00a0 Galerie\u00a0\u00a0\u00a0\u00a0 Links \u00a0Unsere Ausbilder: Unser Team und viele weitere aktive Mithelfer sorgen daf\u00fcr, dass es in der Aus- und Weiterbildung sowie bei Action und Spa\u00df an nichts fehlt. Gerhard Gauger Tauchlehrer (TL**) E-Mail: gerhard.gauger(at)wolpertingersfc.de Roman Weitmann Tauchlehrer (TL**) E-Mail: roman.weitmann(at)wolpertingersfc.de Hartmut Hauser Trainer C E-Mail: hartmut.hauser(at)wolpertingersfc.de Michael Struchholz Tauchlehrer (TL*) E-Mail: michael.struchholz(at)wolpertingersfc.de &hellip; <a href=\"http:\/\/www.wolpertingersfc.de\/?page_id=174\" class=\"more-link\"><span class=\"screen-reader-text\">Tauchen &#8211; Team<\/span> weiterlesen<\/a><\/p>\n","protected":false},"author":1,"featured_media":0,"parent":0,"menu_order":0,"comment_status":"closed","ping_status":"closed","template":"","meta":{"jetpack_post_was_ever_published":false,"_mc_calendar":[],"footnotes":""},"class_list":["post-174","page","type-page","status-publish","hentry"],"jetpack_sharing_enabled":true,"jetpack_shortlink":"https:\/\/wp.me\/P8FTYK-2O","jetpack-related-posts":[{"id":1323,"url":"http:\/\/www.wolpertingersfc.de\/?page_id=1323","url_meta":{"origin":174,"position":0},"title":"Allgemeinsport &#8211; Team","author":"Wolpertingersfc","date":"9. Juli 2017","format":false,"excerpt":"\u00a0 Aktivit\u00e4ten \u00a0\u00a0 Team \u00a0\u00a0 Galerie \u00a0\u00a0 Links Das Team sorgt f\u00fcr gesundheitsvertr\u00e4gliche Bewegung und lang anhaltenden Spa\u00df an der Bewegung. Frieder Randecker E-Mail: frieder.randecker(at)wolpertingersfc.de","rel":"","context":"\u00c4hnlicher Beitrag","block_context":{"text":"\u00c4hnlicher Beitrag","link":""},"img":{"alt_text":"","src":"https:\/\/i0.wp.com\/www.wolpertingersfc.de\/wp-content\/uploads\/2017\/04\/DSC00579-1188x261.jpg?resize=350%2C200","width":350,"height":200,"srcset":"https:\/\/i0.wp.com\/www.wolpertingersfc.de\/wp-content\/uploads\/2017\/04\/DSC00579-1188x261.jpg?resize=350%2C200 1x, https:\/\/i0.wp.com\/www.wolpertingersfc.de\/wp-content\/uploads\/2017\/04\/DSC00579-1188x261.jpg?resize=525%2C300 1.5x, https:\/\/i0.wp.com\/www.wolpertingersfc.de\/wp-content\/uploads\/2017\/04\/DSC00579-1188x261.jpg?resize=700%2C400 2x, https:\/\/i0.wp.com\/www.wolpertingersfc.de\/wp-content\/uploads\/2017\/04\/DSC00579-1188x261.jpg?resize=1050%2C600 3x"},"classes":[]},{"id":1342,"url":"http:\/\/www.wolpertingersfc.de\/?page_id=1342","url_meta":{"origin":174,"position":1},"title":"Radsport &#8211; Team","author":"Wolpertingersfc","date":"9. Juli 2017","format":false,"excerpt":"Aktivit\u00e4ten\u00a0\u00a0\u00a0 Team\u00a0\u00a0\u00a0 Galerie\u00a0\u00a0\u00a0 Links","rel":"","context":"\u00c4hnlicher Beitrag","block_context":{"text":"\u00c4hnlicher Beitrag","link":""},"img":{"alt_text":"","src":"https:\/\/i0.wp.com\/www.wolpertingersfc.de\/wp-content\/uploads\/2017\/04\/IMAG0025-e1499609523994.jpg?resize=350%2C200","width":350,"height":200,"srcset":"https:\/\/i0.wp.com\/www.wolpertingersfc.de\/wp-content\/uploads\/2017\/04\/IMAG0025-e1499609523994.jpg?resize=350%2C200 1x, https:\/\/i0.wp.com\/www.wolpertingersfc.de\/wp-content\/uploads\/2017\/04\/IMAG0025-e1499609523994.jpg?resize=525%2C300 1.5x, https:\/\/i0.wp.com\/www.wolpertingersfc.de\/wp-content\/uploads\/2017\/04\/IMAG0025-e1499609523994.jpg?resize=700%2C400 2x, https:\/\/i0.wp.com\/www.wolpertingersfc.de\/wp-content\/uploads\/2017\/04\/IMAG0025-e1499609523994.jpg?resize=1050%2C600 3x"},"classes":[]},{"id":3317,"url":"http:\/\/www.wolpertingersfc.de\/?page_id=3317","url_meta":{"origin":174,"position":2},"title":"Yoga &#8211; Team","author":"Wolpertingersfc","date":"10. Februar 2020","format":false,"excerpt":"Aktivit\u00e4ten Team Der Kurs wird geleitet von der Yogalehrerin Gabriele Schrenk","rel":"","context":"\u00c4hnlicher Beitrag","block_context":{"text":"\u00c4hnlicher Beitrag","link":""},"img":{"alt_text":"","src":"https:\/\/i0.wp.com\/www.wolpertingersfc.de\/wp-content\/uploads\/2022\/11\/Gabriele-Schrenk-scaled.jpg?resize=350%2C200","width":350,"height":200,"srcset":"https:\/\/i0.wp.com\/www.wolpertingersfc.de\/wp-content\/uploads\/2022\/11\/Gabriele-Schrenk-scaled.jpg?resize=350%2C200 1x, https:\/\/i0.wp.com\/www.wolpertingersfc.de\/wp-content\/uploads\/2022\/11\/Gabriele-Schrenk-scaled.jpg?resize=525%2C300 1.5x, https:\/\/i0.wp.com\/www.wolpertingersfc.de\/wp-content\/uploads\/2022\/11\/Gabriele-Schrenk-scaled.jpg?resize=700%2C400 2x, https:\/\/i0.wp.com\/www.wolpertingersfc.de\/wp-content\/uploads\/2022\/11\/Gabriele-Schrenk-scaled.jpg?resize=1050%2C600 3x, https:\/\/i0.wp.com\/www.wolpertingersfc.de\/wp-content\/uploads\/2022\/11\/Gabriele-Schrenk-scaled.jpg?resize=1400%2C800 4x"},"classes":[]},{"id":1106,"url":"http:\/\/www.wolpertingersfc.de\/?page_id=1106","url_meta":{"origin":174,"position":3},"title":"Zirkus &#8211; Team","author":"Wolpertingersfc","date":"3. Juli 2017","format":false,"excerpt":"Aktivit\u00e4ten\u00a0\u00a0\u00a0 Team\u00a0\u00a0\u00a0 Galerie\u00a0\u00a0\u00a0 Links Unsere Trainerinnen: Judith Diebermann E-Mail: judith.diebermann(at)wolpertingersfc.de","rel":"","context":"\u00c4hnlicher Beitrag","block_context":{"text":"\u00c4hnlicher Beitrag","link":""},"img":{"alt_text":"","src":"https:\/\/i0.wp.com\/www.wolpertingersfc.de\/wp-content\/uploads\/2017\/04\/Zirkus15-e1499106642859-480x83.jpg?resize=350%2C200","width":350,"height":200,"srcset":"https:\/\/i0.wp.com\/www.wolpertingersfc.de\/wp-content\/uploads\/2017\/04\/Zirkus15-e1499106642859-480x83.jpg?resize=350%2C200 1x, https:\/\/i0.wp.com\/www.wolpertingersfc.de\/wp-content\/uploads\/2017\/04\/Zirkus15-e1499106642859-480x83.jpg?resize=525%2C300 1.5x, https:\/\/i0.wp.com\/www.wolpertingersfc.de\/wp-content\/uploads\/2017\/04\/Zirkus15-e1499106642859-480x83.jpg?resize=700%2C400 2x, https:\/\/i0.wp.com\/www.wolpertingersfc.de\/wp-content\/uploads\/2017\/04\/Zirkus15-e1499106642859-480x83.jpg?resize=1050%2C600 3x"},"classes":[]},{"id":2839,"url":"http:\/\/www.wolpertingersfc.de\/?page_id=2839","url_meta":{"origin":174,"position":4},"title":"Orientalisches Tanzen &#8211; Team","author":"Wolpertingersfc","date":"9. April 2019","format":false,"excerpt":"Aktivit\u00e4ten \u00a0\u00a0 Team Johanna sorgt daf\u00fcr, dass Anf\u00e4ngerinnen Spa\u00df am Orientalischen Tanzen finden und Fortgeschrittene sich weiterentwickeln k\u00f6nnen. Johanna Randecker Tanzlehrerin E-Mail: johanna.randecker(at)wolpertingersfc.de Claudia Randecker-Hornberger Abteilungsleiterin E-Mail: claudia.randecker-hornberger (at)wolpertingersfc.de","rel":"","context":"\u00c4hnlicher Beitrag","block_context":{"text":"\u00c4hnlicher Beitrag","link":""},"img":{"alt_text":"","src":"https:\/\/i0.wp.com\/www.wolpertingersfc.de\/wp-content\/uploads\/2019\/04\/P1060082-2500x1407-e1554796481355.jpg?resize=350%2C200","width":350,"height":200,"srcset":"https:\/\/i0.wp.com\/www.wolpertingersfc.de\/wp-content\/uploads\/2019\/04\/P1060082-2500x1407-e1554796481355.jpg?resize=350%2C200 1x, https:\/\/i0.wp.com\/www.wolpertingersfc.de\/wp-content\/uploads\/2019\/04\/P1060082-2500x1407-e1554796481355.jpg?resize=525%2C300 1.5x, https:\/\/i0.wp.com\/www.wolpertingersfc.de\/wp-content\/uploads\/2019\/04\/P1060082-2500x1407-e1554796481355.jpg?resize=700%2C400 2x, https:\/\/i0.wp.com\/www.wolpertingersfc.de\/wp-content\/uploads\/2019\/04\/P1060082-2500x1407-e1554796481355.jpg?resize=1050%2C600 3x, https:\/\/i0.wp.com\/www.wolpertingersfc.de\/wp-content\/uploads\/2019\/04\/P1060082-2500x1407-e1554796481355.jpg?resize=1400%2C800 4x"},"classes":[]},{"id":522,"url":"http:\/\/www.wolpertingersfc.de\/?page_id=522","url_meta":{"origin":174,"position":5},"title":"Vorstand und Team","author":"Wolpertingersfc","date":"20. Mai 2017","format":false,"excerpt":"Aktivit\u00e4ten \u00a0\u00a0 Vorstand und Team\u00a0\u00a0\u00a0 Mitglied werden\u00a0\u00a0\u00a0 Vereinsinventar Vorstand und Organisationsteam sorgen zusammen mit dem Team f\u00fcr die Organisation des Vereins und den reibungslosen Ablauf der vielf\u00e4ltigen Aktivit\u00e4ten. Vorstand: Klaus-Dieter Modrow 1. Vorstand Undinger Stra\u00dfe 20 72820 Sonnenb\u00fchl-Genkingen Tel. 0 71 28 \/ 28 80 E-Mail: klaus-dieter.modrow(at)wolpertingersfc.de Die Kontakte der\u2026","rel":"","context":"\u00c4hnlicher Beitrag","block_context":{"text":"\u00c4hnlicher Beitrag","link":""},"img":{"alt_text":"","src":"https:\/\/i0.wp.com\/www.wolpertingersfc.de\/wp-content\/uploads\/2018\/03\/20180304_125250-e1521581377826.jpg?resize=350%2C200","width":350,"height":200,"srcset":"https:\/\/i0.wp.com\/www.wolpertingersfc.de\/wp-content\/uploads\/2018\/03\/20180304_125250-e1521581377826.jpg?resize=350%2C200 1x, https:\/\/i0.wp.com\/www.wolpertingersfc.de\/wp-content\/uploads\/2018\/03\/20180304_125250-e1521581377826.jpg?resize=525%2C300 1.5x, https:\/\/i0.wp.com\/www.wolpertingersfc.de\/wp-content\/uploads\/2018\/03\/20180304_125250-e1521581377826.jpg?resize=700%2C400 2x, https:\/\/i0.wp.com\/www.wolpertingersfc.de\/wp-content\/uploads\/2018\/03\/20180304_125250-e1521581377826.jpg?resize=1050%2C600 3x"},"classes":[]}],"_links":{"self":[{"href":"http:\/\/www.wolpertingersfc.de\/index.php?rest_route=\/wp\/v2\/pages\/174","targetHints":{"allow":["GET"]}}],"collection":[{"href":"http:\/\/www.wolpertingersfc.de\/index.php?rest_route=\/wp\/v2\/pages"}],"about":[{"href":"http:\/\/www.wolpertingersfc.de\/index.php?rest_route=\/wp\/v2\/types\/page"}],"author":[{"embeddable":true,"href":"http:\/\/www.wolpertingersfc.de\/index.php?rest_route=\/wp\/v2\/users\/1"}],"replies":[{"embeddable":true,"href":"http:\/\/www.wolpertingersfc.de\/index.php?rest_route=%2Fwp%2Fv2%2Fcomments&post=174"}],"version-history":[{"count":134,"href":"http:\/\/www.wolpertingersfc.de\/index.php?rest_route=\/wp\/v2\/pages\/174\/revisions"}],"predecessor-version":[{"id":3218,"href":"http:\/\/www.wolpertingersfc.de\/index.php?rest_route=\/wp\/v2\/pages\/174\/revisions\/3218"}],"wp:attachment":[{"href":"http:\/\/www.wolpertingersfc.de\/index.php?rest_route=%2Fwp%2Fv2%2Fmedia&parent=174"}],"curies":[{"name":"wp","href":"https:\/\/api.w.org\/{rel}","templated":true}]}}