{"id":1108,"date":"2017-07-03T20:42:21","date_gmt":"2017-07-03T18:42:21","guid":{"rendered":"http:\/\/www.wolpertingersfc.de\/?page_id=1108"},"modified":"2017-10-25T18:49:23","modified_gmt":"2017-10-25T16:49:23","slug":"zirkus-galerie","status":"publish","type":"page","link":"http:\/\/www.wolpertingersfc.de\/?page_id=1108","title":{"rendered":"Zirkus &#8211; Galerie"},"content":{"rendered":"<table width=\"100%\">\n<tbody>\n<tr>\n<td><img data-recalc-dims=\"1\" loading=\"lazy\" decoding=\"async\" data-attachment-id=\"1098\" data-permalink=\"http:\/\/www.wolpertingersfc.de\/?attachment_id=1098\" data-orig-file=\"https:\/\/i0.wp.com\/www.wolpertingersfc.de\/wp-content\/uploads\/2017\/04\/Zirkus15-e1499106642859.jpg?fit=627%2C109\" data-orig-size=\"627,109\" data-comments-opened=\"1\" data-image-meta=\"{&quot;aperture&quot;:&quot;0&quot;,&quot;credit&quot;:&quot;&quot;,&quot;camera&quot;:&quot;&quot;,&quot;caption&quot;:&quot;&quot;,&quot;created_timestamp&quot;:&quot;0&quot;,&quot;copyright&quot;:&quot;&quot;,&quot;focal_length&quot;:&quot;0&quot;,&quot;iso&quot;:&quot;0&quot;,&quot;shutter_speed&quot;:&quot;0&quot;,&quot;title&quot;:&quot;&quot;,&quot;orientation&quot;:&quot;0&quot;}\" data-image-title=\"Zirkus15\" data-image-description=\"\" data-image-caption=\"\" data-medium-file=\"https:\/\/i0.wp.com\/www.wolpertingersfc.de\/wp-content\/uploads\/2017\/04\/Zirkus15-e1499106642859.jpg?fit=300%2C52\" data-large-file=\"https:\/\/i0.wp.com\/www.wolpertingersfc.de\/wp-content\/uploads\/2017\/04\/Zirkus15-e1499106642859.jpg?fit=627%2C109\" class=\"alignnone wp-image-1098\" src=\"https:\/\/i0.wp.com\/www.wolpertingersfc.de\/wp-content\/uploads\/2017\/04\/Zirkus15-e1499106642859-480x83.jpg?resize=863%2C150\" alt=\"\" width=\"863\" height=\"150\" srcset=\"https:\/\/i0.wp.com\/www.wolpertingersfc.de\/wp-content\/uploads\/2017\/04\/Zirkus15-e1499106642859.jpg?resize=480%2C83 480w, https:\/\/i0.wp.com\/www.wolpertingersfc.de\/wp-content\/uploads\/2017\/04\/Zirkus15-e1499106642859.jpg?resize=300%2C52 300w, https:\/\/i0.wp.com\/www.wolpertingersfc.de\/wp-content\/uploads\/2017\/04\/Zirkus15-e1499106642859.jpg?w=627 627w\" sizes=\"auto, (max-width: 863px) 100vw, 863px\" \/><\/td>\n<\/tr>\n<\/tbody>\n<\/table>\n<p><a href=\"http:\/\/www.wolpertingersfc.de\/?page_id=1100\">Aktivit\u00e4ten<\/a>\u00a0\u00a0\u00a0 <a href=\"http:\/\/www.wolpertingersfc.de\/?page_id=1106\">Team<\/a>\u00a0\u00a0\u00a0 <a href=\"http:\/\/www.wolpertingersfc.de\/?page_id=1108\">Galerie<\/a>\u00a0\u00a0\u00a0 <a href=\"http:\/\/www.wolpertingersfc.de\/?page_id=1110\">Links<\/a><br \/>\n<strong><br \/>\n<img data-recalc-dims=\"1\" loading=\"lazy\" decoding=\"async\" data-attachment-id=\"442\" data-permalink=\"http:\/\/www.wolpertingersfc.de\/?attachment_id=442\" data-orig-file=\"https:\/\/i0.wp.com\/www.wolpertingersfc.de\/wp-content\/uploads\/2017\/05\/Zirkus-e1495264537923.gif?fit=100%2C155\" data-orig-size=\"100,155\" data-comments-opened=\"1\" data-image-meta=\"{&quot;aperture&quot;:&quot;0&quot;,&quot;credit&quot;:&quot;&quot;,&quot;camera&quot;:&quot;&quot;,&quot;caption&quot;:&quot;&quot;,&quot;created_timestamp&quot;:&quot;0&quot;,&quot;copyright&quot;:&quot;&quot;,&quot;focal_length&quot;:&quot;0&quot;,&quot;iso&quot;:&quot;0&quot;,&quot;shutter_speed&quot;:&quot;0&quot;,&quot;title&quot;:&quot;&quot;,&quot;orientation&quot;:&quot;0&quot;}\" data-image-title=\"Zirkus\" data-image-description=\"\" data-image-caption=\"\" data-medium-file=\"https:\/\/i0.wp.com\/www.wolpertingersfc.de\/wp-content\/uploads\/2017\/05\/Zirkus-e1495264537923.gif?fit=194%2C300\" data-large-file=\"https:\/\/i0.wp.com\/www.wolpertingersfc.de\/wp-content\/uploads\/2017\/05\/Zirkus-e1495264537923.gif?fit=100%2C155\" class=\"alignnone wp-image-442 size-full\" src=\"https:\/\/i0.wp.com\/www.wolpertingersfc.de\/wp-content\/uploads\/2017\/05\/Zirkus-e1495264537923.gif?resize=100%2C155\" alt=\"\" width=\"100\" height=\"155\" \/><\/strong><\/p>\n<p><a href=\"http:\/\/www.wolpertingersfc.de\/?page_id=1737\" target=\"_blank\" rel=\"noopener\"><img data-recalc-dims=\"1\" loading=\"lazy\" decoding=\"async\" data-attachment-id=\"1742\" data-permalink=\"http:\/\/www.wolpertingersfc.de\/?attachment_id=1742\" data-orig-file=\"https:\/\/i0.wp.com\/www.wolpertingersfc.de\/wp-content\/uploads\/2017\/10\/Zirkus15-e1508949752986.jpg?fit=425%2C407\" data-orig-size=\"425,407\" data-comments-opened=\"1\" data-image-meta=\"{&quot;aperture&quot;:&quot;0&quot;,&quot;credit&quot;:&quot;&quot;,&quot;camera&quot;:&quot;&quot;,&quot;caption&quot;:&quot;&quot;,&quot;created_timestamp&quot;:&quot;0&quot;,&quot;copyright&quot;:&quot;&quot;,&quot;focal_length&quot;:&quot;0&quot;,&quot;iso&quot;:&quot;0&quot;,&quot;shutter_speed&quot;:&quot;0&quot;,&quot;title&quot;:&quot;&quot;,&quot;orientation&quot;:&quot;0&quot;}\" data-image-title=\"Zirkus15\" data-image-description=\"\" data-image-caption=\"\" data-medium-file=\"https:\/\/i0.wp.com\/www.wolpertingersfc.de\/wp-content\/uploads\/2017\/10\/Zirkus15-e1508949752986.jpg?fit=300%2C287\" data-large-file=\"https:\/\/i0.wp.com\/www.wolpertingersfc.de\/wp-content\/uploads\/2017\/10\/Zirkus15-e1508949752986.jpg?fit=425%2C407\" class=\"alignnone wp-image-1742 size-thumbnail\" src=\"https:\/\/i0.wp.com\/www.wolpertingersfc.de\/wp-content\/uploads\/2017\/10\/Zirkus15.jpg?resize=150%2C150\" alt=\"\" width=\"150\" height=\"150\" \/><\/a><\/p>\n<p><a href=\"http:\/\/www.wolpertingersfc.de\/?page_id=1737\" target=\"_blank\" rel=\"noopener\">Zirkus-Training<\/a><\/p>\n","protected":false},"excerpt":{"rendered":"<p>Aktivit\u00e4ten\u00a0\u00a0\u00a0 Team\u00a0\u00a0\u00a0 Galerie\u00a0\u00a0\u00a0 Links Zirkus-Training<\/p>\n","protected":false},"author":1,"featured_media":0,"parent":79,"menu_order":0,"comment_status":"closed","ping_status":"closed","template":"","meta":{"jetpack_post_was_ever_published":false,"_mc_calendar":[],"footnotes":""},"class_list":["post-1108","page","type-page","status-publish","hentry"],"jetpack_sharing_enabled":true,"jetpack_shortlink":"https:\/\/wp.me\/P8FTYK-hS","jetpack-related-posts":[{"id":1110,"url":"http:\/\/www.wolpertingersfc.de\/?page_id=1110","url_meta":{"origin":1108,"position":0},"title":"Zirkus &#8211; Links","author":"Wolpertingersfc","date":"3. Juli 2017","format":false,"excerpt":"Aktivit\u00e4ten\u00a0\u00a0\u00a0 Team\u00a0\u00a0\u00a0 Galerie \u00a0\u00a0 Links Landesarbeitsgemeinschaft Zirkusk\u00fcnste Baden-W\u00fcrttemberg e.V. (LAG)","rel":"","context":"\u00c4hnlicher Beitrag","block_context":{"text":"\u00c4hnlicher Beitrag","link":""},"img":{"alt_text":"","src":"https:\/\/i0.wp.com\/www.wolpertingersfc.de\/wp-content\/uploads\/2017\/04\/Zirkus15-e1499106642859-480x83.jpg?resize=350%2C200","width":350,"height":200,"srcset":"https:\/\/i0.wp.com\/www.wolpertingersfc.de\/wp-content\/uploads\/2017\/04\/Zirkus15-e1499106642859-480x83.jpg?resize=350%2C200 1x, https:\/\/i0.wp.com\/www.wolpertingersfc.de\/wp-content\/uploads\/2017\/04\/Zirkus15-e1499106642859-480x83.jpg?resize=525%2C300 1.5x, https:\/\/i0.wp.com\/www.wolpertingersfc.de\/wp-content\/uploads\/2017\/04\/Zirkus15-e1499106642859-480x83.jpg?resize=700%2C400 2x, https:\/\/i0.wp.com\/www.wolpertingersfc.de\/wp-content\/uploads\/2017\/04\/Zirkus15-e1499106642859-480x83.jpg?resize=1050%2C600 3x"},"classes":[]},{"id":1106,"url":"http:\/\/www.wolpertingersfc.de\/?page_id=1106","url_meta":{"origin":1108,"position":1},"title":"Zirkus &#8211; Team","author":"Wolpertingersfc","date":"3. Juli 2017","format":false,"excerpt":"Aktivit\u00e4ten\u00a0\u00a0\u00a0 Team\u00a0\u00a0\u00a0 Galerie\u00a0\u00a0\u00a0 Links Unsere Trainerinnen: Judith Diebermann E-Mail: judith.diebermann(at)wolpertingersfc.de","rel":"","context":"\u00c4hnlicher Beitrag","block_context":{"text":"\u00c4hnlicher Beitrag","link":""},"img":{"alt_text":"","src":"https:\/\/i0.wp.com\/www.wolpertingersfc.de\/wp-content\/uploads\/2017\/04\/Zirkus15-e1499106642859-480x83.jpg?resize=350%2C200","width":350,"height":200,"srcset":"https:\/\/i0.wp.com\/www.wolpertingersfc.de\/wp-content\/uploads\/2017\/04\/Zirkus15-e1499106642859-480x83.jpg?resize=350%2C200 1x, https:\/\/i0.wp.com\/www.wolpertingersfc.de\/wp-content\/uploads\/2017\/04\/Zirkus15-e1499106642859-480x83.jpg?resize=525%2C300 1.5x, https:\/\/i0.wp.com\/www.wolpertingersfc.de\/wp-content\/uploads\/2017\/04\/Zirkus15-e1499106642859-480x83.jpg?resize=700%2C400 2x, https:\/\/i0.wp.com\/www.wolpertingersfc.de\/wp-content\/uploads\/2017\/04\/Zirkus15-e1499106642859-480x83.jpg?resize=1050%2C600 3x"},"classes":[]},{"id":1100,"url":"http:\/\/www.wolpertingersfc.de\/?page_id=1100","url_meta":{"origin":1108,"position":2},"title":"Zirkus &#8211; Aktivit\u00e4ten","author":"Wolpertingersfc","date":"3. Juli 2017","format":false,"excerpt":"Aktivit\u00e4ten\u00a0\u00a0\u00a0 Team\u00a0\u00a0\u00a0 Galerie\u00a0\u00a0\u00a0 Links \u00a0 Das Zirkus-Training findet freitags von 16.00 bis 17.30 Uhr in der Turnhalle der G\u00f6nninger Ro\u00dfbergschule statt.","rel":"","context":"\u00c4hnlicher Beitrag","block_context":{"text":"\u00c4hnlicher Beitrag","link":""},"img":{"alt_text":"","src":"https:\/\/i0.wp.com\/www.wolpertingersfc.de\/wp-content\/uploads\/2017\/04\/Zirkus15-e1499106642859-480x83.jpg?resize=350%2C200","width":350,"height":200,"srcset":"https:\/\/i0.wp.com\/www.wolpertingersfc.de\/wp-content\/uploads\/2017\/04\/Zirkus15-e1499106642859-480x83.jpg?resize=350%2C200 1x, https:\/\/i0.wp.com\/www.wolpertingersfc.de\/wp-content\/uploads\/2017\/04\/Zirkus15-e1499106642859-480x83.jpg?resize=525%2C300 1.5x, https:\/\/i0.wp.com\/www.wolpertingersfc.de\/wp-content\/uploads\/2017\/04\/Zirkus15-e1499106642859-480x83.jpg?resize=700%2C400 2x, https:\/\/i0.wp.com\/www.wolpertingersfc.de\/wp-content\/uploads\/2017\/04\/Zirkus15-e1499106642859-480x83.jpg?resize=1050%2C600 3x"},"classes":[]},{"id":79,"url":"http:\/\/www.wolpertingersfc.de\/?page_id=79","url_meta":{"origin":1108,"position":3},"title":"Zirkus","author":"Wolpertingersfc","date":"22. April 2017","format":false,"excerpt":"Aktivit\u00e4ten\u00a0\u00a0\u00a0 Team\u00a0\u00a0\u00a0 Galerie\u00a0\u00a0\u00a0 Links Ansprechpartnerin: Judith Diebermann Abteilungsleiterin E-Mail: judith.diebermann(at)wolpertingersfc.de Jonglage, Feuerzauber, Fakirkunst, Einradfahren, Akrobatik und vieles mehr. Das Zirkusprojekt des Wolpertinger S.F.C. e.V. Mitmachen k\u00f6nnen Kinder ab der ersten Klasse.,, Alle Kinder haben die m\u00e4rchenhafte Kraft, sich in alles zu verwandeln, was immer sie sich w\u00fcnschen.\" (Jean Cocteau)","rel":"","context":"\u00c4hnlicher Beitrag","block_context":{"text":"\u00c4hnlicher Beitrag","link":""},"img":{"alt_text":"","src":"https:\/\/i0.wp.com\/www.wolpertingersfc.de\/wp-content\/uploads\/2017\/04\/Zirkus15-e1499106642859-480x83.jpg?resize=350%2C200","width":350,"height":200,"srcset":"https:\/\/i0.wp.com\/www.wolpertingersfc.de\/wp-content\/uploads\/2017\/04\/Zirkus15-e1499106642859-480x83.jpg?resize=350%2C200 1x, https:\/\/i0.wp.com\/www.wolpertingersfc.de\/wp-content\/uploads\/2017\/04\/Zirkus15-e1499106642859-480x83.jpg?resize=525%2C300 1.5x, https:\/\/i0.wp.com\/www.wolpertingersfc.de\/wp-content\/uploads\/2017\/04\/Zirkus15-e1499106642859-480x83.jpg?resize=700%2C400 2x, https:\/\/i0.wp.com\/www.wolpertingersfc.de\/wp-content\/uploads\/2017\/04\/Zirkus15-e1499106642859-480x83.jpg?resize=1050%2C600 3x"},"classes":[]},{"id":255,"url":"http:\/\/www.wolpertingersfc.de\/?page_id=255","url_meta":{"origin":1108,"position":4},"title":"Tauchen &#8211; Galerie &#8211; Ferienprogramm 2016","author":"Wolpertingersfc","date":"25. April 2017","format":false,"excerpt":"Aktivit\u00e4ten\u00a0\u00a0\u00a0\u00a0 Team\u00a0\u00a0\u00a0\u00a0 Galerie\u00a0\u00a0\u00a0\u00a0 Links","rel":"","context":"\u00c4hnlicher Beitrag","block_context":{"text":"\u00c4hnlicher Beitrag","link":""},"img":{"alt_text":"","src":"https:\/\/i0.wp.com\/www.wolpertingersfc.de\/wp-content\/uploads\/2017\/04\/P1020123-1.jpg?resize=350%2C200","width":350,"height":200,"srcset":"https:\/\/i0.wp.com\/www.wolpertingersfc.de\/wp-content\/uploads\/2017\/04\/P1020123-1.jpg?resize=350%2C200 1x, https:\/\/i0.wp.com\/www.wolpertingersfc.de\/wp-content\/uploads\/2017\/04\/P1020123-1.jpg?resize=525%2C300 1.5x"},"classes":[]},{"id":902,"url":"http:\/\/www.wolpertingersfc.de\/?page_id=902","url_meta":{"origin":1108,"position":5},"title":"Tauchen &#8211; Galerie &#8211; Ferienprogramm 2014","author":"Wolpertingersfc","date":"2. Juli 2017","format":false,"excerpt":"Aktivit\u00e4ten\u00a0\u00a0\u00a0 Team\u00a0 \u00a0 Galerie\u00a0\u00a0\u00a0 Links","rel":"","context":"\u00c4hnlicher Beitrag","block_context":{"text":"\u00c4hnlicher Beitrag","link":""},"img":{"alt_text":"","src":"https:\/\/i0.wp.com\/www.wolpertingersfc.de\/wp-content\/uploads\/2017\/07\/P1020039.jpg?resize=350%2C200","width":350,"height":200,"srcset":"https:\/\/i0.wp.com\/www.wolpertingersfc.de\/wp-content\/uploads\/2017\/07\/P1020039.jpg?resize=350%2C200 1x, https:\/\/i0.wp.com\/www.wolpertingersfc.de\/wp-content\/uploads\/2017\/07\/P1020039.jpg?resize=525%2C300 1.5x"},"classes":[]}],"_links":{"self":[{"href":"http:\/\/www.wolpertingersfc.de\/index.php?rest_route=\/wp\/v2\/pages\/1108","targetHints":{"allow":["GET"]}}],"collection":[{"href":"http:\/\/www.wolpertingersfc.de\/index.php?rest_route=\/wp\/v2\/pages"}],"about":[{"href":"http:\/\/www.wolpertingersfc.de\/index.php?rest_route=\/wp\/v2\/types\/page"}],"author":[{"embeddable":true,"href":"http:\/\/www.wolpertingersfc.de\/index.php?rest_route=\/wp\/v2\/users\/1"}],"replies":[{"embeddable":true,"href":"http:\/\/www.wolpertingersfc.de\/index.php?rest_route=%2Fwp%2Fv2%2Fcomments&post=1108"}],"version-history":[{"count":6,"href":"http:\/\/www.wolpertingersfc.de\/index.php?rest_route=\/wp\/v2\/pages\/1108\/revisions"}],"predecessor-version":[{"id":1751,"href":"http:\/\/www.wolpertingersfc.de\/index.php?rest_route=\/wp\/v2\/pages\/1108\/revisions\/1751"}],"up":[{"embeddable":true,"href":"http:\/\/www.wolpertingersfc.de\/index.php?rest_route=\/wp\/v2\/pages\/79"}],"wp:attachment":[{"href":"http:\/\/www.wolpertingersfc.de\/index.php?rest_route=%2Fwp%2Fv2%2Fmedia&parent=1108"}],"curies":[{"name":"wp","href":"https:\/\/api.w.org\/{rel}","templated":true}]}}