{"id":101,"date":"2017-04-22T18:06:14","date_gmt":"2017-04-22T16:06:14","guid":{"rendered":"http:\/\/www.wolpertingersfc.de\/?page_id=101"},"modified":"2017-10-29T19:26:20","modified_gmt":"2017-10-29T18:26:20","slug":"klettern","status":"publish","type":"page","link":"http:\/\/www.wolpertingersfc.de\/?page_id=101","title":{"rendered":"Klettern"},"content":{"rendered":"<table width=\"100%\">\n<tbody>\n<tr>\n<td><img data-recalc-dims=\"1\" loading=\"lazy\" decoding=\"async\" data-attachment-id=\"1899\" data-permalink=\"http:\/\/www.wolpertingersfc.de\/?attachment_id=1899\" data-orig-file=\"https:\/\/i0.wp.com\/www.wolpertingersfc.de\/wp-content\/uploads\/2017\/04\/Titelbild_Klettern-e1509301500233.jpg?fit=1276%2C226\" data-orig-size=\"1276,226\" data-comments-opened=\"1\" data-image-meta=\"{&quot;aperture&quot;:&quot;0&quot;,&quot;credit&quot;:&quot;&quot;,&quot;camera&quot;:&quot;&quot;,&quot;caption&quot;:&quot;&quot;,&quot;created_timestamp&quot;:&quot;0&quot;,&quot;copyright&quot;:&quot;&quot;,&quot;focal_length&quot;:&quot;0&quot;,&quot;iso&quot;:&quot;0&quot;,&quot;shutter_speed&quot;:&quot;0&quot;,&quot;title&quot;:&quot;&quot;,&quot;orientation&quot;:&quot;0&quot;}\" data-image-title=\"Titelbild_Klettern\" data-image-description=\"\" data-image-caption=\"\" data-medium-file=\"https:\/\/i0.wp.com\/www.wolpertingersfc.de\/wp-content\/uploads\/2017\/04\/Titelbild_Klettern-e1509301500233.jpg?fit=300%2C53\" data-large-file=\"https:\/\/i0.wp.com\/www.wolpertingersfc.de\/wp-content\/uploads\/2017\/04\/Titelbild_Klettern-e1509301500233.jpg?fit=863%2C153\" class=\"alignnone wp-image-1899\" src=\"https:\/\/i0.wp.com\/www.wolpertingersfc.de\/wp-content\/uploads\/2017\/04\/Titelbild_Klettern-e1509301500233.jpg?resize=863%2C153\" alt=\"\" width=\"863\" height=\"153\" srcset=\"https:\/\/i0.wp.com\/www.wolpertingersfc.de\/wp-content\/uploads\/2017\/04\/Titelbild_Klettern-e1509301500233.jpg?w=1276 1276w, https:\/\/i0.wp.com\/www.wolpertingersfc.de\/wp-content\/uploads\/2017\/04\/Titelbild_Klettern-e1509301500233.jpg?resize=300%2C53 300w, https:\/\/i0.wp.com\/www.wolpertingersfc.de\/wp-content\/uploads\/2017\/04\/Titelbild_Klettern-e1509301500233.jpg?resize=768%2C136 768w, https:\/\/i0.wp.com\/www.wolpertingersfc.de\/wp-content\/uploads\/2017\/04\/Titelbild_Klettern-e1509301500233.jpg?resize=1024%2C181 1024w, https:\/\/i0.wp.com\/www.wolpertingersfc.de\/wp-content\/uploads\/2017\/04\/Titelbild_Klettern-e1509301500233.jpg?resize=863%2C153 863w, https:\/\/i0.wp.com\/www.wolpertingersfc.de\/wp-content\/uploads\/2017\/04\/Titelbild_Klettern-e1509301500233.jpg?resize=480%2C85 480w\" sizes=\"auto, (max-width: 863px) 100vw, 863px\" \/><\/td>\n<\/tr>\n<\/tbody>\n<\/table>\n<p><a href=\"http:\/\/www.wolpertingersfc.de\/?page_id=1131\">Aktivit\u00e4ten<\/a> \u00a0 <a href=\"http:\/\/www.wolpertingersfc.de\/?page_id=1135\">Galerie<\/a>\u00a0\u00a0\u00a0 <a href=\"http:\/\/www.wolpertingersfc.de\/?page_id=1137\">Links<\/a><\/p>\n<table>\n<colgroup>\n<col \/>\n<col width=\"50%\" \/>\n<col width=\"130px\" \/> <\/colgroup>\n<tbody>\n<tr align=\"left\" valign=\"top\">\n<td style=\"padding: 0% 20% 0px 0%; float: left; text-align: left;\">\u00a0<img data-recalc-dims=\"1\" loading=\"lazy\" decoding=\"async\" data-attachment-id=\"1048\" data-permalink=\"http:\/\/www.wolpertingersfc.de\/?attachment_id=1048\" data-orig-file=\"https:\/\/i0.wp.com\/www.wolpertingersfc.de\/wp-content\/uploads\/2017\/04\/Kletterdinger.gif?fit=235%2C360\" data-orig-size=\"235,360\" data-comments-opened=\"1\" data-image-meta=\"{&quot;aperture&quot;:&quot;0&quot;,&quot;credit&quot;:&quot;&quot;,&quot;camera&quot;:&quot;&quot;,&quot;caption&quot;:&quot;&quot;,&quot;created_timestamp&quot;:&quot;0&quot;,&quot;copyright&quot;:&quot;&quot;,&quot;focal_length&quot;:&quot;0&quot;,&quot;iso&quot;:&quot;0&quot;,&quot;shutter_speed&quot;:&quot;0&quot;,&quot;title&quot;:&quot;&quot;,&quot;orientation&quot;:&quot;0&quot;}\" data-image-title=\"Kletterdinger\" data-image-description=\"\" data-image-caption=\"\" data-medium-file=\"https:\/\/i0.wp.com\/www.wolpertingersfc.de\/wp-content\/uploads\/2017\/04\/Kletterdinger.gif?fit=196%2C300\" data-large-file=\"https:\/\/i0.wp.com\/www.wolpertingersfc.de\/wp-content\/uploads\/2017\/04\/Kletterdinger.gif?fit=235%2C360\" class=\"alignnone wp-image-1048\" src=\"https:\/\/i0.wp.com\/www.wolpertingersfc.de\/wp-content\/uploads\/2017\/04\/Kletterdinger.gif?resize=100%2C153\" alt=\"\" width=\"100\" height=\"153\" srcset=\"https:\/\/i0.wp.com\/www.wolpertingersfc.de\/wp-content\/uploads\/2017\/04\/Kletterdinger.gif?resize=71%2C108 71w, https:\/\/i0.wp.com\/www.wolpertingersfc.de\/wp-content\/uploads\/2017\/04\/Kletterdinger.gif?resize=196%2C300 196w\" sizes=\"auto, (max-width: 100px) 100vw, 100px\" \/><\/td>\n<td><strong>Ansprechpartner:<\/strong><br \/>\nSiegfried Stehlig<br \/>\nAbteilungsleiter<br \/>\nE-Mail:<br \/>\n<a href=\"mailto:siegfried.stehlig@wolpertingersfc.de\"> siegfried.stehlig(at)wolpertingersfc.de<\/a><\/td>\n<td valign=\"top\"><img data-recalc-dims=\"1\" loading=\"lazy\" decoding=\"async\" data-attachment-id=\"1761\" data-permalink=\"http:\/\/www.wolpertingersfc.de\/?attachment_id=1761\" data-orig-file=\"https:\/\/i0.wp.com\/www.wolpertingersfc.de\/wp-content\/uploads\/2017\/04\/Stehlig-109x138-e1509103154276.jpg?fit=101%2C138\" data-orig-size=\"101,138\" data-comments-opened=\"1\" data-image-meta=\"{&quot;aperture&quot;:&quot;0&quot;,&quot;credit&quot;:&quot;&quot;,&quot;camera&quot;:&quot;&quot;,&quot;caption&quot;:&quot;&quot;,&quot;created_timestamp&quot;:&quot;1509109593&quot;,&quot;copyright&quot;:&quot;&quot;,&quot;focal_length&quot;:&quot;0&quot;,&quot;iso&quot;:&quot;0&quot;,&quot;shutter_speed&quot;:&quot;0&quot;,&quot;title&quot;:&quot;&quot;,&quot;orientation&quot;:&quot;1&quot;}\" data-image-title=\"Stehlig (109&amp;#215;138)\" data-image-description=\"\" data-image-caption=\"\" data-medium-file=\"https:\/\/i0.wp.com\/www.wolpertingersfc.de\/wp-content\/uploads\/2017\/04\/Stehlig-109x138-e1509103154276.jpg?fit=101%2C138\" data-large-file=\"https:\/\/i0.wp.com\/www.wolpertingersfc.de\/wp-content\/uploads\/2017\/04\/Stehlig-109x138-e1509103154276.jpg?fit=101%2C138\" class=\"alignnone size-full wp-image-1761\" src=\"https:\/\/i0.wp.com\/www.wolpertingersfc.de\/wp-content\/uploads\/2017\/04\/Stehlig-109x138-e1509103154276.jpg?resize=101%2C138\" alt=\"\" width=\"101\" height=\"138\" \/><\/td>\n<\/tr>\n<\/tbody>\n<\/table>\n<table>\n<colgroup>\n<col width=\"100%\" \/> <\/colgroup>\n<tbody>\n<tr>\n<td><span style=\"color: black; font-family: Arial,Helvetica,sans-serif; font-size: small;\"><span style=\"font-size: small;\">Trendsport Klettern ist mehr als nur Bewegung: <\/span><\/span><\/p>\n<p><span style=\"font-size: small;\"><em><span style=\"color: black; font-family: Arial,Helvetica,sans-serif;\">Technik, K\u00f6rpergef\u00fchl, Kraft, Koordination, Konzentration, \u00dcberwindung, Verantwortung \u00fcbernehmen, Teamgeist und&#8230;Spa\u00df.<\/span><\/em><\/span><\/p>\n<p><span style=\"color: black; font-family: Arial,Helvetica,sans-serif; font-size: small;\"><span style=\"font-size: small;\">All das kann man bei uns lernen und erleben. Unter fachkundiger Anleitung wird in Kursen das notwendige Know-How erlernt, selbstst\u00e4ndig zu klettern und zu sichern, Touren zu planen und durchzuf\u00fchren. <\/span><\/span><\/p>\n<p><span style=\"color: black; font-family: Arial,Helvetica,sans-serif; font-size: small;\"><span style=\"font-size: small;\">Vorrangig an unserer vereinseigenen Kletteranlage in G\u00f6nningen, aber auch in freier Natur am Albtrauf, im Donautal und in den Alpen. Naturerlebnis, Abenteuer und zufriedene M\u00fcdigkeit garantiert. <\/span><\/span><\/td>\n<\/tr>\n<\/tbody>\n<\/table>\n","protected":false},"excerpt":{"rendered":"<p>Aktivit\u00e4ten \u00a0 Galerie\u00a0\u00a0\u00a0 Links \u00a0 Ansprechpartner: Siegfried Stehlig Abteilungsleiter E-Mail: siegfried.stehlig(at)wolpertingersfc.de Trendsport Klettern ist mehr als nur Bewegung: Technik, K\u00f6rpergef\u00fchl, Kraft, Koordination, Konzentration, \u00dcberwindung, Verantwortung \u00fcbernehmen, Teamgeist und&#8230;Spa\u00df. All das kann man bei uns lernen und erleben. Unter fachkundiger Anleitung wird in Kursen das notwendige Know-How erlernt, selbstst\u00e4ndig zu klettern und zu sichern, Touren zu &hellip; <a href=\"http:\/\/www.wolpertingersfc.de\/?page_id=101\" class=\"more-link\"><span class=\"screen-reader-text\">Klettern<\/span> weiterlesen<\/a><\/p>\n","protected":false},"author":1,"featured_media":0,"parent":0,"menu_order":0,"comment_status":"closed","ping_status":"closed","template":"","meta":{"jetpack_post_was_ever_published":false,"_mc_calendar":[],"footnotes":""},"class_list":["post-101","page","type-page","status-publish","hentry"],"jetpack_sharing_enabled":true,"jetpack_shortlink":"https:\/\/wp.me\/P8FTYK-1D","jetpack-related-posts":[],"_links":{"self":[{"href":"http:\/\/www.wolpertingersfc.de\/index.php?rest_route=\/wp\/v2\/pages\/101","targetHints":{"allow":["GET"]}}],"collection":[{"href":"http:\/\/www.wolpertingersfc.de\/index.php?rest_route=\/wp\/v2\/pages"}],"about":[{"href":"http:\/\/www.wolpertingersfc.de\/index.php?rest_route=\/wp\/v2\/types\/page"}],"author":[{"embeddable":true,"href":"http:\/\/www.wolpertingersfc.de\/index.php?rest_route=\/wp\/v2\/users\/1"}],"replies":[{"embeddable":true,"href":"http:\/\/www.wolpertingersfc.de\/index.php?rest_route=%2Fwp%2Fv2%2Fcomments&post=101"}],"version-history":[{"count":17,"href":"http:\/\/www.wolpertingersfc.de\/index.php?rest_route=\/wp\/v2\/pages\/101\/revisions"}],"predecessor-version":[{"id":1901,"href":"http:\/\/www.wolpertingersfc.de\/index.php?rest_route=\/wp\/v2\/pages\/101\/revisions\/1901"}],"wp:attachment":[{"href":"http:\/\/www.wolpertingersfc.de\/index.php?rest_route=%2Fwp%2Fv2%2Fmedia&parent=101"}],"curies":[{"name":"wp","href":"https:\/\/api.w.org\/{rel}","templated":true}]}}